{"id":10597,"date":"2024-09-17T09:55:14","date_gmt":"2024-09-17T08:55:14","guid":{"rendered":"https:\/\/mon-day.nl\/?post_type=product&#038;p=10597"},"modified":"2026-04-02T15:02:54","modified_gmt":"2026-04-02T14:02:54","slug":"diario-di-chiarimenti-further","status":"publish","type":"product","link":"https:\/\/mon-day.nl\/it\/product\/further-clarity-journal\/","title":{"rendered":"FURTHER \u2013 clarity journal"},"content":{"rendered":"<p>Questo diario ti aiuta a muoverti<em> ulteriore<\/em>e nella direzione dei tuoi sogni e <em>ulteriori<\/em> a chi sei veramente. Contiene quattro domande su cui riflettere ogni mese, concentrandosi su questi argomenti chiave:<\/p>\n<ul>\n<li>Decidere cosa vuoi veramente creare nella tua vita adesso<\/li>\n<li>Sintonizzandoti con i tuoi sogni e desideri pi\u00f9 grandi<\/li>\n<li>Lasciar andare ci\u00f2 che non ti serve pi\u00f9<\/li>\n<li>Concentrati su ci\u00f2 che conta veramente per te<\/li>\n<\/ul>\n<p>You can also use the left-hand pages as a scrapbook. Paste an image from an inspirational magazine, pull an intention card, or write down your thoughts.<\/p>\n<p>You can use this journal in any way that suits you. If you wish to align it with the phases of the moon, you can! Create your own ritual every two weeks, during the full moon and new moon. All the steps (including meditations!) can be found in this journal.<\/p>\n<p>This journal helps you regularly tune in with yourself and gain <span style=\"text-decoration: underline;\">chiarezza<\/span> su ci\u00f2 che vuoi veramente.<\/p>\n<p><strong>Sii felice di ci\u00f2 che hai, mentre lavori per ci\u00f2 che desideri.<\/strong><\/p>\n<p><strong>Sii felice di ci\u00f2 che hai, mentre lavori per ci\u00f2 che desideri.<\/strong><\/p>\n<p>Taal: Engels<br \/>\nPagina&#8217;s: 112<br \/>\nISBN: 9789465111964<\/p>","protected":false},"excerpt":{"rendered":"<p>Questo diario ti aiuta <em>ulteriori<\/em> andare verso i tuoi sogni e avvicinarti a chi sei veramente. Contiene quattro domande a cui riflettere ogni mese, con un focus su questi argomenti importanti:<\/p>\n<ul>\n<li>Decidere cosa vuoi veramente in questo momento<strong> creare<\/strong> nella tua vita<\/li>\n<li>A tuo pi\u00f9 grande <strong>sognare<\/strong> e desideri<\/li>\n<li><strong>Lasciare andare<\/strong> Ci\u00f2 che non ti serve pi\u00f9<\/li>\n<li>Concentrati su ci\u00f2 che \u00e8 veramente <strong>importante<\/strong> per te<\/li>\n<\/ul>\n<p>Je kunt de linkerpagina&#8217;s ook gebruiken als scrapbook. Plak een afbeelding uit een inspirerend tijdschrift, trek een intentiekaart of schrijf je gedachten op.<\/p>\n<p>Deze journal helpt je regelmatig contact te maken met jezelf en<strong> chiarezza<\/strong> ottenere quello che vuoi veramente.<\/p>","protected":false},"featured_media":10872,"comment_status":"open","ping_status":"closed","template":"","meta":{"_exactmetrics_skip_tracking":false,"_exactmetrics_sitenote_active":false,"_exactmetrics_sitenote_note":"","_exactmetrics_sitenote_category":0},"product_brand":[],"product_cat":[263],"product_tag":[265,270,269,149,264,267,182,140,266,268],"class_list":{"0":"post-10597","1":"product","2":"type-product","3":"status-publish","4":"has-post-thumbnail","6":"product_cat-further-journal","7":"product_tag-clarity","8":"product_tag-desires","9":"product_tag-dreams","10":"product_tag-focus","11":"product_tag-further","12":"product_tag-helderheid","13":"product_tag-inspiratie","14":"product_tag-journal","15":"product_tag-journalpractice","16":"product_tag-moon","17":"product_shipping_class-brievenbuspakket","19":"first","20":"instock","21":"taxable","22":"shipping-taxable","23":"purchasable","24":"product-type-simple"},"yoast_head":"<!-- This site is optimized with the Yoast SEO plugin v27.4 - https:\/\/yoast.com\/product\/yoast-seo-wordpress\/ -->\n<title>FURTHER - clarity journal &#8226; Monday<\/title>\n<meta name=\"description\" content=\"This beautiful journal helps you move further in the direction of your dreams and closer to who you truly are. It contains 4 questions to reflect on monthly\" \/>\n<meta name=\"robots\" content=\"index, follow, max-snippet:-1, max-image-preview:large, max-video-preview:-1\" \/>\n<link rel=\"canonical\" href=\"https:\/\/mon-day.nl\/it\/product\/diario-di-chiarimenti-further\/\" \/>\n<meta property=\"og:locale\" content=\"it_IT\" \/>\n<meta property=\"og:type\" content=\"article\" \/>\n<meta property=\"og:title\" content=\"FURTHER - clarity journal &#8226; Monday\" \/>\n<meta property=\"og:description\" content=\"This beautiful journal helps you move further in the direction of your dreams and closer to who you truly are. It contains 4 questions to reflect on monthly\" \/>\n<meta property=\"og:url\" content=\"https:\/\/mon-day.nl\/it\/product\/diario-di-chiarimenti-further\/\" \/>\n<meta property=\"og:site_name\" content=\"Monday\" \/>\n<meta property=\"article:modified_time\" content=\"2026-04-02T14:02:54+00:00\" \/>\n<meta property=\"og:image\" content=\"https:\/\/mon-day.nl\/wp-content\/uploads\/2024\/09\/15.jpg\" \/>\n\t<meta property=\"og:image:width\" content=\"1080\" \/>\n\t<meta property=\"og:image:height\" content=\"1080\" \/>\n\t<meta property=\"og:image:type\" content=\"image\/jpeg\" \/>\n<meta name=\"twitter:card\" content=\"summary_large_image\" \/>\n<meta name=\"twitter:label1\" content=\"Tempo di lettura stimato\" \/>\n\t<meta name=\"twitter:data1\" content=\"2 minuti\" \/>\n<script type=\"application\/ld+json\" class=\"yoast-schema-graph\">{\"@context\":\"https:\\\/\\\/schema.org\",\"@graph\":[{\"@type\":\"WebPage\",\"@id\":\"https:\\\/\\\/mon-day.nl\\\/product\\\/further-clarity-journal\\\/\",\"url\":\"https:\\\/\\\/mon-day.nl\\\/product\\\/further-clarity-journal\\\/\",\"name\":\"FURTHER - clarity journal &#8226; Monday\",\"isPartOf\":{\"@id\":\"https:\\\/\\\/mon-day.nl\\\/#website\"},\"primaryImageOfPage\":{\"@id\":\"https:\\\/\\\/mon-day.nl\\\/product\\\/further-clarity-journal\\\/#primaryimage\"},\"image\":{\"@id\":\"https:\\\/\\\/mon-day.nl\\\/product\\\/further-clarity-journal\\\/#primaryimage\"},\"thumbnailUrl\":\"https:\\\/\\\/mon-day.nl\\\/wp-content\\\/uploads\\\/2024\\\/09\\\/15.jpg\",\"datePublished\":\"2024-09-17T08:55:14+00:00\",\"dateModified\":\"2026-04-02T14:02:54+00:00\",\"description\":\"This beautiful journal helps you move further in the direction of your dreams and closer to who you truly are. It contains 4 questions to reflect on monthly\",\"breadcrumb\":{\"@id\":\"https:\\\/\\\/mon-day.nl\\\/product\\\/further-clarity-journal\\\/#breadcrumb\"},\"inLanguage\":\"it-IT\",\"potentialAction\":[{\"@type\":\"ReadAction\",\"target\":[\"https:\\\/\\\/mon-day.nl\\\/product\\\/further-clarity-journal\\\/\"]}]},{\"@type\":\"ImageObject\",\"inLanguage\":\"it-IT\",\"@id\":\"https:\\\/\\\/mon-day.nl\\\/product\\\/further-clarity-journal\\\/#primaryimage\",\"url\":\"https:\\\/\\\/mon-day.nl\\\/wp-content\\\/uploads\\\/2024\\\/09\\\/15.jpg\",\"contentUrl\":\"https:\\\/\\\/mon-day.nl\\\/wp-content\\\/uploads\\\/2024\\\/09\\\/15.jpg\",\"width\":1080,\"height\":1080},{\"@type\":\"BreadcrumbList\",\"@id\":\"https:\\\/\\\/mon-day.nl\\\/product\\\/further-clarity-journal\\\/#breadcrumb\",\"itemListElement\":[{\"@type\":\"ListItem\",\"position\":1,\"name\":\"Home\",\"item\":\"https:\\\/\\\/mon-day.nl\\\/\"},{\"@type\":\"ListItem\",\"position\":2,\"name\":\"Producten\",\"item\":\"https:\\\/\\\/mon-day.nl\\\/winkel\\\/\"},{\"@type\":\"ListItem\",\"position\":3,\"name\":\"FURTHER &#8211; clarity journal\"}]},{\"@type\":\"WebSite\",\"@id\":\"https:\\\/\\\/mon-day.nl\\\/#website\",\"url\":\"https:\\\/\\\/mon-day.nl\\\/\",\"name\":\"Mon-day.nl\",\"description\":\"Slow down products for daily life\",\"publisher\":{\"@id\":\"https:\\\/\\\/mon-day.nl\\\/#organization\"},\"potentialAction\":[{\"@type\":\"SearchAction\",\"target\":{\"@type\":\"EntryPoint\",\"urlTemplate\":\"https:\\\/\\\/mon-day.nl\\\/?s={search_term_string}\"},\"query-input\":{\"@type\":\"PropertyValueSpecification\",\"valueRequired\":true,\"valueName\":\"search_term_string\"}}],\"inLanguage\":\"it-IT\"},{\"@type\":\"Organization\",\"@id\":\"https:\\\/\\\/mon-day.nl\\\/#organization\",\"name\":\"Monday NL\",\"url\":\"https:\\\/\\\/mon-day.nl\\\/\",\"logo\":{\"@type\":\"ImageObject\",\"inLanguage\":\"it-IT\",\"@id\":\"https:\\\/\\\/mon-day.nl\\\/#\\\/schema\\\/logo\\\/image\\\/\",\"url\":\"https:\\\/\\\/mon-day.nl\\\/wp-content\\\/uploads\\\/2023\\\/05\\\/cropped-Instagram-deel-5-5.jpg\",\"contentUrl\":\"https:\\\/\\\/mon-day.nl\\\/wp-content\\\/uploads\\\/2023\\\/05\\\/cropped-Instagram-deel-5-5.jpg\",\"width\":512,\"height\":512,\"caption\":\"Monday NL\"},\"image\":{\"@id\":\"https:\\\/\\\/mon-day.nl\\\/#\\\/schema\\\/logo\\\/image\\\/\"},\"sameAs\":[\"https:\\\/\\\/www.instagram.com\\\/monday_nl\\\/\"]}]}<\/script>\n<!-- \/ Yoast SEO plugin. -->","yoast_head_json":{"title":"ULTERIORE - journal della chiarezza \u2022 Luned\u00ec","description":"Questo bellissimo diario ti aiuta ad andare pi\u00f9 lontano nella direzione dei tuoi sogni e pi\u00f9 vicino a chi sei veramente. Contiene 4 domande su cui riflettere mensilmente.","robots":{"index":"index","follow":"follow","max-snippet":"max-snippet:-1","max-image-preview":"max-image-preview:large","max-video-preview":"max-video-preview:-1"},"canonical":"https:\/\/mon-day.nl\/it\/product\/diario-di-chiarimenti-further\/","og_locale":"it_IT","og_type":"article","og_title":"FURTHER - clarity journal &#8226; Monday","og_description":"This beautiful journal helps you move further in the direction of your dreams and closer to who you truly are. It contains 4 questions to reflect on monthly","og_url":"https:\/\/mon-day.nl\/it\/product\/diario-di-chiarimenti-further\/","og_site_name":"Monday","article_modified_time":"2026-04-02T14:02:54+00:00","og_image":[{"width":1080,"height":1080,"url":"https:\/\/mon-day.nl\/wp-content\/uploads\/2024\/09\/15.jpg","type":"image\/jpeg"}],"twitter_card":"summary_large_image","twitter_misc":{"Tempo di lettura stimato":"2 minuti"},"schema":{"@context":"https:\/\/schema.org","@graph":[{"@type":"WebPage","@id":"https:\/\/mon-day.nl\/product\/further-clarity-journal\/","url":"https:\/\/mon-day.nl\/product\/further-clarity-journal\/","name":"ULTERIORE - journal della chiarezza \u2022 Luned\u00ec","isPartOf":{"@id":"https:\/\/mon-day.nl\/#website"},"primaryImageOfPage":{"@id":"https:\/\/mon-day.nl\/product\/further-clarity-journal\/#primaryimage"},"image":{"@id":"https:\/\/mon-day.nl\/product\/further-clarity-journal\/#primaryimage"},"thumbnailUrl":"https:\/\/mon-day.nl\/wp-content\/uploads\/2024\/09\/15.jpg","datePublished":"2024-09-17T08:55:14+00:00","dateModified":"2026-04-02T14:02:54+00:00","description":"Questo bellissimo diario ti aiuta ad andare pi\u00f9 lontano nella direzione dei tuoi sogni e pi\u00f9 vicino a chi sei veramente. Contiene 4 domande su cui riflettere mensilmente.","breadcrumb":{"@id":"https:\/\/mon-day.nl\/product\/further-clarity-journal\/#breadcrumb"},"inLanguage":"it-IT","potentialAction":[{"@type":"ReadAction","target":["https:\/\/mon-day.nl\/product\/further-clarity-journal\/"]}]},{"@type":"ImageObject","inLanguage":"it-IT","@id":"https:\/\/mon-day.nl\/product\/further-clarity-journal\/#primaryimage","url":"https:\/\/mon-day.nl\/wp-content\/uploads\/2024\/09\/15.jpg","contentUrl":"https:\/\/mon-day.nl\/wp-content\/uploads\/2024\/09\/15.jpg","width":1080,"height":1080},{"@type":"BreadcrumbList","@id":"https:\/\/mon-day.nl\/product\/further-clarity-journal\/#breadcrumb","itemListElement":[{"@type":"ListItem","position":1,"name":"Home","item":"https:\/\/mon-day.nl\/"},{"@type":"ListItem","position":2,"name":"Producten","item":"https:\/\/mon-day.nl\/winkel\/"},{"@type":"ListItem","position":3,"name":"FURTHER &#8211; clarity journal"}]},{"@type":"WebSite","@id":"https:\/\/mon-day.nl\/#website","url":"https:\/\/mon-day.nl\/","name":"Lun-ed\u00ec.nl","description":"Rallentare i prodotti per la vita quotidiana","publisher":{"@id":"https:\/\/mon-day.nl\/#organization"},"potentialAction":[{"@type":"SearchAction","target":{"@type":"EntryPoint","urlTemplate":"https:\/\/mon-day.nl\/?s={search_term_string}"},"query-input":{"@type":"PropertyValueSpecification","valueRequired":true,"valueName":"search_term_string"}}],"inLanguage":"it-IT"},{"@type":"Organization","@id":"https:\/\/mon-day.nl\/#organization","name":"Luned\u00ec NL","url":"https:\/\/mon-day.nl\/","logo":{"@type":"ImageObject","inLanguage":"it-IT","@id":"https:\/\/mon-day.nl\/#\/schema\/logo\/image\/","url":"https:\/\/mon-day.nl\/wp-content\/uploads\/2023\/05\/cropped-Instagram-deel-5-5.jpg","contentUrl":"https:\/\/mon-day.nl\/wp-content\/uploads\/2023\/05\/cropped-Instagram-deel-5-5.jpg","width":512,"height":512,"caption":"Monday NL"},"image":{"@id":"https:\/\/mon-day.nl\/#\/schema\/logo\/image\/"},"sameAs":["https:\/\/www.instagram.com\/monday_nl\/"]}]}},"jetpack_sharing_enabled":true,"_links":{"self":[{"href":"https:\/\/mon-day.nl\/it\/wp-json\/wp\/v2\/product\/10597","targetHints":{"allow":["GET"]}}],"collection":[{"href":"https:\/\/mon-day.nl\/it\/wp-json\/wp\/v2\/product"}],"about":[{"href":"https:\/\/mon-day.nl\/it\/wp-json\/wp\/v2\/types\/product"}],"replies":[{"embeddable":true,"href":"https:\/\/mon-day.nl\/it\/wp-json\/wp\/v2\/comments?post=10597"}],"wp:featuredmedia":[{"embeddable":true,"href":"https:\/\/mon-day.nl\/it\/wp-json\/wp\/v2\/media\/10872"}],"wp:attachment":[{"href":"https:\/\/mon-day.nl\/it\/wp-json\/wp\/v2\/media?parent=10597"}],"wp:term":[{"taxonomy":"product_brand","embeddable":true,"href":"https:\/\/mon-day.nl\/it\/wp-json\/wp\/v2\/product_brand?post=10597"},{"taxonomy":"product_cat","embeddable":true,"href":"https:\/\/mon-day.nl\/it\/wp-json\/wp\/v2\/product_cat?post=10597"},{"taxonomy":"product_tag","embeddable":true,"href":"https:\/\/mon-day.nl\/it\/wp-json\/wp\/v2\/product_tag?post=10597"}],"curies":[{"name":"wp","href":"https:\/\/api.w.org\/{rel}","templated":true}]}}