{"id":2928,"date":"2021-03-26T09:54:35","date_gmt":"2021-03-26T08:54:35","guid":{"rendered":"https:\/\/mon-day.nl\/?post_type=product&#038;p=2928"},"modified":"2026-03-02T09:49:44","modified_gmt":"2026-03-02T08:49:44","slug":"ralentir-le-carddeck","status":"publish","type":"product","link":"https:\/\/mon-day.nl\/fr\/product\/slow-down-carddeck\/","title":{"rendered":"Slow Down CardDeck"},"content":{"rendered":"<p>Diep van binnen weten we precies wat goed voor ons is. Wat we werkelijk willen. Waar we naar verlangen.<\/p>\n<p>Maar in deze snelle wereld is het soms lastig die connectie met jezelf te voelen. Te vertrouwen op datgene wat je hart je ingeeft. Deze inspiratie kaarten helpen je inzichten te geven, zodat je meer aandacht &amp; focus kunt geven aan wat voor jou op dat moment belangrijk is.<\/p>\n<h6>Les origines du jeu de cartes Slow Down<\/h6>\n<p>Le jeu de cartes MONDAY Slow Down est bas\u00e9 sur l'\u00e9quilibre entre le yin et le yang, les phases de la lune et les \u00e9l\u00e9ments de la nature. Par cons\u00e9quent, les 44 cartes magnifiquement con\u00e7ues \u00e9tablissent un bel \u00e9quilibre entre l'action et le repos, la confiance et le l\u00e2cher-prise, ainsi que l'immobilit\u00e9 et le mouvement. La d\u00e9cision de concevoir le jeu de cartes Slow Down en anglais a \u00e9t\u00e9 prise en toute connaissance de cause, car la langue anglaise permet d'interpr\u00e9ter plus facilement les intentions \u00e0 sa mani\u00e8re.<\/p>\n<h6>Comment utilisez-vous le jeu de cartes ?<\/h6>\n<p>Vous \u00eates totalement libre d'utiliser les cartes \u00e0 votre guise : Vous pouvez poser une question, dans votre esprit ou \u00e0 voix haute, fixer une intention pour votre journ\u00e9e ou votre semaine ou tirer une carte au hasard lorsque vous vous sentez bloqu\u00e9.<\/p>\n<p><em>Croyez que le message de la carte que vous choisissez intuitivement sera toujours opportun pour vous.<\/em><\/p>\n<p>Questions \u00e0 poser, par exemple, lors de l'utilisation du jeu de cartes LUNDI Ralentir :<\/p>\n<ul>\n<li>Quelle est mon intention pour cette semaine ou ce jour ?<\/li>\n<li>Sur quoi puis-je me concentrer cette semaine ?<\/li>\n<li>Quelle est la prochaine \u00e9tape \u00e0 franchir ?<\/li>\n<li>De quoi puis-je me d\u00e9faire ?<\/li>\n<\/ul>\n<h6><strong style=\"font-family: -apple-system, BlinkMacSystemFont, 'Segoe UI', Roboto, 'Helvetica Neue', Arial, 'Noto Sans', sans-serif, 'Apple Color Emoji', 'Segoe UI Emoji', 'Segoe UI Symbol', 'Noto Color Emoji';\">Qu'est-ce que l'utilisation des cartes de ralentissement vous apporte ?<\/strong><\/h6>\n<p>Door de Slow Down cards ben je beter in staat keuzes te maken. Je kunt \u00e9cht intunen op wat voor jou op dat moment de juiste actie (of rust) is. Laat deze intentiekaarten \u00a0je helpen de connectie met jezelf te vinden in het dagelijkse leven, zodat jij leeft vanuit een plek van vrijheid &amp; flow.<\/p>\n<p>Heb je het als cadeautje nodig? Zet het in de opmerkingen, dan pakken we het voor je in.<\/p>\n<p>Levertijd: 2-3 werkdagen.<\/p>\n<div style=\"width: 800px;\" class=\"wp-video\"><video class=\"wp-video-shortcode\" id=\"video-2928-1\" width=\"800\" height=\"1422\" preload=\"metadata\" controls=\"controls\"><source type=\"video\/mp4\" src=\"https:\/\/mon-day.nl\/wp-content\/uploads\/2021\/03\/Copy-of-Copy-of-Copy-of-Copy-of-White-Minimalist-Moment-Daily-Quote-Instagram-Reels.mp4?_=1\" \/><a href=\"https:\/\/mon-day.nl\/wp-content\/uploads\/2021\/03\/Copy-of-Copy-of-Copy-of-Copy-of-White-Minimalist-Moment-Daily-Quote-Instagram-Reels.mp4\">https:\/\/mon-day.nl\/wp-content\/uploads\/2021\/03\/Copy-of-Copy-of-Copy-of-Copy-of-White-Minimalist-Moment-Daily-Quote-Instagram-Reels.mp4<\/a><\/video><\/div>\n<p>&nbsp;<\/p>","protected":false},"excerpt":{"rendered":"<p>Le jeu de cartes Slow Down du lundi contient 44 cartes d'inspiration inspir\u00e9es par la nature et une carte d'instructions. Cette derni\u00e8re explique comment utiliser les cartes Slow Down et les transposer dans votre vie quotidienne. Vous recevrez les cartes dans une bo\u00eete en carton solide avec couvercle.<\/p>","protected":false},"featured_media":12309,"comment_status":"open","ping_status":"closed","template":"","meta":{"_exactmetrics_skip_tracking":false,"_exactmetrics_sitenote_active":false,"_exactmetrics_sitenote_note":"","_exactmetrics_sitenote_category":0},"product_brand":[],"product_cat":[179],"product_tag":[181,180,149,182,143],"class_list":{"0":"post-2928","1":"product","2":"type-product","3":"status-publish","4":"has-post-thumbnail","6":"product_cat-carddeck","7":"product_tag-aandacht","8":"product_tag-carddeck","9":"product_tag-focus","10":"product_tag-inspiratie","11":"product_tag-slowdown","13":"first","14":"instock","15":"taxable","16":"shipping-taxable","17":"purchasable","18":"product-type-simple"},"yoast_head":"<!-- This site is optimized with the Yoast SEO plugin v27.4 - https:\/\/yoast.com\/product\/yoast-seo-wordpress\/ -->\n<title>Slow Down CardDeck &#8226; Monday<\/title>\n<meta name=\"description\" content=\"44 inspiratie &amp; intentiekaarten voor dagelijks gebruik en het maken van heldere keuzes die \u00e9cht bij je passen.\" \/>\n<meta name=\"robots\" content=\"index, follow, max-snippet:-1, max-image-preview:large, max-video-preview:-1\" \/>\n<link rel=\"canonical\" href=\"https:\/\/mon-day.nl\/fr\/product\/ralentir-le-carddeck\/\" \/>\n<meta property=\"og:locale\" content=\"fr_FR\" \/>\n<meta property=\"og:type\" content=\"article\" \/>\n<meta property=\"og:title\" content=\"Slow Down CardDeck &#8226; Monday\" \/>\n<meta property=\"og:description\" content=\"44 inspiratie &amp; intentiekaarten voor dagelijks gebruik en het maken van heldere keuzes die \u00e9cht bij je passen.\" \/>\n<meta property=\"og:url\" content=\"https:\/\/mon-day.nl\/fr\/product\/ralentir-le-carddeck\/\" \/>\n<meta property=\"og:site_name\" content=\"Monday\" \/>\n<meta property=\"article:modified_time\" content=\"2026-03-02T08:49:44+00:00\" \/>\n<meta property=\"og:image\" content=\"https:\/\/mon-day.nl\/wp-content\/uploads\/2021\/03\/Instagram-deel-5-1080-x-1440-px-LinkedIn-Carousel.jpg\" \/>\n\t<meta property=\"og:image:width\" content=\"1200\" \/>\n\t<meta property=\"og:image:height\" content=\"1500\" \/>\n\t<meta property=\"og:image:type\" content=\"image\/jpeg\" \/>\n<meta name=\"twitter:card\" content=\"summary_large_image\" \/>\n<meta name=\"twitter:label1\" content=\"Dur\u00e9e de lecture estim\u00e9e\" \/>\n\t<meta name=\"twitter:data1\" content=\"2 minutes\" \/>\n<script type=\"application\/ld+json\" class=\"yoast-schema-graph\">{\"@context\":\"https:\\\/\\\/schema.org\",\"@graph\":[{\"@type\":\"WebPage\",\"@id\":\"https:\\\/\\\/mon-day.nl\\\/product\\\/slow-down-carddeck\\\/\",\"url\":\"https:\\\/\\\/mon-day.nl\\\/product\\\/slow-down-carddeck\\\/\",\"name\":\"Slow Down CardDeck &#8226; Monday\",\"isPartOf\":{\"@id\":\"https:\\\/\\\/mon-day.nl\\\/#website\"},\"primaryImageOfPage\":{\"@id\":\"https:\\\/\\\/mon-day.nl\\\/product\\\/slow-down-carddeck\\\/#primaryimage\"},\"image\":{\"@id\":\"https:\\\/\\\/mon-day.nl\\\/product\\\/slow-down-carddeck\\\/#primaryimage\"},\"thumbnailUrl\":\"https:\\\/\\\/mon-day.nl\\\/wp-content\\\/uploads\\\/2021\\\/03\\\/Instagram-deel-5-1080-x-1440-px-LinkedIn-Carousel.jpg\",\"datePublished\":\"2021-03-26T08:54:35+00:00\",\"dateModified\":\"2026-03-02T08:49:44+00:00\",\"description\":\"44 inspiratie & intentiekaarten voor dagelijks gebruik en het maken van heldere keuzes die \u00e9cht bij je passen.\",\"breadcrumb\":{\"@id\":\"https:\\\/\\\/mon-day.nl\\\/product\\\/slow-down-carddeck\\\/#breadcrumb\"},\"inLanguage\":\"fr-FR\",\"potentialAction\":[{\"@type\":\"ReadAction\",\"target\":[\"https:\\\/\\\/mon-day.nl\\\/product\\\/slow-down-carddeck\\\/\"]}]},{\"@type\":\"ImageObject\",\"inLanguage\":\"fr-FR\",\"@id\":\"https:\\\/\\\/mon-day.nl\\\/product\\\/slow-down-carddeck\\\/#primaryimage\",\"url\":\"https:\\\/\\\/mon-day.nl\\\/wp-content\\\/uploads\\\/2021\\\/03\\\/Instagram-deel-5-1080-x-1440-px-LinkedIn-Carousel.jpg\",\"contentUrl\":\"https:\\\/\\\/mon-day.nl\\\/wp-content\\\/uploads\\\/2021\\\/03\\\/Instagram-deel-5-1080-x-1440-px-LinkedIn-Carousel.jpg\",\"width\":1200,\"height\":1500},{\"@type\":\"BreadcrumbList\",\"@id\":\"https:\\\/\\\/mon-day.nl\\\/product\\\/slow-down-carddeck\\\/#breadcrumb\",\"itemListElement\":[{\"@type\":\"ListItem\",\"position\":1,\"name\":\"Home\",\"item\":\"https:\\\/\\\/mon-day.nl\\\/\"},{\"@type\":\"ListItem\",\"position\":2,\"name\":\"Producten\",\"item\":\"https:\\\/\\\/mon-day.nl\\\/winkel\\\/\"},{\"@type\":\"ListItem\",\"position\":3,\"name\":\"Slow Down CardDeck\"}]},{\"@type\":\"WebSite\",\"@id\":\"https:\\\/\\\/mon-day.nl\\\/#website\",\"url\":\"https:\\\/\\\/mon-day.nl\\\/\",\"name\":\"Mon-day.nl\",\"description\":\"Slow down products for daily life\",\"publisher\":{\"@id\":\"https:\\\/\\\/mon-day.nl\\\/#organization\"},\"potentialAction\":[{\"@type\":\"SearchAction\",\"target\":{\"@type\":\"EntryPoint\",\"urlTemplate\":\"https:\\\/\\\/mon-day.nl\\\/?s={search_term_string}\"},\"query-input\":{\"@type\":\"PropertyValueSpecification\",\"valueRequired\":true,\"valueName\":\"search_term_string\"}}],\"inLanguage\":\"fr-FR\"},{\"@type\":\"Organization\",\"@id\":\"https:\\\/\\\/mon-day.nl\\\/#organization\",\"name\":\"Monday NL\",\"url\":\"https:\\\/\\\/mon-day.nl\\\/\",\"logo\":{\"@type\":\"ImageObject\",\"inLanguage\":\"fr-FR\",\"@id\":\"https:\\\/\\\/mon-day.nl\\\/#\\\/schema\\\/logo\\\/image\\\/\",\"url\":\"https:\\\/\\\/mon-day.nl\\\/wp-content\\\/uploads\\\/2023\\\/05\\\/cropped-Instagram-deel-5-5.jpg\",\"contentUrl\":\"https:\\\/\\\/mon-day.nl\\\/wp-content\\\/uploads\\\/2023\\\/05\\\/cropped-Instagram-deel-5-5.jpg\",\"width\":512,\"height\":512,\"caption\":\"Monday NL\"},\"image\":{\"@id\":\"https:\\\/\\\/mon-day.nl\\\/#\\\/schema\\\/logo\\\/image\\\/\"},\"sameAs\":[\"https:\\\/\\\/www.instagram.com\\\/monday_nl\\\/\"]}]}<\/script>\n<!-- \/ Yoast SEO plugin. -->","yoast_head_json":{"title":"Slow Down CardDeck - Lundi","description":"44 cartes d'inspiration et d'intention pour un usage quotidien et pour faire des choix clairs qui vous conviennent vraiment.","robots":{"index":"index","follow":"follow","max-snippet":"max-snippet:-1","max-image-preview":"max-image-preview:large","max-video-preview":"max-video-preview:-1"},"canonical":"https:\/\/mon-day.nl\/fr\/product\/ralentir-le-carddeck\/","og_locale":"fr_FR","og_type":"article","og_title":"Slow Down CardDeck &#8226; Monday","og_description":"44 inspiratie & intentiekaarten voor dagelijks gebruik en het maken van heldere keuzes die \u00e9cht bij je passen.","og_url":"https:\/\/mon-day.nl\/fr\/product\/ralentir-le-carddeck\/","og_site_name":"Monday","article_modified_time":"2026-03-02T08:49:44+00:00","og_image":[{"width":1200,"height":1500,"url":"https:\/\/mon-day.nl\/wp-content\/uploads\/2021\/03\/Instagram-deel-5-1080-x-1440-px-LinkedIn-Carousel.jpg","type":"image\/jpeg"}],"twitter_card":"summary_large_image","twitter_misc":{"Dur\u00e9e de lecture estim\u00e9e":"2 minutes"},"schema":{"@context":"https:\/\/schema.org","@graph":[{"@type":"WebPage","@id":"https:\/\/mon-day.nl\/product\/slow-down-carddeck\/","url":"https:\/\/mon-day.nl\/product\/slow-down-carddeck\/","name":"Slow Down CardDeck - Lundi","isPartOf":{"@id":"https:\/\/mon-day.nl\/#website"},"primaryImageOfPage":{"@id":"https:\/\/mon-day.nl\/product\/slow-down-carddeck\/#primaryimage"},"image":{"@id":"https:\/\/mon-day.nl\/product\/slow-down-carddeck\/#primaryimage"},"thumbnailUrl":"https:\/\/mon-day.nl\/wp-content\/uploads\/2021\/03\/Instagram-deel-5-1080-x-1440-px-LinkedIn-Carousel.jpg","datePublished":"2021-03-26T08:54:35+00:00","dateModified":"2026-03-02T08:49:44+00:00","description":"44 cartes d'inspiration et d'intention pour un usage quotidien et pour faire des choix clairs qui vous conviennent vraiment.","breadcrumb":{"@id":"https:\/\/mon-day.nl\/product\/slow-down-carddeck\/#breadcrumb"},"inLanguage":"fr-FR","potentialAction":[{"@type":"ReadAction","target":["https:\/\/mon-day.nl\/product\/slow-down-carddeck\/"]}]},{"@type":"ImageObject","inLanguage":"fr-FR","@id":"https:\/\/mon-day.nl\/product\/slow-down-carddeck\/#primaryimage","url":"https:\/\/mon-day.nl\/wp-content\/uploads\/2021\/03\/Instagram-deel-5-1080-x-1440-px-LinkedIn-Carousel.jpg","contentUrl":"https:\/\/mon-day.nl\/wp-content\/uploads\/2021\/03\/Instagram-deel-5-1080-x-1440-px-LinkedIn-Carousel.jpg","width":1200,"height":1500},{"@type":"BreadcrumbList","@id":"https:\/\/mon-day.nl\/product\/slow-down-carddeck\/#breadcrumb","itemListElement":[{"@type":"ListItem","position":1,"name":"Home","item":"https:\/\/mon-day.nl\/"},{"@type":"ListItem","position":2,"name":"Producten","item":"https:\/\/mon-day.nl\/winkel\/"},{"@type":"ListItem","position":3,"name":"Slow Down CardDeck"}]},{"@type":"WebSite","@id":"https:\/\/mon-day.nl\/#website","url":"https:\/\/mon-day.nl\/","name":"Mon-day.co.uk","description":"Produits de ralentissement pour la vie quotidienne","publisher":{"@id":"https:\/\/mon-day.nl\/#organization"},"potentialAction":[{"@type":"SearchAction","target":{"@type":"EntryPoint","urlTemplate":"https:\/\/mon-day.nl\/?s={search_term_string}"},"query-input":{"@type":"PropertyValueSpecification","valueRequired":true,"valueName":"search_term_string"}}],"inLanguage":"fr-FR"},{"@type":"Organization","@id":"https:\/\/mon-day.nl\/#organization","name":"Lundi FR","url":"https:\/\/mon-day.nl\/","logo":{"@type":"ImageObject","inLanguage":"fr-FR","@id":"https:\/\/mon-day.nl\/#\/schema\/logo\/image\/","url":"https:\/\/mon-day.nl\/wp-content\/uploads\/2023\/05\/cropped-Instagram-deel-5-5.jpg","contentUrl":"https:\/\/mon-day.nl\/wp-content\/uploads\/2023\/05\/cropped-Instagram-deel-5-5.jpg","width":512,"height":512,"caption":"Monday NL"},"image":{"@id":"https:\/\/mon-day.nl\/#\/schema\/logo\/image\/"},"sameAs":["https:\/\/www.instagram.com\/monday_nl\/"]}]}},"jetpack_sharing_enabled":true,"_links":{"self":[{"href":"https:\/\/mon-day.nl\/fr\/wp-json\/wp\/v2\/product\/2928","targetHints":{"allow":["GET"]}}],"collection":[{"href":"https:\/\/mon-day.nl\/fr\/wp-json\/wp\/v2\/product"}],"about":[{"href":"https:\/\/mon-day.nl\/fr\/wp-json\/wp\/v2\/types\/product"}],"replies":[{"embeddable":true,"href":"https:\/\/mon-day.nl\/fr\/wp-json\/wp\/v2\/comments?post=2928"}],"wp:featuredmedia":[{"embeddable":true,"href":"https:\/\/mon-day.nl\/fr\/wp-json\/wp\/v2\/media\/12309"}],"wp:attachment":[{"href":"https:\/\/mon-day.nl\/fr\/wp-json\/wp\/v2\/media?parent=2928"}],"wp:term":[{"taxonomy":"product_brand","embeddable":true,"href":"https:\/\/mon-day.nl\/fr\/wp-json\/wp\/v2\/product_brand?post=2928"},{"taxonomy":"product_cat","embeddable":true,"href":"https:\/\/mon-day.nl\/fr\/wp-json\/wp\/v2\/product_cat?post=2928"},{"taxonomy":"product_tag","embeddable":true,"href":"https:\/\/mon-day.nl\/fr\/wp-json\/wp\/v2\/product_tag?post=2928"}],"curies":[{"name":"wp","href":"https:\/\/api.w.org\/{rel}","templated":true}]}}