{"id":8856,"date":"2023-05-23T05:45:07","date_gmt":"2023-05-23T04:45:07","guid":{"rendered":"https:\/\/willa.pixandhue.com\/?page_id=4730"},"modified":"2023-05-24T17:41:33","modified_gmt":"2023-05-24T16:41:33","slug":"merci","status":"publish","type":"page","link":"https:\/\/mon-day.nl\/fr\/thank-you\/","title":{"rendered":"Merci"},"content":{"rendered":"<div data-elementor-type=\"wp-page\" data-elementor-id=\"8856\" class=\"elementor elementor-8856\" data-elementor-post-type=\"page\">\n\t\t\t\t\t\t<section class=\"elementor-section elementor-top-section elementor-element elementor-element-39cf4da elementor-section-full_width elementor-section-height-min-height elementor-section-items-stretch willa-split-column-section elementor-section-height-default\" data-id=\"39cf4da\" data-element_type=\"section\" data-e-type=\"section\">\n\t\t\t\t\t\t<div class=\"elementor-container elementor-column-gap-no\">\n\t\t\t\t\t<div class=\"elementor-column elementor-col-50 elementor-top-column elementor-element elementor-element-569a025 willa-split-image-column\" data-id=\"569a025\" data-element_type=\"column\" data-e-type=\"column\" data-settings=\"{&quot;background_background&quot;:&quot;classic&quot;}\">\n\t\t\t<div class=\"elementor-widget-wrap\">\n\t\t\t\t\t\t\t<\/div>\n\t\t<\/div>\n\t\t\t\t<div class=\"elementor-column elementor-col-50 elementor-top-column elementor-element elementor-element-931237c willa-split-text-column\" data-id=\"931237c\" data-element_type=\"column\" data-e-type=\"column\">\n\t\t\t<div class=\"elementor-widget-wrap elementor-element-populated\">\n\t\t\t\t\t\t<div class=\"elementor-element elementor-element-ef7701f willa-no-bottom-p willa-standard-subtitle elementor-widget elementor-widget-text-editor\" data-id=\"ef7701f\" data-element_type=\"widget\" data-e-type=\"widget\" data-widget_type=\"text-editor.default\">\n\t\t\t\t<div class=\"elementor-widget-container\">\n\t\t\t\t\t\t\t\t\t<p>Bienvenue sur la Liste<\/p>\t\t\t\t\t\t\t\t<\/div>\n\t\t\t\t<\/div>\n\t\t\t\t<div class=\"elementor-element elementor-element-63e7b5d willa-standard-title elementor-widget elementor-widget-heading\" data-id=\"63e7b5d\" data-element_type=\"widget\" data-e-type=\"widget\" data-widget_type=\"heading.default\">\n\t\t\t\t<div class=\"elementor-widget-container\">\n\t\t\t\t\t<h2 class=\"elementor-heading-title elementor-size-default\">salut, merci de vous \u00eatre abonn\u00e9 !<\/h2>\t\t\t\t<\/div>\n\t\t\t\t<\/div>\n\t\t\t\t<div class=\"elementor-element elementor-element-d3604e8 willa-no-bottom-p elementor-widget elementor-widget-text-editor\" data-id=\"d3604e8\" data-element_type=\"widget\" data-e-type=\"widget\" data-widget_type=\"text-editor.default\">\n\t\t\t\t<div class=\"elementor-widget-container\">\n\t\t\t\t\t\t\t\t\t<p>Bienvenue dans la communaut\u00e9, nous sommes ravis de vous accueillir. Non seulement vous appr\u00e9cierez le r\u00e9seautage avec d'autres femmes entrepreneures, mais vous aurez \u00e9galement un acc\u00e8s instantan\u00e9 \u00e0 mes meilleurs conseils pour d\u00e9velopper une entreprise \u00e0 six chiffres. J'ai h\u00e2te de vous connecter !<\/p>\t\t\t\t\t\t\t\t<\/div>\n\t\t\t\t<\/div>\n\t\t\t\t\t<\/div>\n\t\t<\/div>\n\t\t\t\t\t<\/div>\n\t\t<\/section>\n\t\t\t\t<section class=\"elementor-section elementor-top-section elementor-element elementor-element-23b5c36 elementor-section-boxed elementor-section-height-default elementor-section-height-default\" data-id=\"23b5c36\" data-element_type=\"section\" data-e-type=\"section\" data-settings=\"{&quot;background_background&quot;:&quot;classic&quot;}\">\n\t\t\t\t\t\t<div class=\"elementor-container elementor-column-gap-no\">\n\t\t\t\t\t<div class=\"elementor-column elementor-col-100 elementor-top-column elementor-element elementor-element-964f842\" data-id=\"964f842\" data-element_type=\"column\" data-e-type=\"column\">\n\t\t\t<div class=\"elementor-widget-wrap elementor-element-populated\">\n\t\t\t\t\t\t<div class=\"elementor-element elementor-element-e84eb9e willa-no-bottom-p willa-intro-header-text elementor-widget elementor-widget-text-editor\" data-id=\"e84eb9e\" data-element_type=\"widget\" data-e-type=\"widget\" data-widget_type=\"text-editor.default\">\n\t\t\t\t<div class=\"elementor-widget-container\">\n\t\t\t\t\t\t\t\t\t<p>Vous rejoignez des milliers d'autres femmes entrepreneures qui d\u00e9couvrent mes secrets de r\u00e9ussite !<\/p>\t\t\t\t\t\t\t\t<\/div>\n\t\t\t\t<\/div>\n\t\t\t\t\t<\/div>\n\t\t<\/div>\n\t\t\t\t\t<\/div>\n\t\t<\/section>\n\t\t\t\t<section class=\"elementor-section elementor-top-section elementor-element elementor-element-234888e7 elementor-section-boxed elementor-section-height-default elementor-section-height-default\" data-id=\"234888e7\" data-element_type=\"section\" data-e-type=\"section\">\n\t\t\t\t\t\t<div class=\"elementor-container elementor-column-gap-no\">\n\t\t\t\t\t<div class=\"elementor-column elementor-col-100 elementor-top-column elementor-element elementor-element-39404998\" data-id=\"39404998\" data-element_type=\"column\" data-e-type=\"column\">\n\t\t\t<div class=\"elementor-widget-wrap elementor-element-populated\">\n\t\t\t\t\t\t<section class=\"elementor-section elementor-inner-section elementor-element elementor-element-2a4464e5 elementor-section-boxed elementor-section-height-default elementor-section-height-default\" data-id=\"2a4464e5\" data-element_type=\"section\" data-e-type=\"section\">\n\t\t\t\t\t\t<div class=\"elementor-container elementor-column-gap-no\">\n\t\t\t\t\t<div class=\"elementor-column elementor-col-100 elementor-inner-column elementor-element elementor-element-51ae9e43\" data-id=\"51ae9e43\" data-element_type=\"column\" data-e-type=\"column\">\n\t\t\t<div class=\"elementor-widget-wrap elementor-element-populated\">\n\t\t\t\t\t\t<div class=\"elementor-element elementor-element-60a2a4b willa-standard-title elementor-widget elementor-widget-heading\" data-id=\"60a2a4b\" data-element_type=\"widget\" data-e-type=\"widget\" data-widget_type=\"heading.default\">\n\t\t\t\t<div class=\"elementor-widget-container\">\n\t\t\t\t\t<h2 class=\"elementor-heading-title elementor-size-default\">plus de ressources<\/h2>\t\t\t\t<\/div>\n\t\t\t\t<\/div>\n\t\t\t\t\t<\/div>\n\t\t<\/div>\n\t\t\t\t\t<\/div>\n\t\t<\/section>\n\t\t\t\t<section class=\"elementor-section elementor-inner-section elementor-element elementor-element-33f87133 elementor-section-boxed elementor-section-height-default elementor-section-height-default\" data-id=\"33f87133\" data-element_type=\"section\" data-e-type=\"section\">\n\t\t\t\t\t\t<div class=\"elementor-container elementor-column-gap-no\">\n\t\t\t\t\t<div class=\"elementor-column elementor-col-33 elementor-inner-column elementor-element elementor-element-6af63791\" data-id=\"6af63791\" data-element_type=\"column\" data-e-type=\"column\">\n\t\t\t<div class=\"elementor-widget-wrap elementor-element-populated\">\n\t\t\t\t\t\t<div class=\"elementor-element elementor-element-600be44c elementor-widget elementor-widget-image\" data-id=\"600be44c\" data-element_type=\"widget\" data-e-type=\"widget\" data-widget_type=\"image.default\">\n\t\t\t\t<div class=\"elementor-widget-container\">\n\t\t\t\t\t\t\t\t\t\t\t\t\t\t\t<img decoding=\"async\" src=\"https:\/\/mon-day.nl\/wp-content\/uploads\/elementor\/thumbs\/punta-y-pincel-brushlettering-V3V3WC6W7pU-unsplash-boxes-q6xkvkg9ujl85aa8x19ky7egchgh91hhs28opjds1k.png\" title=\"pointeau-et-pinceau-lettrage-au-pinceau-V3V3WC6W7pU-unsplash-bo\u00eetes\" alt=\"pointeau-et-pinceau-lettrage-au-pinceau-V3V3WC6W7pU-unsplash-bo\u00eetes\" loading=\"lazy\" \/>\t\t\t\t\t\t\t\t\t\t\t\t\t\t\t<\/div>\n\t\t\t\t<\/div>\n\t\t\t\t<div class=\"elementor-element elementor-element-7158b0c9 elementor-align-center willa-thicker-subtitle elementor-widget elementor-widget-button\" data-id=\"7158b0c9\" data-element_type=\"widget\" data-e-type=\"widget\" data-widget_type=\"button.default\">\n\t\t\t\t<div class=\"elementor-widget-container\">\n\t\t\t\t\t\t\t\t\t<div class=\"elementor-button-wrapper\">\n\t\t\t\t\t<a class=\"elementor-button elementor-button-link elementor-size-sm\" href=\"https:\/\/willa.pixandhue.com\/elementor-podcasts\/\">\n\t\t\t\t\t\t<span class=\"elementor-button-content-wrapper\">\n\t\t\t\t\t\t\t\t\t<span class=\"elementor-button-text\">le balado<\/span>\n\t\t\t\t\t<\/span>\n\t\t\t\t\t<\/a>\n\t\t\t\t<\/div>\n\t\t\t\t\t\t\t\t<\/div>\n\t\t\t\t<\/div>\n\t\t\t\t\t<\/div>\n\t\t<\/div>\n\t\t\t\t<div class=\"elementor-column elementor-col-33 elementor-inner-column elementor-element elementor-element-7390b766\" data-id=\"7390b766\" data-element_type=\"column\" data-e-type=\"column\">\n\t\t\t<div class=\"elementor-widget-wrap elementor-element-populated\">\n\t\t\t\t\t\t<div class=\"elementor-element elementor-element-2a54d0ea elementor-widget elementor-widget-image\" data-id=\"2a54d0ea\" data-element_type=\"widget\" data-e-type=\"widget\" data-widget_type=\"image.default\">\n\t\t\t\t<div class=\"elementor-widget-container\">\n\t\t\t\t\t\t\t\t\t\t\t\t\t\t\t<img decoding=\"async\" src=\"https:\/\/mon-day.nl\/wp-content\/uploads\/elementor\/thumbs\/nati-melnychuk-JMw3uw94Wc4-unsplash-boxes-q6xkvswtk1wt1rxyjmx82n9loyas6bf2t8421118hk.png\" title=\"nati-melnychuk-JMw3uw94Wc4-unsplash-bo\u00eetes\" alt=\"nati-melnychuk-JMw3uw94Wc4-unsplash-bo\u00eetes\" loading=\"lazy\" \/>\t\t\t\t\t\t\t\t\t\t\t\t\t\t\t<\/div>\n\t\t\t\t<\/div>\n\t\t\t\t<div class=\"elementor-element elementor-element-7b744002 elementor-align-center willa-thicker-subtitle elementor-widget elementor-widget-button\" data-id=\"7b744002\" data-element_type=\"widget\" data-e-type=\"widget\" data-widget_type=\"button.default\">\n\t\t\t\t<div class=\"elementor-widget-container\">\n\t\t\t\t\t\t\t\t\t<div class=\"elementor-button-wrapper\">\n\t\t\t\t\t<a class=\"elementor-button elementor-button-link elementor-size-sm\" href=\"https:\/\/willa.pixandhue.com\/elementor-services\/\">\n\t\t\t\t\t\t<span class=\"elementor-button-content-wrapper\">\n\t\t\t\t\t\t\t\t\t<span class=\"elementor-button-text\">Voir les services<\/span>\n\t\t\t\t\t<\/span>\n\t\t\t\t\t<\/a>\n\t\t\t\t<\/div>\n\t\t\t\t\t\t\t\t<\/div>\n\t\t\t\t<\/div>\n\t\t\t\t\t<\/div>\n\t\t<\/div>\n\t\t\t\t<div class=\"elementor-column elementor-col-33 elementor-inner-column elementor-element elementor-element-36378ac9\" data-id=\"36378ac9\" data-element_type=\"column\" data-e-type=\"column\">\n\t\t\t<div class=\"elementor-widget-wrap elementor-element-populated\">\n\t\t\t\t\t\t<div class=\"elementor-element elementor-element-6b87fa1 elementor-widget elementor-widget-image\" data-id=\"6b87fa1\" data-element_type=\"widget\" data-e-type=\"widget\" data-widget_type=\"image.default\">\n\t\t\t\t<div class=\"elementor-widget-container\">\n\t\t\t\t\t\t\t\t\t\t\t\t\t\t\t<img decoding=\"async\" src=\"https:\/\/mon-day.nl\/wp-content\/uploads\/elementor\/thumbs\/taylor-beach-zkHMcEkJlGc-unsplash-boxes-q6xkw391n8aylhixv9e4c2no86vtizk4inaeb2lwl4.png\" title=\"taylor-beach-zkHMcEkJlGc-unsplash-bo\u00eetes\" alt=\"taylor-beach-zkHMcEkJlGc-unsplash-bo\u00eetes\" loading=\"lazy\" \/>\t\t\t\t\t\t\t\t\t\t\t\t\t\t\t<\/div>\n\t\t\t\t<\/div>\n\t\t\t\t<div class=\"elementor-element elementor-element-7ee29d20 elementor-align-center willa-thicker-subtitle elementor-widget elementor-widget-button\" data-id=\"7ee29d20\" data-element_type=\"widget\" data-e-type=\"widget\" data-widget_type=\"button.default\">\n\t\t\t\t<div class=\"elementor-widget-container\">\n\t\t\t\t\t\t\t\t\t<div class=\"elementor-button-wrapper\">\n\t\t\t\t\t<a class=\"elementor-button elementor-button-link elementor-size-sm\" href=\"https:\/\/willa.pixandhue.com\/elementor-blog\/\">\n\t\t\t\t\t\t<span class=\"elementor-button-content-wrapper\">\n\t\t\t\t\t\t\t\t\t<span class=\"elementor-button-text\">Mon Journal<\/span>\n\t\t\t\t\t<\/span>\n\t\t\t\t\t<\/a>\n\t\t\t\t<\/div>\n\t\t\t\t\t\t\t\t<\/div>\n\t\t\t\t<\/div>\n\t\t\t\t\t<\/div>\n\t\t<\/div>\n\t\t\t\t\t<\/div>\n\t\t<\/section>\n\t\t\t\t\t<\/div>\n\t\t<\/div>\n\t\t\t\t\t<\/div>\n\t\t<\/section>\n\t\t\t\t<section class=\"elementor-section elementor-top-section elementor-element elementor-element-1d2b239 elementor-section-boxed elementor-section-height-default elementor-section-height-default\" data-id=\"1d2b239\" data-element_type=\"section\" data-e-type=\"section\" data-settings=\"{&quot;background_background&quot;:&quot;classic&quot;}\">\n\t\t\t\t\t\t<div class=\"elementor-container elementor-column-gap-no\">\n\t\t\t\t\t<div class=\"elementor-column elementor-col-100 elementor-top-column elementor-element elementor-element-7610775\" data-id=\"7610775\" data-element_type=\"column\" data-e-type=\"column\">\n\t\t\t<div class=\"elementor-widget-wrap elementor-element-populated\">\n\t\t\t\t\t\t<div class=\"elementor-element elementor-element-879af64 willa-no-bottom-p willa-standard-subtitle elementor-widget elementor-widget-text-editor\" data-id=\"879af64\" data-element_type=\"widget\" data-e-type=\"widget\" data-widget_type=\"text-editor.default\">\n\t\t\t\t<div class=\"elementor-widget-container\">\n\t\t\t\t\t\t\t\t\t<p>Contactez-nous<\/p>\t\t\t\t\t\t\t\t<\/div>\n\t\t\t\t<\/div>\n\t\t\t\t<div class=\"elementor-element elementor-element-41baff0 willa-standard-title elementor-widget elementor-widget-heading\" data-id=\"41baff0\" data-element_type=\"widget\" data-e-type=\"widget\" data-widget_type=\"heading.default\">\n\t\t\t\t<div class=\"elementor-widget-container\">\n\t\t\t\t\t<h2 class=\"elementor-heading-title elementor-size-default\">Vous voulez en savoir plus ?<\/h2>\t\t\t\t<\/div>\n\t\t\t\t<\/div>\n\t\t\t\t<div class=\"elementor-element elementor-element-8e58408 elementor-widget elementor-widget-text-editor\" data-id=\"8e58408\" data-element_type=\"widget\" data-e-type=\"widget\" data-widget_type=\"text-editor.default\">\n\t\t\t\t<div class=\"elementor-widget-container\">\n\t\t\t\t\t\t\t\t\t<p>Aliquam malesuada bibendum arcu vitae elementum. Duis ut diam quam nulla porttitor massa id neque aliquam. Turpis egestas integer eget aliquet nibh praesent tristique. Dictumst vestibulum rhoncus est pellentesque. Senectus et netus.<\/p>\t\t\t\t\t\t\t\t<\/div>\n\t\t\t\t<\/div>\n\t\t\t\t<div class=\"elementor-element elementor-element-c89c84b willa-elementor-button elementor-align-center elementor-widget elementor-widget-button\" data-id=\"c89c84b\" data-element_type=\"widget\" data-e-type=\"widget\" data-widget_type=\"button.default\">\n\t\t\t\t<div class=\"elementor-widget-container\">\n\t\t\t\t\t\t\t\t\t<div class=\"elementor-button-wrapper\">\n\t\t\t\t\t<a class=\"elementor-button elementor-button-link elementor-size-sm\" href=\"https:\/\/willa.pixandhue.com\/elementor-contact\/\">\n\t\t\t\t\t\t<span class=\"elementor-button-content-wrapper\">\n\t\t\t\t\t\t\t\t\t<span class=\"elementor-button-text\">Contactez-moi<\/span>\n\t\t\t\t\t<\/span>\n\t\t\t\t\t<\/a>\n\t\t\t\t<\/div>\n\t\t\t\t\t\t\t\t<\/div>\n\t\t\t\t<\/div>\n\t\t\t\t\t<\/div>\n\t\t<\/div>\n\t\t\t\t\t<\/div>\n\t\t<\/section>\n\t\t\t\t<\/div>","protected":false},"excerpt":{"rendered":"<p>Welcome to the List hey, thank you for subscribing! Welcome to the community, it&#8217;s great to have you. Not only will you enjoy networking with other female entrepreneurs, you just got instant access to my fave tips for growing a 6-figure business. Can&#8217;t wait to connect! You Just Joined thousands of other Female entrepreneurs learning [&hellip;]<\/p>\n","protected":false},"author":1,"featured_media":0,"parent":0,"menu_order":0,"comment_status":"closed","ping_status":"closed","template":"elementor_canvas","meta":{"_exactmetrics_skip_tracking":false,"_exactmetrics_sitenote_active":false,"_exactmetrics_sitenote_note":"","_exactmetrics_sitenote_category":0,"footnotes":""},"class_list":["post-8856","page","type-page","status-publish","hentry"],"yoast_head":"<!-- This site is optimized with the Yoast SEO plugin v27.3 - https:\/\/yoast.com\/product\/yoast-seo-wordpress\/ -->\n<title>Thank You &#8226; Monday<\/title>\n<meta name=\"robots\" content=\"index, follow, max-snippet:-1, max-image-preview:large, max-video-preview:-1\" \/>\n<link rel=\"canonical\" href=\"https:\/\/mon-day.nl\/fr\/merci\/\" \/>\n<meta property=\"og:locale\" content=\"fr_FR\" \/>\n<meta property=\"og:type\" content=\"article\" \/>\n<meta property=\"og:title\" content=\"Thank You &#8226; Monday\" \/>\n<meta property=\"og:description\" content=\"Welcome to the List hey, thank you for subscribing! Welcome to the community, it&#8217;s great to have you. Not only will you enjoy networking with other female entrepreneurs, you just got instant access to my fave tips for growing a 6-figure business. Can&#8217;t wait to connect! You Just Joined thousands of other Female entrepreneurs learning [&hellip;]\" \/>\n<meta property=\"og:url\" content=\"https:\/\/mon-day.nl\/fr\/merci\/\" \/>\n<meta property=\"og:site_name\" content=\"Monday\" \/>\n<meta property=\"article:modified_time\" content=\"2023-05-24T16:41:33+00:00\" \/>\n<meta property=\"og:image\" content=\"https:\/\/willa.pixandhue.com\/wp-content\/uploads\/elementor\/thumbs\/punta-y-pincel-brushlettering-V3V3WC6W7pU-unsplash-boxes-pf81b71i4hfrxk73ijn0mewkwasvjr3np4gmt13s54.png\" \/>\n<meta name=\"twitter:card\" content=\"summary_large_image\" \/>\n<meta name=\"twitter:label1\" content=\"Dur\u00e9e de lecture estim\u00e9e\" \/>\n\t<meta name=\"twitter:data1\" content=\"1 minute\" \/>\n<script type=\"application\/ld+json\" class=\"yoast-schema-graph\">{\"@context\":\"https:\\\/\\\/schema.org\",\"@graph\":[{\"@type\":\"WebPage\",\"@id\":\"https:\\\/\\\/mon-day.nl\\\/thank-you\\\/\",\"url\":\"https:\\\/\\\/mon-day.nl\\\/thank-you\\\/\",\"name\":\"Thank You &#8226; Monday\",\"isPartOf\":{\"@id\":\"https:\\\/\\\/mon-day.nl\\\/#website\"},\"primaryImageOfPage\":{\"@id\":\"https:\\\/\\\/mon-day.nl\\\/thank-you\\\/#primaryimage\"},\"image\":{\"@id\":\"https:\\\/\\\/mon-day.nl\\\/thank-you\\\/#primaryimage\"},\"thumbnailUrl\":\"https:\\\/\\\/willa.pixandhue.com\\\/wp-content\\\/uploads\\\/elementor\\\/thumbs\\\/punta-y-pincel-brushlettering-V3V3WC6W7pU-unsplash-boxes-pf81b71i4hfrxk73ijn0mewkwasvjr3np4gmt13s54.png\",\"datePublished\":\"2023-05-23T04:45:07+00:00\",\"dateModified\":\"2023-05-24T16:41:33+00:00\",\"breadcrumb\":{\"@id\":\"https:\\\/\\\/mon-day.nl\\\/thank-you\\\/#breadcrumb\"},\"inLanguage\":\"fr-FR\",\"potentialAction\":[{\"@type\":\"ReadAction\",\"target\":[\"https:\\\/\\\/mon-day.nl\\\/thank-you\\\/\"]}]},{\"@type\":\"ImageObject\",\"inLanguage\":\"fr-FR\",\"@id\":\"https:\\\/\\\/mon-day.nl\\\/thank-you\\\/#primaryimage\",\"url\":\"https:\\\/\\\/willa.pixandhue.com\\\/wp-content\\\/uploads\\\/elementor\\\/thumbs\\\/punta-y-pincel-brushlettering-V3V3WC6W7pU-unsplash-boxes-pf81b71i4hfrxk73ijn0mewkwasvjr3np4gmt13s54.png\",\"contentUrl\":\"https:\\\/\\\/willa.pixandhue.com\\\/wp-content\\\/uploads\\\/elementor\\\/thumbs\\\/punta-y-pincel-brushlettering-V3V3WC6W7pU-unsplash-boxes-pf81b71i4hfrxk73ijn0mewkwasvjr3np4gmt13s54.png\"},{\"@type\":\"BreadcrumbList\",\"@id\":\"https:\\\/\\\/mon-day.nl\\\/thank-you\\\/#breadcrumb\",\"itemListElement\":[{\"@type\":\"ListItem\",\"position\":1,\"name\":\"Home\",\"item\":\"https:\\\/\\\/mon-day.nl\\\/\"},{\"@type\":\"ListItem\",\"position\":2,\"name\":\"Thank You\"}]},{\"@type\":\"WebSite\",\"@id\":\"https:\\\/\\\/mon-day.nl\\\/#website\",\"url\":\"https:\\\/\\\/mon-day.nl\\\/\",\"name\":\"Mon-day.nl\",\"description\":\"Slow down products for daily life\",\"publisher\":{\"@id\":\"https:\\\/\\\/mon-day.nl\\\/#organization\"},\"potentialAction\":[{\"@type\":\"SearchAction\",\"target\":{\"@type\":\"EntryPoint\",\"urlTemplate\":\"https:\\\/\\\/mon-day.nl\\\/?s={search_term_string}\"},\"query-input\":{\"@type\":\"PropertyValueSpecification\",\"valueRequired\":true,\"valueName\":\"search_term_string\"}}],\"inLanguage\":\"fr-FR\"},{\"@type\":\"Organization\",\"@id\":\"https:\\\/\\\/mon-day.nl\\\/#organization\",\"name\":\"Monday NL\",\"url\":\"https:\\\/\\\/mon-day.nl\\\/\",\"logo\":{\"@type\":\"ImageObject\",\"inLanguage\":\"fr-FR\",\"@id\":\"https:\\\/\\\/mon-day.nl\\\/#\\\/schema\\\/logo\\\/image\\\/\",\"url\":\"https:\\\/\\\/mon-day.nl\\\/wp-content\\\/uploads\\\/2023\\\/05\\\/cropped-Instagram-deel-5-5.jpg\",\"contentUrl\":\"https:\\\/\\\/mon-day.nl\\\/wp-content\\\/uploads\\\/2023\\\/05\\\/cropped-Instagram-deel-5-5.jpg\",\"width\":512,\"height\":512,\"caption\":\"Monday NL\"},\"image\":{\"@id\":\"https:\\\/\\\/mon-day.nl\\\/#\\\/schema\\\/logo\\\/image\\\/\"},\"sameAs\":[\"https:\\\/\\\/www.instagram.com\\\/monday_nl\\\/\"]}]}<\/script>\n<!-- \/ Yoast SEO plugin. -->","yoast_head_json":{"title":"Merci \u2022 Lundi","robots":{"index":"index","follow":"follow","max-snippet":"max-snippet:-1","max-image-preview":"max-image-preview:large","max-video-preview":"max-video-preview:-1"},"canonical":"https:\/\/mon-day.nl\/fr\/merci\/","og_locale":"fr_FR","og_type":"article","og_title":"Thank You &#8226; Monday","og_description":"Welcome to the List hey, thank you for subscribing! Welcome to the community, it&#8217;s great to have you. Not only will you enjoy networking with other female entrepreneurs, you just got instant access to my fave tips for growing a 6-figure business. Can&#8217;t wait to connect! You Just Joined thousands of other Female entrepreneurs learning [&hellip;]","og_url":"https:\/\/mon-day.nl\/fr\/merci\/","og_site_name":"Monday","article_modified_time":"2023-05-24T16:41:33+00:00","og_image":[{"url":"https:\/\/willa.pixandhue.com\/wp-content\/uploads\/elementor\/thumbs\/punta-y-pincel-brushlettering-V3V3WC6W7pU-unsplash-boxes-pf81b71i4hfrxk73ijn0mewkwasvjr3np4gmt13s54.png","type":"","width":"","height":""}],"twitter_card":"summary_large_image","twitter_misc":{"Dur\u00e9e de lecture estim\u00e9e":"1 minute"},"schema":{"@context":"https:\/\/schema.org","@graph":[{"@type":"WebPage","@id":"https:\/\/mon-day.nl\/thank-you\/","url":"https:\/\/mon-day.nl\/thank-you\/","name":"Merci \u2022 Lundi","isPartOf":{"@id":"https:\/\/mon-day.nl\/#website"},"primaryImageOfPage":{"@id":"https:\/\/mon-day.nl\/thank-you\/#primaryimage"},"image":{"@id":"https:\/\/mon-day.nl\/thank-you\/#primaryimage"},"thumbnailUrl":"https:\/\/willa.pixandhue.com\/wp-content\/uploads\/elementor\/thumbs\/punta-y-pincel-brushlettering-V3V3WC6W7pU-unsplash-boxes-pf81b71i4hfrxk73ijn0mewkwasvjr3np4gmt13s54.png","datePublished":"2023-05-23T04:45:07+00:00","dateModified":"2023-05-24T16:41:33+00:00","breadcrumb":{"@id":"https:\/\/mon-day.nl\/thank-you\/#breadcrumb"},"inLanguage":"fr-FR","potentialAction":[{"@type":"ReadAction","target":["https:\/\/mon-day.nl\/thank-you\/"]}]},{"@type":"ImageObject","inLanguage":"fr-FR","@id":"https:\/\/mon-day.nl\/thank-you\/#primaryimage","url":"https:\/\/willa.pixandhue.com\/wp-content\/uploads\/elementor\/thumbs\/punta-y-pincel-brushlettering-V3V3WC6W7pU-unsplash-boxes-pf81b71i4hfrxk73ijn0mewkwasvjr3np4gmt13s54.png","contentUrl":"https:\/\/willa.pixandhue.com\/wp-content\/uploads\/elementor\/thumbs\/punta-y-pincel-brushlettering-V3V3WC6W7pU-unsplash-boxes-pf81b71i4hfrxk73ijn0mewkwasvjr3np4gmt13s54.png"},{"@type":"BreadcrumbList","@id":"https:\/\/mon-day.nl\/thank-you\/#breadcrumb","itemListElement":[{"@type":"ListItem","position":1,"name":"Home","item":"https:\/\/mon-day.nl\/"},{"@type":"ListItem","position":2,"name":"Thank You"}]},{"@type":"WebSite","@id":"https:\/\/mon-day.nl\/#website","url":"https:\/\/mon-day.nl\/","name":"Mon-day.co.uk","description":"Produits de ralentissement pour la vie quotidienne","publisher":{"@id":"https:\/\/mon-day.nl\/#organization"},"potentialAction":[{"@type":"SearchAction","target":{"@type":"EntryPoint","urlTemplate":"https:\/\/mon-day.nl\/?s={search_term_string}"},"query-input":{"@type":"PropertyValueSpecification","valueRequired":true,"valueName":"search_term_string"}}],"inLanguage":"fr-FR"},{"@type":"Organization","@id":"https:\/\/mon-day.nl\/#organization","name":"Lundi FR","url":"https:\/\/mon-day.nl\/","logo":{"@type":"ImageObject","inLanguage":"fr-FR","@id":"https:\/\/mon-day.nl\/#\/schema\/logo\/image\/","url":"https:\/\/mon-day.nl\/wp-content\/uploads\/2023\/05\/cropped-Instagram-deel-5-5.jpg","contentUrl":"https:\/\/mon-day.nl\/wp-content\/uploads\/2023\/05\/cropped-Instagram-deel-5-5.jpg","width":512,"height":512,"caption":"Monday NL"},"image":{"@id":"https:\/\/mon-day.nl\/#\/schema\/logo\/image\/"},"sameAs":["https:\/\/www.instagram.com\/monday_nl\/"]}]}},"jetpack_sharing_enabled":true,"_links":{"self":[{"href":"https:\/\/mon-day.nl\/fr\/wp-json\/wp\/v2\/pages\/8856","targetHints":{"allow":["GET"]}}],"collection":[{"href":"https:\/\/mon-day.nl\/fr\/wp-json\/wp\/v2\/pages"}],"about":[{"href":"https:\/\/mon-day.nl\/fr\/wp-json\/wp\/v2\/types\/page"}],"author":[{"embeddable":true,"href":"https:\/\/mon-day.nl\/fr\/wp-json\/wp\/v2\/users\/1"}],"replies":[{"embeddable":true,"href":"https:\/\/mon-day.nl\/fr\/wp-json\/wp\/v2\/comments?post=8856"}],"version-history":[{"count":1,"href":"https:\/\/mon-day.nl\/fr\/wp-json\/wp\/v2\/pages\/8856\/revisions"}],"predecessor-version":[{"id":8867,"href":"https:\/\/mon-day.nl\/fr\/wp-json\/wp\/v2\/pages\/8856\/revisions\/8867"}],"wp:attachment":[{"href":"https:\/\/mon-day.nl\/fr\/wp-json\/wp\/v2\/media?parent=8856"}],"curies":[{"name":"wp","href":"https:\/\/api.w.org\/{rel}","templated":true}]}}