{"id":550,"date":"2023-05-23T09:58:48","date_gmt":"2023-05-23T08:58:48","guid":{"rendered":"https:\/\/willa.pixandhue.com\/?page_id=550"},"modified":"2026-03-09T12:10:37","modified_gmt":"2026-03-09T11:10:37","slug":"a-propos","status":"publish","type":"page","link":"https:\/\/mon-day.nl\/fr\/about\/","title":{"rendered":"A propos de"},"content":{"rendered":"<div data-elementor-type=\"wp-page\" data-elementor-id=\"550\" class=\"elementor elementor-550\" data-elementor-post-type=\"page\">\n\t\t\t\t<div class=\"elementor-element elementor-element-76b223cc e-flex e-con-boxed elementor-invisible e-con e-parent\" data-id=\"76b223cc\" data-element_type=\"container\" data-e-type=\"container\" data-settings=\"{&quot;animation&quot;:&quot;fadeIn&quot;,&quot;background_background&quot;:&quot;classic&quot;}\">\n\t\t\t\t\t<div class=\"e-con-inner\">\n\t\t<div class=\"elementor-element elementor-element-779da5d e-con-full e-flex e-con e-child\" data-id=\"779da5d\" data-element_type=\"container\" data-e-type=\"container\">\n\t\t<div class=\"elementor-element elementor-element-6e0a0ba4 e-con-full e-flex e-con e-child\" data-id=\"6e0a0ba4\" data-element_type=\"container\" data-e-type=\"container\">\n\t\t\t\t<div class=\"elementor-element elementor-element-658a3e7d elementor-widget-mobile__width-inherit elementor-widget elementor-widget-text-editor\" data-id=\"658a3e7d\" data-element_type=\"widget\" data-e-type=\"widget\" data-widget_type=\"text-editor.default\">\n\t\t\t\t<div class=\"elementor-widget-container\">\n\t\t\t\t\t\t\t\t\t<h1>Sur Hilde<\/h1>\t\t\t\t\t\t\t\t<\/div>\n\t\t\t\t<\/div>\n\t\t\t\t<div class=\"elementor-element elementor-element-16e82038 elementor-widget-mobile__width-inherit elementor-widget elementor-widget-text-editor\" data-id=\"16e82038\" data-element_type=\"widget\" data-e-type=\"widget\" data-widget_type=\"text-editor.default\">\n\t\t\t\t<div class=\"elementor-widget-container\">\n\t\t\t\t\t\t\t\t\t<h5>creator, entrepreneur, (twin)mom, speaker, daydreamer<\/h5>\t\t\t\t\t\t\t\t<\/div>\n\t\t\t\t<\/div>\n\t\t\t\t<div class=\"elementor-element elementor-element-658b797d elementor-widget-mobile__width-inherit elementor-widget elementor-widget-text-editor\" data-id=\"658b797d\" data-element_type=\"widget\" data-e-type=\"widget\" data-widget_type=\"text-editor.default\">\n\t\t\t\t<div class=\"elementor-widget-container\">\n\t\t\t\t\t\t\t\t\t<p data-start=\"640\" data-end=\"795\">Novembre 2019. Je mensais sur le canap\u00e9 avec un b\u00e9b\u00e9 endormi sur la poitrine. La maison \u00e9tait silencieuse, mon agenda \u00e9tait vide, et pour la premi\u00e8re fois depuis longtemps, je n'avais nulle part o\u00f9 aller.<\/p><p data-start=\"797\" data-end=\"876\">En m\u00eame temps, je pensais :<br data-start=\"818\" data-end=\"821\" \/>je veux vraiment participer \u00e0 nouveau \u00e0 <strong>la vie.<\/strong><\/p><p data-start=\"878\" data-end=\"1037\">Ce n'est pas parce que ce n'\u00e9tait pas bien, j'ai justement appr\u00e9ci\u00e9 ce calme. Mais j'ai remarqu\u00e9 \u00e0 quel point il serait difficile de reprendre ensuite le m\u00eame rythme qu'auparavant.<\/p><p data-start=\"1039\" data-end=\"1106\">Comme s'il n'y avait que deux options : tout dedans, ou tout dehors. Et quelque part, j'ai senti que c'\u00e9tait aussi <u>que cela pourrait \u00eatre diff\u00e9rent<\/u>. C'est l\u00e0 que Monday a commenc\u00e9.<\/p><p data-start=\"376\" data-end=\"483\">J'ai \u00e9t\u00e9 form\u00e9 au Design Thinking. On ne commence pas par un grand plan, mais par une petite exp\u00e9rience.<\/p><p data-start=\"485\" data-end=\"516\">J'ai donc fait 100 journaux hebdomadaires. Principalement pour tester ce qui se passe quand on a un moment fixe dans la semaine pour s'arr\u00eater un instant, avant de passer \u00e0 autre chose.<\/p><p data-start=\"665\" data-end=\"760\">Il s'est av\u00e9r\u00e9 que les gens l'utilisaient non pas pour en faire plus, mais pour reprendre leur souffle et s'arr\u00eater un instant.<\/p><p data-start=\"762\" data-end=\"853\">D\u00e9sormais, plus de 8000 personnes remplissent leur journal et nous avons plus de 100 points de vente dans le monde.\u00a0<\/p><h4 data-start=\"762\" data-end=\"853\"><strong>Il ne s'agit pas des produits, il s'agit de la mission.<\/strong><\/h4>\t\t\t\t\t\t\t\t<\/div>\n\t\t\t\t<\/div>\n\t\t\t\t<\/div>\n\t\t\t\t<\/div>\n\t\t\t\t<div class=\"elementor-element elementor-element-5bf5cb5d elementor-widget__width-initial elementor-widget-mobile__width-inherit elementor-widget elementor-widget-image\" data-id=\"5bf5cb5d\" data-element_type=\"widget\" data-e-type=\"widget\" data-widget_type=\"image.default\">\n\t\t\t\t<div class=\"elementor-widget-container\">\n\t\t\t\t\t\t\t\t\t\t\t\t\t\t\t<img fetchpriority=\"high\" decoding=\"async\" width=\"1707\" height=\"2560\" src=\"https:\/\/mon-day.nl\/wp-content\/uploads\/2026\/03\/Hilde2026-031-scaled.jpg\" class=\"attachment-full size-full wp-image-16284\" alt=\"\" srcset=\"https:\/\/mon-day.nl\/wp-content\/uploads\/2026\/03\/Hilde2026-031-scaled.jpg 1707w, https:\/\/mon-day.nl\/wp-content\/uploads\/2026\/03\/Hilde2026-031-200x300.jpg 200w, https:\/\/mon-day.nl\/wp-content\/uploads\/2026\/03\/Hilde2026-031-683x1024.jpg 683w, https:\/\/mon-day.nl\/wp-content\/uploads\/2026\/03\/Hilde2026-031-768x1152.jpg 768w, https:\/\/mon-day.nl\/wp-content\/uploads\/2026\/03\/Hilde2026-031-1024x1536.jpg 1024w, https:\/\/mon-day.nl\/wp-content\/uploads\/2026\/03\/Hilde2026-031-1365x2048.jpg 1365w, https:\/\/mon-day.nl\/wp-content\/uploads\/2026\/03\/Hilde2026-031-900x1350.jpg 900w\" sizes=\"(max-width: 1707px) 100vw, 1707px\" \/>\t\t\t\t\t\t\t\t\t\t\t\t\t\t\t<\/div>\n\t\t\t\t<\/div>\n\t\t\t\t\t<\/div>\n\t\t\t\t<\/div>\n\t\t<div class=\"elementor-element elementor-element-765c0888 e-flex e-con-boxed elementor-invisible e-con e-parent\" data-id=\"765c0888\" data-element_type=\"container\" data-e-type=\"container\" data-settings=\"{&quot;animation&quot;:&quot;fadeIn&quot;}\">\n\t\t\t\t\t<div class=\"e-con-inner\">\n\t\t\t\t<div class=\"elementor-element elementor-element-2c810d40 elementor-view-default elementor-widget elementor-widget-icon\" data-id=\"2c810d40\" data-element_type=\"widget\" data-e-type=\"widget\" data-widget_type=\"icon.default\">\n\t\t\t\t<div class=\"elementor-widget-container\">\n\t\t\t\t\t\t\t<div class=\"elementor-icon-wrapper\">\n\t\t\t<div class=\"elementor-icon\">\n\t\t\t<svg xmlns=\"http:\/\/www.w3.org\/2000\/svg\" id=\"Layer_1\" viewbox=\"0 0 512 512\"><g id=\"guide\"><\/g><g id=\"GLYPH\"><path d=\"m496 254h-227.4l216.3-70.3-1.3-3.8-216.2 70.3 183.9-133.6-2.3-3.3-184 133.7 133.7-184-3.3-2.3-133.6 183.9 70.3-216.2-3.8-1.3-70.3 216.3v-227.4h-4v227.4l-70.3-216.3-3.8 1.3 70.3 216.2-133.6-183.9-3.3 2.3 133.7 184-184-133.7-2.3 3.3 183.9 133.6-216.2-70.3-1.3 3.8 216.3 70.3h-227.4v4h227.4l-216.3 70.3 1.3 3.8 216.2-70.3-183.9 133.6 2.3 3.3 184-133.7-133.7 184 3.3 2.3 133.6-183.9-70.3 216.2 3.8 1.3 70.3-216.3v227.4h4v-227.4l70.3 216.3 3.8-1.3-70.3-216.2 133.6 183.9 3.3-2.3-133.7-184 184 133.7 2.3-3.3-183.9-133.6 216.2 70.3 1.3-3.8-216.3-70.3h227.4z\"><\/path><\/g><g id=\"Number\"><\/g><\/svg>\t\t\t<\/div>\n\t\t<\/div>\n\t\t\t\t\t\t<\/div>\n\t\t\t\t<\/div>\n\t\t\t\t<div class=\"elementor-element elementor-element-420643 elementor-widget elementor-widget-text-editor\" data-id=\"420643\" data-element_type=\"widget\" data-e-type=\"widget\" data-widget_type=\"text-editor.default\">\n\t\t\t\t<div class=\"elementor-widget-container\">\n\t\t\t\t\t\t\t\t\t<h4><strong class=\"Yjhzub\">\u201d Almost everything will work again if you unplug it for a few minutes, including you.\u201d<\/strong><\/h4>\t\t\t\t\t\t\t\t<\/div>\n\t\t\t\t<\/div>\n\t\t\t\t<div class=\"elementor-element elementor-element-515519e5 elementor-widget elementor-widget-text-editor\" data-id=\"515519e5\" data-element_type=\"widget\" data-e-type=\"widget\" data-widget_type=\"text-editor.default\">\n\t\t\t\t<div class=\"elementor-widget-container\">\n\t\t\t\t\t\t\t\t\t<p>Anne Lamott<\/p>\t\t\t\t\t\t\t\t<\/div>\n\t\t\t\t<\/div>\n\t\t\t\t\t<\/div>\n\t\t\t\t<\/div>\n\t\t<div class=\"elementor-element elementor-element-3bb1a907 e-flex e-con-boxed elementor-invisible e-con e-parent\" data-id=\"3bb1a907\" data-element_type=\"container\" data-e-type=\"container\" data-settings=\"{&quot;animation&quot;:&quot;fadeIn&quot;}\">\n\t\t\t\t\t<div class=\"e-con-inner\">\n\t\t<div class=\"elementor-element elementor-element-530967f9 e-con-full e-flex e-con e-child\" data-id=\"530967f9\" data-element_type=\"container\" data-e-type=\"container\">\n\t\t\t\t<div class=\"elementor-element elementor-element-5dedce6e elementor-widget elementor-widget-image\" data-id=\"5dedce6e\" data-element_type=\"widget\" data-e-type=\"widget\" data-widget_type=\"image.default\">\n\t\t\t\t<div class=\"elementor-widget-container\">\n\t\t\t\t\t\t\t\t\t\t\t\t\t\t\t<img decoding=\"async\" width=\"1707\" height=\"2560\" src=\"https:\/\/mon-day.nl\/wp-content\/uploads\/2026\/03\/Hilde2026-071-scaled.jpg\" class=\"attachment-full size-full wp-image-16292\" alt=\"\" srcset=\"https:\/\/mon-day.nl\/wp-content\/uploads\/2026\/03\/Hilde2026-071-scaled.jpg 1707w, https:\/\/mon-day.nl\/wp-content\/uploads\/2026\/03\/Hilde2026-071-200x300.jpg 200w, https:\/\/mon-day.nl\/wp-content\/uploads\/2026\/03\/Hilde2026-071-683x1024.jpg 683w, https:\/\/mon-day.nl\/wp-content\/uploads\/2026\/03\/Hilde2026-071-768x1152.jpg 768w, https:\/\/mon-day.nl\/wp-content\/uploads\/2026\/03\/Hilde2026-071-1024x1536.jpg 1024w, https:\/\/mon-day.nl\/wp-content\/uploads\/2026\/03\/Hilde2026-071-1365x2048.jpg 1365w, https:\/\/mon-day.nl\/wp-content\/uploads\/2026\/03\/Hilde2026-071-900x1350.jpg 900w\" sizes=\"(max-width: 1707px) 100vw, 1707px\" \/>\t\t\t\t\t\t\t\t\t\t\t\t\t\t\t<\/div>\n\t\t\t\t<\/div>\n\t\t<div class=\"elementor-element elementor-element-7b29627 e-con-full e-flex e-con e-child\" data-id=\"7b29627\" data-element_type=\"container\" data-e-type=\"container\">\n\t\t\t\t<div class=\"elementor-element elementor-element-78d2d229 elementor-widget elementor-widget-text-editor\" data-id=\"78d2d229\" data-element_type=\"widget\" data-e-type=\"widget\" data-widget_type=\"text-editor.default\">\n\t\t\t\t<div class=\"elementor-widget-container\">\n\t\t\t\t\t\t\t\t\t<p>notre boutique en ligne<\/p>\t\t\t\t\t\t\t\t<\/div>\n\t\t\t\t<\/div>\n\t\t\t\t<div class=\"elementor-element elementor-element-6497d662 elementor-widget elementor-widget-text-editor\" data-id=\"6497d662\" data-element_type=\"widget\" data-e-type=\"widget\" data-widget_type=\"text-editor.default\">\n\t\t\t\t<div class=\"elementor-widget-container\">\n\t\t\t\t\t\t\t\t\t<h3>Monday Slow <em>Down<\/em> products<\/h3>\t\t\t\t\t\t\t\t<\/div>\n\t\t\t\t<\/div>\n\t\t\t\t<div class=\"elementor-element elementor-element-24925413 elementor-widget-mobile__width-inherit elementor-widget elementor-widget-text-editor\" data-id=\"24925413\" data-element_type=\"widget\" data-e-type=\"widget\" data-widget_type=\"text-editor.default\">\n\t\t\t\t<div class=\"elementor-widget-container\">\n\t\t\t\t\t\t\t\t\t<p data-start=\"236\" data-end=\"300\">En fait, pour chaque produit, je n'ai que trois principes directeurs : il doit fonctionner simplement, il doit \u00eatre incroyablement beau et il doit \u00eatre une <em>autonomisation<\/em> avoir un effet.<\/p><p data-start=\"302\" data-end=\"465\">Ce ne sont pas des agendas ou des cahiers d'exercices, mais un moment de r\u00e9flexion. Seulement pour vous.<\/p><p data-start=\"467\" data-end=\"581\">Les questions sont honn\u00eates et parfois confrontantes.<br data-start=\"499\" data-end=\"502\" \/>Par exemple : <em data-start=\"516\" data-end=\"549\">Comment est-ce que je veux me sentir cette semaine ?<\/em><br data-start=\"549\" data-end=\"552\" \/>de <em data-start=\"555\" data-end=\"581\">De quoi ai-je profit\u00e9 ?<\/em><\/p><p data-start=\"583\" data-end=\"697\">Le jeu de cartes sert de rappel quotidien de ce dont vous avez r\u00e9ellement besoin, avant m\u00eame de continuer.<\/p><p data-start=\"699\" data-end=\"820\">Vous n'avez pas besoin de croire en quoi que ce soit ni de bien faire quoi que ce soit. Ce n'est pas li\u00e9 \u00e0 la religion ni tr\u00e8s abstrait.\u00a0<\/p><p data-start=\"699\" data-end=\"820\">C'est seulement un <strong>mani\u00e8re de revenir \u00e0 soi de temps en temps.<\/strong><\/p><p data-start=\"822\" data-end=\"946\">Et le plus souvent, on y trouve quelque chose : du calme, et un peu plus d'espace pour vivre en pleine conscience plut\u00f4t que dans la h\u00e2te.<\/p>\t\t\t\t\t\t\t\t<\/div>\n\t\t\t\t<\/div>\n\t\t\t\t<div class=\"elementor-element elementor-element-de8901 elementor-widget elementor-widget-text-editor\" data-id=\"de8901\" data-element_type=\"widget\" data-e-type=\"widget\" data-widget_type=\"text-editor.default\">\n\t\t\t\t<div class=\"elementor-widget-container\">\n\t\t\t\t\t\t\t\t\t<p><a href=\"\/fr\/boutique\/\"><span style=\"text-decoration: underline;\">Directement \u00e0 la boutique<\/span><\/a><\/p>\t\t\t\t\t\t\t\t<\/div>\n\t\t\t\t<\/div>\n\t\t\t\t<\/div>\n\t\t\t\t<\/div>\n\t\t<div class=\"elementor-element elementor-element-56de1e8b e-con-full e-flex e-con e-child\" data-id=\"56de1e8b\" data-element_type=\"container\" data-e-type=\"container\">\n\t\t<div class=\"elementor-element elementor-element-6a4d7a34 e-con-full e-flex e-con e-child\" data-id=\"6a4d7a34\" data-element_type=\"container\" data-e-type=\"container\">\n\t\t\t\t<div class=\"elementor-element elementor-element-4c3b3895 elementor-widget elementor-widget-text-editor\" data-id=\"4c3b3895\" data-element_type=\"widget\" data-e-type=\"widget\" data-widget_type=\"text-editor.default\">\n\t\t\t\t<div class=\"elementor-widget-container\">\n\t\t\t\t\t\t\t\t\t<p>\u00e0 propos de Hilde<\/p>\t\t\t\t\t\t\t\t<\/div>\n\t\t\t\t<\/div>\n\t\t\t\t<div class=\"elementor-element elementor-element-7c6d673d elementor-widget elementor-widget-text-editor\" data-id=\"7c6d673d\" data-element_type=\"widget\" data-e-type=\"widget\" data-widget_type=\"text-editor.default\">\n\t\t\t\t<div class=\"elementor-widget-container\">\n\t\t\t\t\t\t\t\t\t<h3>The essence of slowing down<\/h3>\t\t\t\t\t\t\t\t<\/div>\n\t\t\t\t<\/div>\n\t\t\t\t<div class=\"elementor-element elementor-element-3e0daa57 elementor-widget-mobile__width-inherit elementor-widget elementor-widget-text-editor\" data-id=\"3e0daa57\" data-element_type=\"widget\" data-e-type=\"widget\" data-widget_type=\"text-editor.default\">\n\t\t\t\t<div class=\"elementor-widget-container\">\n\t\t\t\t\t\t\t\t\t<p data-start=\"2667\" data-end=\"2716\">retarder signifie que vous <strong>ambition<\/strong> dispara\u00eet. Ou que vous vous reposez simplement.<\/p><p data-start=\"2718\" data-end=\"2738\">Cela signifie que tu :<\/p><ul data-start=\"2739\" data-end=\"2880\"><li data-start=\"2739\" data-end=\"2774\"><p data-start=\"2741\" data-end=\"2774\">plus lumineux remarque ce qui est important<\/p><\/li><li data-start=\"2775\" data-end=\"2807\"><p data-start=\"2777\" data-end=\"2807\">reste toute la journ\u00e9e allum\u00e9<\/p><\/li><li data-start=\"2808\" data-end=\"2835\"><p data-start=\"2810\" data-end=\"2835\">des choix sans se presser<\/p><\/li><li data-start=\"2836\" data-end=\"2880\"><p data-start=\"2838\" data-end=\"2880\">\u00e9nergie restante \u00e0 la fin de votre journ\u00e9e\/semaine<\/p><\/li><\/ul><p>Quoi <span style=\"font-family: -apple-system, BlinkMacSystemFont, 'Segoe UI', Roboto, 'Helvetica Neue', Arial, 'Noto Sans', sans-serif, 'Apple Color Emoji', 'Segoe UI Emoji', 'Segoe UI Symbol', 'Noto Color Emoji';\">que je vois sans cesse, c'est que les gens ne sont pas fatigu\u00e9s de tout ce qu'ils font, mais de ne pas avoir clair dans leur <strong>priorit\u00e9s.<\/strong><\/span><\/p><p data-start=\"2988\" data-end=\"3100\">Quand vous avez un point de rep\u00e8re fixe dans une journ\u00e9e ou une semaine, quelque chose change.\u00a0<\/p><p data-start=\"3102\" data-end=\"3162\">Tu ne vas pas ralentir.<br data-start=\"3131\" data-end=\"3134\" \/>Tu vis moins fragment\u00e9.<\/p><p data-start=\"3102\" data-end=\"3162\">Avec plus de concentration. Plus d'attention. Plus d'amour. Plus de gratitude pour ce qui est, au lieu d'\u00eatre constamment pr\u00e9occup\u00e9 par <em>la prochaine chose.<\/em><\/p>\t\t\t\t\t\t\t\t<\/div>\n\t\t\t\t<\/div>\n\t\t\t\t<\/div>\n\t\t\t\t<div class=\"elementor-element elementor-element-2ebb3770 elementor-widget elementor-widget-image\" data-id=\"2ebb3770\" data-element_type=\"widget\" data-e-type=\"widget\" data-widget_type=\"image.default\">\n\t\t\t\t<div class=\"elementor-widget-container\">\n\t\t\t\t\t\t\t\t\t\t\t\t\t\t\t<img decoding=\"async\" width=\"1707\" height=\"2560\" src=\"https:\/\/mon-day.nl\/wp-content\/uploads\/2026\/02\/Hilde2026-126-scaled.jpg\" class=\"attachment-full size-full wp-image-15911\" alt=\"\" srcset=\"https:\/\/mon-day.nl\/wp-content\/uploads\/2026\/02\/Hilde2026-126-scaled.jpg 1707w, https:\/\/mon-day.nl\/wp-content\/uploads\/2026\/02\/Hilde2026-126-200x300.jpg 200w, https:\/\/mon-day.nl\/wp-content\/uploads\/2026\/02\/Hilde2026-126-683x1024.jpg 683w, https:\/\/mon-day.nl\/wp-content\/uploads\/2026\/02\/Hilde2026-126-768x1152.jpg 768w, https:\/\/mon-day.nl\/wp-content\/uploads\/2026\/02\/Hilde2026-126-1024x1536.jpg 1024w, https:\/\/mon-day.nl\/wp-content\/uploads\/2026\/02\/Hilde2026-126-1365x2048.jpg 1365w, https:\/\/mon-day.nl\/wp-content\/uploads\/2026\/02\/Hilde2026-126-900x1350.jpg 900w\" sizes=\"(max-width: 1707px) 100vw, 1707px\" \/>\t\t\t\t\t\t\t\t\t\t\t\t\t\t\t<\/div>\n\t\t\t\t<\/div>\n\t\t\t\t<\/div>\n\t\t\t\t\t<\/div>\n\t\t\t\t<\/div>\n\t\t\t\t<section class=\"elementor-section elementor-top-section elementor-element elementor-element-3fee6f00 elementor-section-boxed elementor-section-height-default elementor-section-height-default\" data-id=\"3fee6f00\" data-element_type=\"section\" data-e-type=\"section\">\n\t\t\t\t\t\t<div class=\"elementor-container elementor-column-gap-default\">\n\t\t\t\t\t<div class=\"elementor-column elementor-col-100 elementor-top-column elementor-element elementor-element-2bf708c\" data-id=\"2bf708c\" data-element_type=\"column\" data-e-type=\"column\">\n\t\t\t<div class=\"elementor-widget-wrap\">\n\t\t\t\t\t\t\t<\/div>\n\t\t<\/div>\n\t\t\t\t\t<\/div>\n\t\t<\/section>\n\t\t\t\t<\/div>","protected":false},"excerpt":{"rendered":"<p>Over Hilde creator, entrepreneur, (twin)mom, speaker, daydreamer November 2019. Ik lag op de bank met een slapende baby op mijn borst. Het huis was stil, mijn agenda stond stil, en voor het eerst in lange tijd hoefde ik nergens heen. En tegelijk dacht ik:ik wil eigenlijk heel graag weer meedoen met het leven. Niet omdat [&hellip;]<\/p>\n","protected":false},"author":1,"featured_media":0,"parent":0,"menu_order":0,"comment_status":"closed","ping_status":"closed","template":"elementor_header_footer","meta":{"_exactmetrics_skip_tracking":false,"_exactmetrics_sitenote_active":false,"_exactmetrics_sitenote_note":"","_exactmetrics_sitenote_category":0,"footnotes":""},"class_list":["post-550","page","type-page","status-publish","hentry"],"yoast_head":"<!-- This site is optimized with the Yoast SEO plugin v27.4 - https:\/\/yoast.com\/product\/yoast-seo-wordpress\/ -->\n<title>About &#8226; Monday<\/title>\n<meta name=\"robots\" content=\"index, follow, max-snippet:-1, max-image-preview:large, max-video-preview:-1\" \/>\n<link rel=\"canonical\" href=\"https:\/\/mon-day.nl\/fr\/a-propos\/\" \/>\n<meta property=\"og:locale\" content=\"fr_FR\" \/>\n<meta property=\"og:type\" content=\"article\" \/>\n<meta property=\"og:title\" content=\"About &#8226; Monday\" \/>\n<meta property=\"og:description\" content=\"Over Hilde creator, entrepreneur, (twin)mom, speaker, daydreamer November 2019. Ik lag op de bank met een slapende baby op mijn borst. Het huis was stil, mijn agenda stond stil, en voor het eerst in lange tijd hoefde ik nergens heen. En tegelijk dacht ik:ik wil eigenlijk heel graag weer meedoen met het leven. Niet omdat [&hellip;]\" \/>\n<meta property=\"og:url\" content=\"https:\/\/mon-day.nl\/fr\/a-propos\/\" \/>\n<meta property=\"og:site_name\" content=\"Monday\" \/>\n<meta property=\"article:modified_time\" content=\"2026-03-09T11:10:37+00:00\" \/>\n<meta property=\"og:image\" content=\"https:\/\/mon-day.nl\/wp-content\/uploads\/2026\/03\/Hilde2026-031-scaled.jpg\" \/>\n\t<meta property=\"og:image:width\" content=\"1707\" \/>\n\t<meta property=\"og:image:height\" content=\"2560\" \/>\n\t<meta property=\"og:image:type\" content=\"image\/jpeg\" \/>\n<meta name=\"twitter:card\" content=\"summary_large_image\" \/>\n<meta name=\"twitter:label1\" content=\"Dur\u00e9e de lecture estim\u00e9e\" \/>\n\t<meta name=\"twitter:data1\" content=\"3 minutes\" \/>\n<script type=\"application\/ld+json\" class=\"yoast-schema-graph\">{\"@context\":\"https:\\\/\\\/schema.org\",\"@graph\":[{\"@type\":\"WebPage\",\"@id\":\"https:\\\/\\\/mon-day.nl\\\/about\\\/\",\"url\":\"https:\\\/\\\/mon-day.nl\\\/about\\\/\",\"name\":\"About &#8226; Monday\",\"isPartOf\":{\"@id\":\"https:\\\/\\\/mon-day.nl\\\/#website\"},\"primaryImageOfPage\":{\"@id\":\"https:\\\/\\\/mon-day.nl\\\/about\\\/#primaryimage\"},\"image\":{\"@id\":\"https:\\\/\\\/mon-day.nl\\\/about\\\/#primaryimage\"},\"thumbnailUrl\":\"https:\\\/\\\/mon-day.nl\\\/wp-content\\\/uploads\\\/2026\\\/03\\\/Hilde2026-031-scaled.jpg\",\"datePublished\":\"2023-05-23T08:58:48+00:00\",\"dateModified\":\"2026-03-09T11:10:37+00:00\",\"breadcrumb\":{\"@id\":\"https:\\\/\\\/mon-day.nl\\\/about\\\/#breadcrumb\"},\"inLanguage\":\"fr-FR\",\"potentialAction\":[{\"@type\":\"ReadAction\",\"target\":[\"https:\\\/\\\/mon-day.nl\\\/about\\\/\"]}]},{\"@type\":\"ImageObject\",\"inLanguage\":\"fr-FR\",\"@id\":\"https:\\\/\\\/mon-day.nl\\\/about\\\/#primaryimage\",\"url\":\"https:\\\/\\\/mon-day.nl\\\/wp-content\\\/uploads\\\/2026\\\/03\\\/Hilde2026-031-scaled.jpg\",\"contentUrl\":\"https:\\\/\\\/mon-day.nl\\\/wp-content\\\/uploads\\\/2026\\\/03\\\/Hilde2026-031-scaled.jpg\"},{\"@type\":\"BreadcrumbList\",\"@id\":\"https:\\\/\\\/mon-day.nl\\\/about\\\/#breadcrumb\",\"itemListElement\":[{\"@type\":\"ListItem\",\"position\":1,\"name\":\"Home\",\"item\":\"https:\\\/\\\/mon-day.nl\\\/\"},{\"@type\":\"ListItem\",\"position\":2,\"name\":\"About\"}]},{\"@type\":\"WebSite\",\"@id\":\"https:\\\/\\\/mon-day.nl\\\/#website\",\"url\":\"https:\\\/\\\/mon-day.nl\\\/\",\"name\":\"Mon-day.nl\",\"description\":\"Slow down products for daily life\",\"publisher\":{\"@id\":\"https:\\\/\\\/mon-day.nl\\\/#organization\"},\"potentialAction\":[{\"@type\":\"SearchAction\",\"target\":{\"@type\":\"EntryPoint\",\"urlTemplate\":\"https:\\\/\\\/mon-day.nl\\\/?s={search_term_string}\"},\"query-input\":{\"@type\":\"PropertyValueSpecification\",\"valueRequired\":true,\"valueName\":\"search_term_string\"}}],\"inLanguage\":\"fr-FR\"},{\"@type\":\"Organization\",\"@id\":\"https:\\\/\\\/mon-day.nl\\\/#organization\",\"name\":\"Monday NL\",\"url\":\"https:\\\/\\\/mon-day.nl\\\/\",\"logo\":{\"@type\":\"ImageObject\",\"inLanguage\":\"fr-FR\",\"@id\":\"https:\\\/\\\/mon-day.nl\\\/#\\\/schema\\\/logo\\\/image\\\/\",\"url\":\"https:\\\/\\\/mon-day.nl\\\/wp-content\\\/uploads\\\/2023\\\/05\\\/cropped-Instagram-deel-5-5.jpg\",\"contentUrl\":\"https:\\\/\\\/mon-day.nl\\\/wp-content\\\/uploads\\\/2023\\\/05\\\/cropped-Instagram-deel-5-5.jpg\",\"width\":512,\"height\":512,\"caption\":\"Monday NL\"},\"image\":{\"@id\":\"https:\\\/\\\/mon-day.nl\\\/#\\\/schema\\\/logo\\\/image\\\/\"},\"sameAs\":[\"https:\\\/\\\/www.instagram.com\\\/monday_nl\\\/\"]}]}<\/script>\n<!-- \/ Yoast SEO plugin. -->","yoast_head_json":{"title":"\u00c0 propos \u2022 Lundi","robots":{"index":"index","follow":"follow","max-snippet":"max-snippet:-1","max-image-preview":"max-image-preview:large","max-video-preview":"max-video-preview:-1"},"canonical":"https:\/\/mon-day.nl\/fr\/a-propos\/","og_locale":"fr_FR","og_type":"article","og_title":"About &#8226; Monday","og_description":"Over Hilde creator, entrepreneur, (twin)mom, speaker, daydreamer November 2019. Ik lag op de bank met een slapende baby op mijn borst. Het huis was stil, mijn agenda stond stil, en voor het eerst in lange tijd hoefde ik nergens heen. En tegelijk dacht ik:ik wil eigenlijk heel graag weer meedoen met het leven. Niet omdat [&hellip;]","og_url":"https:\/\/mon-day.nl\/fr\/a-propos\/","og_site_name":"Monday","article_modified_time":"2026-03-09T11:10:37+00:00","og_image":[{"width":1707,"height":2560,"url":"https:\/\/mon-day.nl\/wp-content\/uploads\/2026\/03\/Hilde2026-031-scaled.jpg","type":"image\/jpeg"}],"twitter_card":"summary_large_image","twitter_misc":{"Dur\u00e9e de lecture estim\u00e9e":"3 minutes"},"schema":{"@context":"https:\/\/schema.org","@graph":[{"@type":"WebPage","@id":"https:\/\/mon-day.nl\/about\/","url":"https:\/\/mon-day.nl\/about\/","name":"\u00c0 propos \u2022 Lundi","isPartOf":{"@id":"https:\/\/mon-day.nl\/#website"},"primaryImageOfPage":{"@id":"https:\/\/mon-day.nl\/about\/#primaryimage"},"image":{"@id":"https:\/\/mon-day.nl\/about\/#primaryimage"},"thumbnailUrl":"https:\/\/mon-day.nl\/wp-content\/uploads\/2026\/03\/Hilde2026-031-scaled.jpg","datePublished":"2023-05-23T08:58:48+00:00","dateModified":"2026-03-09T11:10:37+00:00","breadcrumb":{"@id":"https:\/\/mon-day.nl\/about\/#breadcrumb"},"inLanguage":"fr-FR","potentialAction":[{"@type":"ReadAction","target":["https:\/\/mon-day.nl\/about\/"]}]},{"@type":"ImageObject","inLanguage":"fr-FR","@id":"https:\/\/mon-day.nl\/about\/#primaryimage","url":"https:\/\/mon-day.nl\/wp-content\/uploads\/2026\/03\/Hilde2026-031-scaled.jpg","contentUrl":"https:\/\/mon-day.nl\/wp-content\/uploads\/2026\/03\/Hilde2026-031-scaled.jpg"},{"@type":"BreadcrumbList","@id":"https:\/\/mon-day.nl\/about\/#breadcrumb","itemListElement":[{"@type":"ListItem","position":1,"name":"Home","item":"https:\/\/mon-day.nl\/"},{"@type":"ListItem","position":2,"name":"About"}]},{"@type":"WebSite","@id":"https:\/\/mon-day.nl\/#website","url":"https:\/\/mon-day.nl\/","name":"Mon-day.co.uk","description":"Produits de ralentissement pour la vie quotidienne","publisher":{"@id":"https:\/\/mon-day.nl\/#organization"},"potentialAction":[{"@type":"SearchAction","target":{"@type":"EntryPoint","urlTemplate":"https:\/\/mon-day.nl\/?s={search_term_string}"},"query-input":{"@type":"PropertyValueSpecification","valueRequired":true,"valueName":"search_term_string"}}],"inLanguage":"fr-FR"},{"@type":"Organization","@id":"https:\/\/mon-day.nl\/#organization","name":"Lundi FR","url":"https:\/\/mon-day.nl\/","logo":{"@type":"ImageObject","inLanguage":"fr-FR","@id":"https:\/\/mon-day.nl\/#\/schema\/logo\/image\/","url":"https:\/\/mon-day.nl\/wp-content\/uploads\/2023\/05\/cropped-Instagram-deel-5-5.jpg","contentUrl":"https:\/\/mon-day.nl\/wp-content\/uploads\/2023\/05\/cropped-Instagram-deel-5-5.jpg","width":512,"height":512,"caption":"Monday NL"},"image":{"@id":"https:\/\/mon-day.nl\/#\/schema\/logo\/image\/"},"sameAs":["https:\/\/www.instagram.com\/monday_nl\/"]}]}},"jetpack_sharing_enabled":true,"_links":{"self":[{"href":"https:\/\/mon-day.nl\/fr\/wp-json\/wp\/v2\/pages\/550","targetHints":{"allow":["GET"]}}],"collection":[{"href":"https:\/\/mon-day.nl\/fr\/wp-json\/wp\/v2\/pages"}],"about":[{"href":"https:\/\/mon-day.nl\/fr\/wp-json\/wp\/v2\/types\/page"}],"author":[{"embeddable":true,"href":"https:\/\/mon-day.nl\/fr\/wp-json\/wp\/v2\/users\/1"}],"replies":[{"embeddable":true,"href":"https:\/\/mon-day.nl\/fr\/wp-json\/wp\/v2\/comments?post=550"}],"version-history":[{"count":56,"href":"https:\/\/mon-day.nl\/fr\/wp-json\/wp\/v2\/pages\/550\/revisions"}],"predecessor-version":[{"id":16457,"href":"https:\/\/mon-day.nl\/fr\/wp-json\/wp\/v2\/pages\/550\/revisions\/16457"}],"wp:attachment":[{"href":"https:\/\/mon-day.nl\/fr\/wp-json\/wp\/v2\/media?parent=550"}],"curies":[{"name":"wp","href":"https:\/\/api.w.org\/{rel}","templated":true}]}}