{"id":14205,"date":"2025-11-11T12:35:11","date_gmt":"2025-11-11T11:35:11","guid":{"rendered":"https:\/\/mon-day.nl\/?page_id=14205"},"modified":"2026-02-02T08:00:16","modified_gmt":"2026-02-02T07:00:16","slug":"bio","status":"publish","type":"page","link":"https:\/\/mon-day.nl\/fr\/bio\/","title":{"rendered":"Link in Bio"},"content":{"rendered":"<div data-elementor-type=\"wp-page\" data-elementor-id=\"14205\" class=\"elementor elementor-14205\" data-elementor-post-type=\"page\">\n\t\t\t\t<div class=\"elementor-element elementor-element-2f406b4 e-flex e-con-boxed e-con e-parent\" data-id=\"2f406b4\" data-element_type=\"container\" data-e-type=\"container\" data-settings=\"{&quot;background_background&quot;:&quot;classic&quot;}\">\n\t\t\t\t\t<div class=\"e-con-inner\">\n\t\t<div class=\"elementor-element elementor-element-64e4508 e-con-full elementor-hidden-mobile e-flex e-con e-child\" data-id=\"64e4508\" data-element_type=\"container\" data-e-type=\"container\">\n\t\t\t\t<\/div>\n\t\t<div class=\"elementor-element elementor-element-19c8baa e-con-full e-flex e-con e-child\" data-id=\"19c8baa\" data-element_type=\"container\" data-e-type=\"container\" data-settings=\"{&quot;background_background&quot;:&quot;classic&quot;}\">\n\t\t\t\t<div class=\"elementor-element elementor-element-ab9bf10 elementor-widget elementor-widget-image\" data-id=\"ab9bf10\" data-element_type=\"widget\" data-e-type=\"widget\" data-widget_type=\"image.default\">\n\t\t\t\t<div class=\"elementor-widget-container\">\n\t\t\t\t\t\t\t\t\t\t\t\t\t\t\t<img fetchpriority=\"high\" decoding=\"async\" width=\"800\" height=\"800\" src=\"https:\/\/mon-day.nl\/wp-content\/uploads\/2025\/11\/Quiz.png\" class=\"attachment-large size-large wp-image-14309\" alt=\"\" srcset=\"https:\/\/mon-day.nl\/wp-content\/uploads\/2025\/11\/Quiz.png 875w, https:\/\/mon-day.nl\/wp-content\/uploads\/2025\/11\/Quiz-300x300.png 300w, https:\/\/mon-day.nl\/wp-content\/uploads\/2025\/11\/Quiz-150x150.png 150w, https:\/\/mon-day.nl\/wp-content\/uploads\/2025\/11\/Quiz-768x768.png 768w, https:\/\/mon-day.nl\/wp-content\/uploads\/2025\/11\/Quiz-100x100.png 100w\" sizes=\"(max-width: 800px) 100vw, 800px\" \/>\t\t\t\t\t\t\t\t\t\t\t\t\t\t\t<\/div>\n\t\t\t\t<\/div>\n\t\t\t\t<div class=\"elementor-element elementor-element-a6335eb elementor-widget elementor-widget-heading\" data-id=\"a6335eb\" data-element_type=\"widget\" data-e-type=\"widget\" data-widget_type=\"heading.default\">\n\t\t\t\t<div class=\"elementor-widget-container\">\n\t\t\t\t\t<h2 class=\"elementor-heading-title elementor-size-default\">Hilde Eisma<\/h2>\t\t\t\t<\/div>\n\t\t\t\t<\/div>\n\t\t\t\t<div class=\"elementor-element elementor-element-0e8653d elementor-widget elementor-widget-text-editor\" data-id=\"0e8653d\" data-element_type=\"widget\" data-e-type=\"widget\" data-widget_type=\"text-editor.default\">\n\t\t\t\t<div class=\"elementor-widget-container\">\n\t\t\t\t\t\t\t\t\t<p>Course creator, spreker,\u00a0 (twin) mom, entrepreneur.<\/p>\t\t\t\t\t\t\t\t<\/div>\n\t\t\t\t<\/div>\n\t\t\t\t<div class=\"elementor-element elementor-element-02484fa elementor-widget elementor-widget-heading\" data-id=\"02484fa\" data-element_type=\"widget\" data-e-type=\"widget\" data-widget_type=\"heading.default\">\n\t\t\t\t<div class=\"elementor-widget-container\">\n\t\t\t\t\t<h2 class=\"elementor-heading-title elementor-size-default\">The Creators Collective<\/h2>\t\t\t\t<\/div>\n\t\t\t\t<\/div>\n\t\t\t\t<div class=\"elementor-element elementor-element-11a0138 elementor-position-left elementor-position-top elementor-vertical-align-top elementor-widget elementor-widget-image-box\" data-id=\"11a0138\" data-element_type=\"widget\" data-e-type=\"widget\" data-widget_type=\"image-box.default\">\n\t\t\t\t<div class=\"elementor-widget-container\">\n\t\t\t\t\t<div class=\"elementor-image-box-wrapper\"><figure class=\"elementor-image-box-img\"><a href=\"https:\/\/mondaynl.plugandpay.nl\/checkout\/the-creators-collective\" tabindex=\"-1\"><img decoding=\"async\" width=\"1000\" height=\"1000\" src=\"https:\/\/mon-day.nl\/wp-content\/uploads\/2025\/11\/The-Muse-6.png\" class=\"attachment-full size-full wp-image-14351\" alt=\"\" srcset=\"https:\/\/mon-day.nl\/wp-content\/uploads\/2025\/11\/The-Muse-6.png 1000w, https:\/\/mon-day.nl\/wp-content\/uploads\/2025\/11\/The-Muse-6-300x300.png 300w, https:\/\/mon-day.nl\/wp-content\/uploads\/2025\/11\/The-Muse-6-150x150.png 150w, https:\/\/mon-day.nl\/wp-content\/uploads\/2025\/11\/The-Muse-6-768x768.png 768w, https:\/\/mon-day.nl\/wp-content\/uploads\/2025\/11\/The-Muse-6-900x900.png 900w, https:\/\/mon-day.nl\/wp-content\/uploads\/2025\/11\/The-Muse-6-100x100.png 100w\" sizes=\"(max-width: 1000px) 100vw, 1000px\" \/><\/a><\/figure><div class=\"elementor-image-box-content\"><h3 class=\"elementor-image-box-title\"><a href=\"https:\/\/mondaynl.plugandpay.nl\/checkout\/the-creators-collective\">The Creators Collective - \u20ac 22<\/a><\/h3><p class=\"elementor-image-box-description\">Je moet het zelf doen, maar je hoeft het niet alleen te doen. Of je nu een cursus bouwt, een product lanceert of je business vormgeeft \u2014 hier vind je support, inspiratie \u00e9n accountability. Je krijgt direct toegang tot live sessies, een bruisende community en de tools om eindelijk d\u00f3\u00f3r te pakken.<\/p><\/div><\/div>\t\t\t\t<\/div>\n\t\t\t\t<\/div>\n\t\t\t\t<div class=\"elementor-element elementor-element-9a9f1c0 elementor-widget elementor-widget-heading\" data-id=\"9a9f1c0\" data-element_type=\"widget\" data-e-type=\"widget\" data-widget_type=\"heading.default\">\n\t\t\t\t<div class=\"elementor-widget-container\">\n\t\t\t\t\t<h2 class=\"elementor-heading-title elementor-size-default\">Talks &amp; workshops<\/h2>\t\t\t\t<\/div>\n\t\t\t\t<\/div>\n\t\t\t\t<div class=\"elementor-element elementor-element-212cd29 elementor-position-left elementor-position-top elementor-vertical-align-top elementor-widget elementor-widget-image-box\" data-id=\"212cd29\" data-element_type=\"widget\" data-e-type=\"widget\" data-widget_type=\"image-box.default\">\n\t\t\t\t<div class=\"elementor-widget-container\">\n\t\t\t\t\t<div class=\"elementor-image-box-wrapper\"><figure class=\"elementor-image-box-img\"><a href=\"https:\/\/mon-day.nl\/fr\/boek-mij-als-spreker\/\" target=\"_blank\" tabindex=\"-1\"><img decoding=\"async\" width=\"1000\" height=\"1000\" src=\"https:\/\/mon-day.nl\/wp-content\/uploads\/2025\/11\/The-Muse-8.png\" class=\"attachment-full size-full wp-image-14353\" alt=\"\" srcset=\"https:\/\/mon-day.nl\/wp-content\/uploads\/2025\/11\/The-Muse-8.png 1000w, https:\/\/mon-day.nl\/wp-content\/uploads\/2025\/11\/The-Muse-8-300x300.png 300w, https:\/\/mon-day.nl\/wp-content\/uploads\/2025\/11\/The-Muse-8-150x150.png 150w, https:\/\/mon-day.nl\/wp-content\/uploads\/2025\/11\/The-Muse-8-768x768.png 768w, https:\/\/mon-day.nl\/wp-content\/uploads\/2025\/11\/The-Muse-8-900x900.png 900w, https:\/\/mon-day.nl\/wp-content\/uploads\/2025\/11\/The-Muse-8-100x100.png 100w\" sizes=\"(max-width: 1000px) 100vw, 1000px\" \/><\/a><\/figure><div class=\"elementor-image-box-content\"><h3 class=\"elementor-image-box-title\"><a href=\"https:\/\/mon-day.nl\/fr\/boek-mij-als-spreker\/\" target=\"_blank\">Spreker, workshopgever &amp; dagvoorzitter<\/a><\/h3><p class=\"elementor-image-box-description\">Meer weten over hoe je mij kunt boeken voor talks, workshops of als dagvoorzitter? Mail me op hello@mon-day.nl of op de afbeelding.<\/p><\/div><\/div>\t\t\t\t<\/div>\n\t\t\t\t<\/div>\n\t\t\t\t<div class=\"elementor-element elementor-element-5b94a15 elementor-widget elementor-widget-heading\" data-id=\"5b94a15\" data-element_type=\"widget\" data-e-type=\"widget\" data-widget_type=\"heading.default\">\n\t\t\t\t<div class=\"elementor-widget-container\">\n\t\t\t\t\t<h2 class=\"elementor-heading-title elementor-size-default\">Webshop &amp; home<\/h2>\t\t\t\t<\/div>\n\t\t\t\t<\/div>\n\t\t\t\t<div class=\"elementor-element elementor-element-494e772 elementor-position-left elementor-position-top elementor-vertical-align-top elementor-widget elementor-widget-image-box\" data-id=\"494e772\" data-element_type=\"widget\" data-e-type=\"widget\" data-widget_type=\"image-box.default\">\n\t\t\t\t<div class=\"elementor-widget-container\">\n\t\t\t\t\t<div class=\"elementor-image-box-wrapper\"><figure class=\"elementor-image-box-img\"><a href=\"https:\/\/mon-day.nl\/fr\/winkel\/\" target=\"_blank\" tabindex=\"-1\"><img loading=\"lazy\" decoding=\"async\" width=\"1000\" height=\"1000\" src=\"https:\/\/mon-day.nl\/wp-content\/uploads\/2025\/11\/The-Muse-3-1.png\" class=\"attachment-full size-full wp-image-14348\" alt=\"\" srcset=\"https:\/\/mon-day.nl\/wp-content\/uploads\/2025\/11\/The-Muse-3-1.png 1000w, https:\/\/mon-day.nl\/wp-content\/uploads\/2025\/11\/The-Muse-3-1-300x300.png 300w, https:\/\/mon-day.nl\/wp-content\/uploads\/2025\/11\/The-Muse-3-1-150x150.png 150w, https:\/\/mon-day.nl\/wp-content\/uploads\/2025\/11\/The-Muse-3-1-768x768.png 768w, https:\/\/mon-day.nl\/wp-content\/uploads\/2025\/11\/The-Muse-3-1-900x900.png 900w, https:\/\/mon-day.nl\/wp-content\/uploads\/2025\/11\/The-Muse-3-1-100x100.png 100w\" sizes=\"(max-width: 1000px) 100vw, 1000px\" \/><\/a><\/figure><div class=\"elementor-image-box-content\"><h3 class=\"elementor-image-box-title\"><a href=\"https:\/\/mon-day.nl\/fr\/winkel\/\" target=\"_blank\">Webshop - vanaf \u20ac14,95<\/a><\/h3><p class=\"elementor-image-box-description\">Webshop met Slow Down producten. Shop hier jouw Slow Down Journal, kaartendeck, Further Journal of boek Bloom. Tip: de Slow Down Giftbox is een cadeau om te geven \u00e9n te krijgen. Gratis verzending.<\/p><\/div><\/div>\t\t\t\t<\/div>\n\t\t\t\t<\/div>\n\t\t\t\t<div class=\"elementor-element elementor-element-fcfdb5d elementor-position-left elementor-position-top elementor-vertical-align-top elementor-widget elementor-widget-image-box\" data-id=\"fcfdb5d\" data-element_type=\"widget\" data-e-type=\"widget\" data-widget_type=\"image-box.default\">\n\t\t\t\t<div class=\"elementor-widget-container\">\n\t\t\t\t\t<div class=\"elementor-image-box-wrapper\"><figure class=\"elementor-image-box-img\"><a href=\"https:\/\/mon-day.nl\/fr\/\" target=\"_blank\" tabindex=\"-1\"><img decoding=\"async\" src=\"https:\/\/mon-day.nl\/wp-content\/uploads\/2025\/11\/Home-page.png\" title=\"\" alt=\"\" loading=\"lazy\" \/><\/a><\/figure><div class=\"elementor-image-box-content\"><h3 class=\"elementor-image-box-title\"><a href=\"https:\/\/mon-day.nl\/fr\/\" target=\"_blank\">Ga naar de home page<\/a><\/h3><p class=\"elementor-image-box-description\">Meer informatie over wat ik voor je kan betekenen? <br> Klik op de foto om naar de home page te gaan. <\/p><\/div><\/div>\t\t\t\t<\/div>\n\t\t\t\t<\/div>\n\t\t\t\t<\/div>\n\t\t<div class=\"elementor-element elementor-element-85493df e-con-full e-flex e-con e-child\" data-id=\"85493df\" data-element_type=\"container\" data-e-type=\"container\">\n\t\t\t\t<\/div>\n\t\t\t\t\t<\/div>\n\t\t\t\t<\/div>\n\t\t\t\t<\/div>","protected":false},"excerpt":{"rendered":"<p>Hilde Eisma Course creator, spreker,\u00a0 (twin) mom, entrepreneur. The Creators Collective The Creators Collective &#8211; \u20ac 22 Je moet het zelf doen, maar je hoeft het niet alleen te doen. Of je nu een cursus bouwt, een product lanceert of je business vormgeeft \u2014 hier vind je support, inspiratie \u00e9n accountability. Je krijgt direct toegang [&hellip;]<\/p>\n","protected":false},"author":1,"featured_media":0,"parent":0,"menu_order":0,"comment_status":"closed","ping_status":"closed","template":"elementor_header_footer","meta":{"_exactmetrics_skip_tracking":false,"_exactmetrics_sitenote_active":false,"_exactmetrics_sitenote_note":"","_exactmetrics_sitenote_category":0,"footnotes":""},"class_list":["post-14205","page","type-page","status-publish","hentry"],"yoast_head":"<!-- This site is optimized with the Yoast SEO plugin v27.3 - https:\/\/yoast.com\/product\/yoast-seo-wordpress\/ -->\n<title>Link in Bio &#8226; Monday<\/title>\n<meta name=\"robots\" content=\"index, follow, max-snippet:-1, max-image-preview:large, max-video-preview:-1\" \/>\n<link rel=\"canonical\" href=\"https:\/\/mon-day.nl\/fr\/bio\/\" \/>\n<meta property=\"og:locale\" content=\"fr_FR\" \/>\n<meta property=\"og:type\" content=\"article\" \/>\n<meta property=\"og:title\" content=\"Link in Bio &#8226; Monday\" \/>\n<meta property=\"og:description\" content=\"Hilde Eisma Course creator, spreker,\u00a0 (twin) mom, entrepreneur. The Creators Collective The Creators Collective &#8211; \u20ac 22 Je moet het zelf doen, maar je hoeft het niet alleen te doen. Of je nu een cursus bouwt, een product lanceert of je business vormgeeft \u2014 hier vind je support, inspiratie \u00e9n accountability. Je krijgt direct toegang [&hellip;]\" \/>\n<meta property=\"og:url\" content=\"https:\/\/mon-day.nl\/fr\/bio\/\" \/>\n<meta property=\"og:site_name\" content=\"Monday\" \/>\n<meta property=\"article:modified_time\" content=\"2026-02-02T07:00:16+00:00\" \/>\n<meta property=\"og:image\" content=\"https:\/\/mon-day.nl\/wp-content\/uploads\/2025\/11\/Quiz.png\" \/>\n\t<meta property=\"og:image:width\" content=\"875\" \/>\n\t<meta property=\"og:image:height\" content=\"875\" \/>\n\t<meta property=\"og:image:type\" content=\"image\/png\" \/>\n<meta name=\"twitter:card\" content=\"summary_large_image\" \/>\n<meta name=\"twitter:label1\" content=\"Dur\u00e9e de lecture estim\u00e9e\" \/>\n\t<meta name=\"twitter:data1\" content=\"2 minutes\" \/>\n<script type=\"application\/ld+json\" class=\"yoast-schema-graph\">{\"@context\":\"https:\\\/\\\/schema.org\",\"@graph\":[{\"@type\":\"WebPage\",\"@id\":\"https:\\\/\\\/mon-day.nl\\\/bio\\\/\",\"url\":\"https:\\\/\\\/mon-day.nl\\\/bio\\\/\",\"name\":\"Link in Bio &#8226; Monday\",\"isPartOf\":{\"@id\":\"https:\\\/\\\/mon-day.nl\\\/#website\"},\"primaryImageOfPage\":{\"@id\":\"https:\\\/\\\/mon-day.nl\\\/bio\\\/#primaryimage\"},\"image\":{\"@id\":\"https:\\\/\\\/mon-day.nl\\\/bio\\\/#primaryimage\"},\"thumbnailUrl\":\"https:\\\/\\\/mon-day.nl\\\/wp-content\\\/uploads\\\/2025\\\/11\\\/Quiz.png\",\"datePublished\":\"2025-11-11T11:35:11+00:00\",\"dateModified\":\"2026-02-02T07:00:16+00:00\",\"breadcrumb\":{\"@id\":\"https:\\\/\\\/mon-day.nl\\\/bio\\\/#breadcrumb\"},\"inLanguage\":\"fr-FR\",\"potentialAction\":[{\"@type\":\"ReadAction\",\"target\":[\"https:\\\/\\\/mon-day.nl\\\/bio\\\/\"]}]},{\"@type\":\"ImageObject\",\"inLanguage\":\"fr-FR\",\"@id\":\"https:\\\/\\\/mon-day.nl\\\/bio\\\/#primaryimage\",\"url\":\"https:\\\/\\\/mon-day.nl\\\/wp-content\\\/uploads\\\/2025\\\/11\\\/Quiz.png\",\"contentUrl\":\"https:\\\/\\\/mon-day.nl\\\/wp-content\\\/uploads\\\/2025\\\/11\\\/Quiz.png\"},{\"@type\":\"BreadcrumbList\",\"@id\":\"https:\\\/\\\/mon-day.nl\\\/bio\\\/#breadcrumb\",\"itemListElement\":[{\"@type\":\"ListItem\",\"position\":1,\"name\":\"Home\",\"item\":\"https:\\\/\\\/mon-day.nl\\\/\"},{\"@type\":\"ListItem\",\"position\":2,\"name\":\"Link in Bio\"}]},{\"@type\":\"WebSite\",\"@id\":\"https:\\\/\\\/mon-day.nl\\\/#website\",\"url\":\"https:\\\/\\\/mon-day.nl\\\/\",\"name\":\"Mon-day.nl\",\"description\":\"Slow down products for daily life\",\"publisher\":{\"@id\":\"https:\\\/\\\/mon-day.nl\\\/#organization\"},\"potentialAction\":[{\"@type\":\"SearchAction\",\"target\":{\"@type\":\"EntryPoint\",\"urlTemplate\":\"https:\\\/\\\/mon-day.nl\\\/?s={search_term_string}\"},\"query-input\":{\"@type\":\"PropertyValueSpecification\",\"valueRequired\":true,\"valueName\":\"search_term_string\"}}],\"inLanguage\":\"fr-FR\"},{\"@type\":\"Organization\",\"@id\":\"https:\\\/\\\/mon-day.nl\\\/#organization\",\"name\":\"Monday NL\",\"url\":\"https:\\\/\\\/mon-day.nl\\\/\",\"logo\":{\"@type\":\"ImageObject\",\"inLanguage\":\"fr-FR\",\"@id\":\"https:\\\/\\\/mon-day.nl\\\/#\\\/schema\\\/logo\\\/image\\\/\",\"url\":\"https:\\\/\\\/mon-day.nl\\\/wp-content\\\/uploads\\\/2023\\\/05\\\/cropped-Instagram-deel-5-5.jpg\",\"contentUrl\":\"https:\\\/\\\/mon-day.nl\\\/wp-content\\\/uploads\\\/2023\\\/05\\\/cropped-Instagram-deel-5-5.jpg\",\"width\":512,\"height\":512,\"caption\":\"Monday NL\"},\"image\":{\"@id\":\"https:\\\/\\\/mon-day.nl\\\/#\\\/schema\\\/logo\\\/image\\\/\"},\"sameAs\":[\"https:\\\/\\\/www.instagram.com\\\/monday_nl\\\/\"]}]}<\/script>\n<!-- \/ Yoast SEO plugin. -->","yoast_head_json":{"title":"Link in Bio &#8226; Monday","robots":{"index":"index","follow":"follow","max-snippet":"max-snippet:-1","max-image-preview":"max-image-preview:large","max-video-preview":"max-video-preview:-1"},"canonical":"https:\/\/mon-day.nl\/fr\/bio\/","og_locale":"fr_FR","og_type":"article","og_title":"Link in Bio &#8226; Monday","og_description":"Hilde Eisma Course creator, spreker,\u00a0 (twin) mom, entrepreneur. The Creators Collective The Creators Collective &#8211; \u20ac 22 Je moet het zelf doen, maar je hoeft het niet alleen te doen. Of je nu een cursus bouwt, een product lanceert of je business vormgeeft \u2014 hier vind je support, inspiratie \u00e9n accountability. Je krijgt direct toegang [&hellip;]","og_url":"https:\/\/mon-day.nl\/fr\/bio\/","og_site_name":"Monday","article_modified_time":"2026-02-02T07:00:16+00:00","og_image":[{"width":875,"height":875,"url":"https:\/\/mon-day.nl\/wp-content\/uploads\/2025\/11\/Quiz.png","type":"image\/png"}],"twitter_card":"summary_large_image","twitter_misc":{"Dur\u00e9e de lecture estim\u00e9e":"2 minutes"},"schema":{"@context":"https:\/\/schema.org","@graph":[{"@type":"WebPage","@id":"https:\/\/mon-day.nl\/bio\/","url":"https:\/\/mon-day.nl\/bio\/","name":"Link in Bio &#8226; Monday","isPartOf":{"@id":"https:\/\/mon-day.nl\/#website"},"primaryImageOfPage":{"@id":"https:\/\/mon-day.nl\/bio\/#primaryimage"},"image":{"@id":"https:\/\/mon-day.nl\/bio\/#primaryimage"},"thumbnailUrl":"https:\/\/mon-day.nl\/wp-content\/uploads\/2025\/11\/Quiz.png","datePublished":"2025-11-11T11:35:11+00:00","dateModified":"2026-02-02T07:00:16+00:00","breadcrumb":{"@id":"https:\/\/mon-day.nl\/bio\/#breadcrumb"},"inLanguage":"fr-FR","potentialAction":[{"@type":"ReadAction","target":["https:\/\/mon-day.nl\/bio\/"]}]},{"@type":"ImageObject","inLanguage":"fr-FR","@id":"https:\/\/mon-day.nl\/bio\/#primaryimage","url":"https:\/\/mon-day.nl\/wp-content\/uploads\/2025\/11\/Quiz.png","contentUrl":"https:\/\/mon-day.nl\/wp-content\/uploads\/2025\/11\/Quiz.png"},{"@type":"BreadcrumbList","@id":"https:\/\/mon-day.nl\/bio\/#breadcrumb","itemListElement":[{"@type":"ListItem","position":1,"name":"Home","item":"https:\/\/mon-day.nl\/"},{"@type":"ListItem","position":2,"name":"Link in Bio"}]},{"@type":"WebSite","@id":"https:\/\/mon-day.nl\/#website","url":"https:\/\/mon-day.nl\/","name":"Mon-day.co.uk","description":"Produits de ralentissement pour la vie quotidienne","publisher":{"@id":"https:\/\/mon-day.nl\/#organization"},"potentialAction":[{"@type":"SearchAction","target":{"@type":"EntryPoint","urlTemplate":"https:\/\/mon-day.nl\/?s={search_term_string}"},"query-input":{"@type":"PropertyValueSpecification","valueRequired":true,"valueName":"search_term_string"}}],"inLanguage":"fr-FR"},{"@type":"Organization","@id":"https:\/\/mon-day.nl\/#organization","name":"Lundi FR","url":"https:\/\/mon-day.nl\/","logo":{"@type":"ImageObject","inLanguage":"fr-FR","@id":"https:\/\/mon-day.nl\/#\/schema\/logo\/image\/","url":"https:\/\/mon-day.nl\/wp-content\/uploads\/2023\/05\/cropped-Instagram-deel-5-5.jpg","contentUrl":"https:\/\/mon-day.nl\/wp-content\/uploads\/2023\/05\/cropped-Instagram-deel-5-5.jpg","width":512,"height":512,"caption":"Monday NL"},"image":{"@id":"https:\/\/mon-day.nl\/#\/schema\/logo\/image\/"},"sameAs":["https:\/\/www.instagram.com\/monday_nl\/"]}]}},"jetpack_sharing_enabled":true,"_links":{"self":[{"href":"https:\/\/mon-day.nl\/fr\/wp-json\/wp\/v2\/pages\/14205","targetHints":{"allow":["GET"]}}],"collection":[{"href":"https:\/\/mon-day.nl\/fr\/wp-json\/wp\/v2\/pages"}],"about":[{"href":"https:\/\/mon-day.nl\/fr\/wp-json\/wp\/v2\/types\/page"}],"author":[{"embeddable":true,"href":"https:\/\/mon-day.nl\/fr\/wp-json\/wp\/v2\/users\/1"}],"replies":[{"embeddable":true,"href":"https:\/\/mon-day.nl\/fr\/wp-json\/wp\/v2\/comments?post=14205"}],"version-history":[{"count":106,"href":"https:\/\/mon-day.nl\/fr\/wp-json\/wp\/v2\/pages\/14205\/revisions"}],"predecessor-version":[{"id":15189,"href":"https:\/\/mon-day.nl\/fr\/wp-json\/wp\/v2\/pages\/14205\/revisions\/15189"}],"wp:attachment":[{"href":"https:\/\/mon-day.nl\/fr\/wp-json\/wp\/v2\/media?parent=14205"}],"curies":[{"name":"wp","href":"https:\/\/api.w.org\/{rel}","templated":true}]}}