{"id":5587,"date":"2022-08-04T11:30:00","date_gmt":"2022-08-04T10:30:00","guid":{"rendered":"https:\/\/mon-day.nl\/?post_type=product&#038;p=5587"},"modified":"2026-03-02T09:53:49","modified_gmt":"2026-03-02T08:53:49","slug":"florecer","status":"publish","type":"product","link":"https:\/\/mon-day.nl\/es\/product\/bloom\/","title":{"rendered":"Bloom"},"content":{"rendered":"<p>We leven in een wereld die maar doorgaat. Waarin je voor je gevoel 24\/7 \u00e1\u00e1n moet staan. Een ratrace waarin je succesvol \u2018moet\u2019 zijn, maar wel op een manier die binnen de verwachtingen van je omgeving valt. Het is verleidelijk om op zoek te gaan naar meer. Beter. Sneller. Dat kan vermoeiend, uitdagend en uitputtend zijn.<\/p>\n<p>Maar het kan anders:\u00a0authentiek leven volgens jouw natuurlijke flow.\u00a0Zodat je je\u00a0leven kunt cre\u00ebren vanuit jouw eigen waardes, wensen en dromen. Vanuit een natuurlijke flow van groeien, bloeien en loslaten.\u00a0Van je altijd maar aanpassen aan je to-do-lijst, je omgeving en agenda naar moeiteloos jezelf zijn.<\/p>\n<p>In dit boek leer je in negen stappen hoe je deze natuurlijke flow toepast in je dagelijkse leven.\u00a0Eerlijke verhalen, inspirerende opdrachten en praktische tools helpen je om te zijn wie je bent, zodat je kunt floreren op een manier die bij jou past.<\/p>\n<p>Wil je alvast gratis het eerste hoofdstuk lezen? <a href=\"https:\/\/mon-day.nl\/wp-content\/uploads\/2023\/05\/Bloom-inkijkexemplaar-Intro-H1.pdf\"><span style=\"text-decoration: underline;\">A continuaci\u00f3n, haga clic aqu\u00ed para obtener la versi\u00f3n preliminar.<\/span><\/a><\/p>\n<p>Plazo de entrega: 2-3 d\u00edas laborables. Siempre se puede devolver dentro de los 30 d\u00edas.<\/p>","protected":false},"excerpt":{"rendered":"<p>Vivimos en un mundo en el que parece que siempre hay que estar \u2018conectado\u2019 y cumplir las expectativas. Esto puede resultar agotador. Este libro muestra que las cosas pueden ser diferentes: vivir desde tus propios valores, deseos y sue\u00f1os, en lugar de desde el ajetreo y el tener que. En nueve pasos, con historias sinceras, tareas inspiradoras y herramientas pr\u00e1cticas, aprender\u00e1s a encontrar m\u00e1s paz y claridad y a acercarte a ti mismo paso a paso, para que puedas crecer y florecer de la forma que realmente te conviene.<\/p>","protected":false},"featured_media":6795,"comment_status":"open","ping_status":"closed","template":"","meta":{"_exactmetrics_skip_tracking":false,"_exactmetrics_sitenote_active":false,"_exactmetrics_sitenote_note":"","_exactmetrics_sitenote_category":0},"product_brand":[],"product_cat":[230],"product_tag":[228,227,226,192,182,229,143],"class_list":{"0":"post-5587","1":"product","2":"type-product","3":"status-publish","4":"has-post-thumbnail","6":"product_cat-bloom","7":"product_tag-authenticiteit","8":"product_tag-bloom","9":"product_tag-boek","10":"product_tag-flow","11":"product_tag-inspiratie","12":"product_tag-seizoenen","13":"product_tag-slowdown","15":"first","16":"instock","17":"taxable","18":"shipping-taxable","19":"purchasable","20":"product-type-simple"},"yoast_head":"<!-- This site is optimized with the Yoast SEO plugin v27.4 - https:\/\/yoast.com\/product\/yoast-seo-wordpress\/ -->\n<title>Bloom &#8226; Monday<\/title>\n<meta name=\"robots\" content=\"index, follow, max-snippet:-1, max-image-preview:large, max-video-preview:-1\" \/>\n<link rel=\"canonical\" href=\"https:\/\/mon-day.nl\/es\/product\/florecer\/\" \/>\n<meta property=\"og:locale\" content=\"es_ES\" \/>\n<meta property=\"og:type\" content=\"article\" \/>\n<meta property=\"og:title\" content=\"Bloom &#8226; Monday\" \/>\n<meta property=\"og:description\" content=\"We leven in een wereld die altijd doorgaat en waarin het voelt alsof je continu \u2018aan\u2019 moet staan en moet voldoen aan verwachtingen. Dat kan vermoeiend en uitputtend zijn. Dit boek laat zien dat het ook anders kan: leven vanuit jouw eigen waarden, wensen en dromen, in plaats van vanuit drukte en moeten. In negen stappen, met eerlijke verhalen, inspirerende opdrachten en praktische tools, leer je hoe je meer rust en helderheid vindt en stap voor stap dichter bij jezelf komt, zodat je kunt groeien en floreren op een manier die echt bij je past.\" \/>\n<meta property=\"og:url\" content=\"https:\/\/mon-day.nl\/es\/product\/florecer\/\" \/>\n<meta property=\"og:site_name\" content=\"Monday\" \/>\n<meta property=\"article:modified_time\" content=\"2026-03-02T08:53:49+00:00\" \/>\n<meta property=\"og:image\" content=\"https:\/\/mon-day.nl\/wp-content\/uploads\/2023\/02\/f2cbd400-561c-4da2-9b33-c3abd11ae4a0.jpeg\" \/>\n\t<meta property=\"og:image:width\" content=\"1024\" \/>\n\t<meta property=\"og:image:height\" content=\"1536\" \/>\n\t<meta property=\"og:image:type\" content=\"image\/jpeg\" \/>\n<meta name=\"twitter:card\" content=\"summary_large_image\" \/>\n<meta name=\"twitter:label1\" content=\"Tiempo de lectura\" \/>\n\t<meta name=\"twitter:data1\" content=\"2 minutos\" \/>\n<script type=\"application\/ld+json\" class=\"yoast-schema-graph\">{\"@context\":\"https:\\\/\\\/schema.org\",\"@graph\":[{\"@type\":\"WebPage\",\"@id\":\"https:\\\/\\\/mon-day.nl\\\/product\\\/bloom\\\/\",\"url\":\"https:\\\/\\\/mon-day.nl\\\/product\\\/bloom\\\/\",\"name\":\"Bloom &#8226; Monday\",\"isPartOf\":{\"@id\":\"https:\\\/\\\/mon-day.nl\\\/#website\"},\"primaryImageOfPage\":{\"@id\":\"https:\\\/\\\/mon-day.nl\\\/product\\\/bloom\\\/#primaryimage\"},\"image\":{\"@id\":\"https:\\\/\\\/mon-day.nl\\\/product\\\/bloom\\\/#primaryimage\"},\"thumbnailUrl\":\"https:\\\/\\\/mon-day.nl\\\/wp-content\\\/uploads\\\/2023\\\/02\\\/f2cbd400-561c-4da2-9b33-c3abd11ae4a0.jpeg\",\"datePublished\":\"2022-08-04T10:30:00+00:00\",\"dateModified\":\"2026-03-02T08:53:49+00:00\",\"breadcrumb\":{\"@id\":\"https:\\\/\\\/mon-day.nl\\\/product\\\/bloom\\\/#breadcrumb\"},\"inLanguage\":\"es\",\"potentialAction\":[{\"@type\":\"ReadAction\",\"target\":[\"https:\\\/\\\/mon-day.nl\\\/product\\\/bloom\\\/\"]}]},{\"@type\":\"ImageObject\",\"inLanguage\":\"es\",\"@id\":\"https:\\\/\\\/mon-day.nl\\\/product\\\/bloom\\\/#primaryimage\",\"url\":\"https:\\\/\\\/mon-day.nl\\\/wp-content\\\/uploads\\\/2023\\\/02\\\/f2cbd400-561c-4da2-9b33-c3abd11ae4a0.jpeg\",\"contentUrl\":\"https:\\\/\\\/mon-day.nl\\\/wp-content\\\/uploads\\\/2023\\\/02\\\/f2cbd400-561c-4da2-9b33-c3abd11ae4a0.jpeg\",\"width\":1024,\"height\":1536},{\"@type\":\"BreadcrumbList\",\"@id\":\"https:\\\/\\\/mon-day.nl\\\/product\\\/bloom\\\/#breadcrumb\",\"itemListElement\":[{\"@type\":\"ListItem\",\"position\":1,\"name\":\"Home\",\"item\":\"https:\\\/\\\/mon-day.nl\\\/\"},{\"@type\":\"ListItem\",\"position\":2,\"name\":\"Producten\",\"item\":\"https:\\\/\\\/mon-day.nl\\\/winkel\\\/\"},{\"@type\":\"ListItem\",\"position\":3,\"name\":\"Bloom\"}]},{\"@type\":\"WebSite\",\"@id\":\"https:\\\/\\\/mon-day.nl\\\/#website\",\"url\":\"https:\\\/\\\/mon-day.nl\\\/\",\"name\":\"Mon-day.nl\",\"description\":\"Slow down products for daily life\",\"publisher\":{\"@id\":\"https:\\\/\\\/mon-day.nl\\\/#organization\"},\"potentialAction\":[{\"@type\":\"SearchAction\",\"target\":{\"@type\":\"EntryPoint\",\"urlTemplate\":\"https:\\\/\\\/mon-day.nl\\\/?s={search_term_string}\"},\"query-input\":{\"@type\":\"PropertyValueSpecification\",\"valueRequired\":true,\"valueName\":\"search_term_string\"}}],\"inLanguage\":\"es\"},{\"@type\":\"Organization\",\"@id\":\"https:\\\/\\\/mon-day.nl\\\/#organization\",\"name\":\"Monday NL\",\"url\":\"https:\\\/\\\/mon-day.nl\\\/\",\"logo\":{\"@type\":\"ImageObject\",\"inLanguage\":\"es\",\"@id\":\"https:\\\/\\\/mon-day.nl\\\/#\\\/schema\\\/logo\\\/image\\\/\",\"url\":\"https:\\\/\\\/mon-day.nl\\\/wp-content\\\/uploads\\\/2023\\\/05\\\/cropped-Instagram-deel-5-5.jpg\",\"contentUrl\":\"https:\\\/\\\/mon-day.nl\\\/wp-content\\\/uploads\\\/2023\\\/05\\\/cropped-Instagram-deel-5-5.jpg\",\"width\":512,\"height\":512,\"caption\":\"Monday NL\"},\"image\":{\"@id\":\"https:\\\/\\\/mon-day.nl\\\/#\\\/schema\\\/logo\\\/image\\\/\"},\"sameAs\":[\"https:\\\/\\\/www.instagram.com\\\/monday_nl\\\/\"]}]}<\/script>\n<!-- \/ Yoast SEO plugin. -->","yoast_head_json":{"title":"Bloom - Lunes","robots":{"index":"index","follow":"follow","max-snippet":"max-snippet:-1","max-image-preview":"max-image-preview:large","max-video-preview":"max-video-preview:-1"},"canonical":"https:\/\/mon-day.nl\/es\/product\/florecer\/","og_locale":"es_ES","og_type":"article","og_title":"Bloom &#8226; Monday","og_description":"We leven in een wereld die altijd doorgaat en waarin het voelt alsof je continu \u2018aan\u2019 moet staan en moet voldoen aan verwachtingen. Dat kan vermoeiend en uitputtend zijn. Dit boek laat zien dat het ook anders kan: leven vanuit jouw eigen waarden, wensen en dromen, in plaats van vanuit drukte en moeten. In negen stappen, met eerlijke verhalen, inspirerende opdrachten en praktische tools, leer je hoe je meer rust en helderheid vindt en stap voor stap dichter bij jezelf komt, zodat je kunt groeien en floreren op een manier die echt bij je past.","og_url":"https:\/\/mon-day.nl\/es\/product\/florecer\/","og_site_name":"Monday","article_modified_time":"2026-03-02T08:53:49+00:00","og_image":[{"width":1024,"height":1536,"url":"https:\/\/mon-day.nl\/wp-content\/uploads\/2023\/02\/f2cbd400-561c-4da2-9b33-c3abd11ae4a0.jpeg","type":"image\/jpeg"}],"twitter_card":"summary_large_image","twitter_misc":{"Tiempo de lectura":"2 minutos"},"schema":{"@context":"https:\/\/schema.org","@graph":[{"@type":"WebPage","@id":"https:\/\/mon-day.nl\/product\/bloom\/","url":"https:\/\/mon-day.nl\/product\/bloom\/","name":"Bloom - Lunes","isPartOf":{"@id":"https:\/\/mon-day.nl\/#website"},"primaryImageOfPage":{"@id":"https:\/\/mon-day.nl\/product\/bloom\/#primaryimage"},"image":{"@id":"https:\/\/mon-day.nl\/product\/bloom\/#primaryimage"},"thumbnailUrl":"https:\/\/mon-day.nl\/wp-content\/uploads\/2023\/02\/f2cbd400-561c-4da2-9b33-c3abd11ae4a0.jpeg","datePublished":"2022-08-04T10:30:00+00:00","dateModified":"2026-03-02T08:53:49+00:00","breadcrumb":{"@id":"https:\/\/mon-day.nl\/product\/bloom\/#breadcrumb"},"inLanguage":"es","potentialAction":[{"@type":"ReadAction","target":["https:\/\/mon-day.nl\/product\/bloom\/"]}]},{"@type":"ImageObject","inLanguage":"es","@id":"https:\/\/mon-day.nl\/product\/bloom\/#primaryimage","url":"https:\/\/mon-day.nl\/wp-content\/uploads\/2023\/02\/f2cbd400-561c-4da2-9b33-c3abd11ae4a0.jpeg","contentUrl":"https:\/\/mon-day.nl\/wp-content\/uploads\/2023\/02\/f2cbd400-561c-4da2-9b33-c3abd11ae4a0.jpeg","width":1024,"height":1536},{"@type":"BreadcrumbList","@id":"https:\/\/mon-day.nl\/product\/bloom\/#breadcrumb","itemListElement":[{"@type":"ListItem","position":1,"name":"Home","item":"https:\/\/mon-day.nl\/"},{"@type":"ListItem","position":2,"name":"Producten","item":"https:\/\/mon-day.nl\/winkel\/"},{"@type":"ListItem","position":3,"name":"Bloom"}]},{"@type":"WebSite","@id":"https:\/\/mon-day.nl\/#website","url":"https:\/\/mon-day.nl\/","name":"Lunes.nl","description":"Ralentizar productos para la vida diaria","publisher":{"@id":"https:\/\/mon-day.nl\/#organization"},"potentialAction":[{"@type":"SearchAction","target":{"@type":"EntryPoint","urlTemplate":"https:\/\/mon-day.nl\/?s={search_term_string}"},"query-input":{"@type":"PropertyValueSpecification","valueRequired":true,"valueName":"search_term_string"}}],"inLanguage":"es"},{"@type":"Organization","@id":"https:\/\/mon-day.nl\/#organization","name":"Lunes NL","url":"https:\/\/mon-day.nl\/","logo":{"@type":"ImageObject","inLanguage":"es","@id":"https:\/\/mon-day.nl\/#\/schema\/logo\/image\/","url":"https:\/\/mon-day.nl\/wp-content\/uploads\/2023\/05\/cropped-Instagram-deel-5-5.jpg","contentUrl":"https:\/\/mon-day.nl\/wp-content\/uploads\/2023\/05\/cropped-Instagram-deel-5-5.jpg","width":512,"height":512,"caption":"Monday NL"},"image":{"@id":"https:\/\/mon-day.nl\/#\/schema\/logo\/image\/"},"sameAs":["https:\/\/www.instagram.com\/monday_nl\/"]}]}},"jetpack_sharing_enabled":true,"_links":{"self":[{"href":"https:\/\/mon-day.nl\/es\/wp-json\/wp\/v2\/product\/5587","targetHints":{"allow":["GET"]}}],"collection":[{"href":"https:\/\/mon-day.nl\/es\/wp-json\/wp\/v2\/product"}],"about":[{"href":"https:\/\/mon-day.nl\/es\/wp-json\/wp\/v2\/types\/product"}],"replies":[{"embeddable":true,"href":"https:\/\/mon-day.nl\/es\/wp-json\/wp\/v2\/comments?post=5587"}],"wp:featuredmedia":[{"embeddable":true,"href":"https:\/\/mon-day.nl\/es\/wp-json\/wp\/v2\/media\/6795"}],"wp:attachment":[{"href":"https:\/\/mon-day.nl\/es\/wp-json\/wp\/v2\/media?parent=5587"}],"wp:term":[{"taxonomy":"product_brand","embeddable":true,"href":"https:\/\/mon-day.nl\/es\/wp-json\/wp\/v2\/product_brand?post=5587"},{"taxonomy":"product_cat","embeddable":true,"href":"https:\/\/mon-day.nl\/es\/wp-json\/wp\/v2\/product_cat?post=5587"},{"taxonomy":"product_tag","embeddable":true,"href":"https:\/\/mon-day.nl\/es\/wp-json\/wp\/v2\/product_tag?post=5587"}],"curies":[{"name":"wp","href":"https:\/\/api.w.org\/{rel}","templated":true}]}}