{"id":10597,"date":"2024-09-17T09:55:14","date_gmt":"2024-09-17T08:55:14","guid":{"rendered":"https:\/\/mon-day.nl\/?post_type=product&#038;p=10597"},"modified":"2026-04-02T15:02:54","modified_gmt":"2026-04-02T14:02:54","slug":"mayor-claridad-diario","status":"publish","type":"product","link":"https:\/\/mon-day.nl\/es\/product\/further-clarity-journal\/","title":{"rendered":"FURTHER \u2013 clarity journal"},"content":{"rendered":"<p>Este diario te ayuda a moverte<em> furthe<\/em>r en la direcci\u00f3n de tus sue\u00f1os y <em>m\u00e1s<\/em> a qui\u00e9n eres realmente. Contiene cuatro preguntas para reflexionar cada mes, centr\u00e1ndose en estos temas clave:<\/p>\n<ul>\n<li>Decidiendo lo que realmente quieres crear en tu vida ahora mismo<\/li>\n<li>Sintonizando con tus mayores sue\u00f1os y deseos<\/li>\n<li>Soltar lo que ya no te sirve<\/li>\n<li>Enfoc\u00e1ndose en lo que realmente te importa<\/li>\n<\/ul>\n<p>You can also use the left-hand pages as a scrapbook. Paste an image from an inspirational magazine, pull an intention card, or write down your thoughts.<\/p>\n<p>You can use this journal in any way that suits you. If you wish to align it with the phases of the moon, you can! Create your own ritual every two weeks, during the full moon and new moon. All the steps (including meditations!) can be found in this journal.<\/p>\n<p>This journal helps you regularly tune in with yourself and gain <span style=\"text-decoration: underline;\">claridad<\/span> en lo que realmente deseas.<\/p>\n<p><strong>S\u00e9 feliz con lo que tienes, mientras trabajas por lo que quieres.<\/strong><\/p>\n<p><strong>S\u00e9 feliz con lo que tienes, mientras trabajas por lo que quieres.<\/strong><\/p>\n<p>Taal: Engels<br \/>\nPagina&#8217;s: 112<br \/>\nISBN: 9789465111964<\/p>","protected":false},"excerpt":{"rendered":"<p>Este diario te ayuda <em>m\u00e1s<\/em> moverte en la direcci\u00f3n de tus sue\u00f1os y m\u00e1s cerca de qui\u00e9n eres realmente. Incluye cuatro preguntas para reflexionar cada mes, centr\u00e1ndose en estos importantes temas:<\/p>\n<ul>\n<li>Decidir qu\u00e9 quieres realmente ahora<strong> crear<\/strong> en tu vida<\/li>\n<li>Ajustarse a tu mayor <strong>sue\u00f1os<\/strong> en anhelos<\/li>\n<li><strong>Dejar ir<\/strong> lo que ya no te sirve<\/li>\n<li>Enf\u00f3cate en lo que realmente <strong>importante<\/strong> para ti<\/li>\n<\/ul>\n<p>Je kunt de linkerpagina&#8217;s ook gebruiken als scrapbook. Plak een afbeelding uit een inspirerend tijdschrift, trek een intentiekaart of schrijf je gedachten op.<\/p>\n<p>Deze journal helpt je regelmatig contact te maken met jezelf en<strong> claridad<\/strong> para conseguir lo que realmente quieres.<\/p>","protected":false},"featured_media":10872,"comment_status":"open","ping_status":"closed","template":"","meta":{"_exactmetrics_skip_tracking":false,"_exactmetrics_sitenote_active":false,"_exactmetrics_sitenote_note":"","_exactmetrics_sitenote_category":0},"product_brand":[],"product_cat":[263],"product_tag":[265,270,269,149,264,267,182,140,266,268],"class_list":{"0":"post-10597","1":"product","2":"type-product","3":"status-publish","4":"has-post-thumbnail","6":"product_cat-further-journal","7":"product_tag-clarity","8":"product_tag-desires","9":"product_tag-dreams","10":"product_tag-focus","11":"product_tag-further","12":"product_tag-helderheid","13":"product_tag-inspiratie","14":"product_tag-journal","15":"product_tag-journalpractice","16":"product_tag-moon","17":"product_shipping_class-brievenbuspakket","19":"first","20":"instock","21":"taxable","22":"shipping-taxable","23":"purchasable","24":"product-type-simple"},"yoast_head":"<!-- This site is optimized with the Yoast SEO plugin v27.4 - https:\/\/yoast.com\/product\/yoast-seo-wordpress\/ -->\n<title>FURTHER - clarity journal &#8226; Monday<\/title>\n<meta name=\"description\" content=\"This beautiful journal helps you move further in the direction of your dreams and closer to who you truly are. It contains 4 questions to reflect on monthly\" \/>\n<meta name=\"robots\" content=\"index, follow, max-snippet:-1, max-image-preview:large, max-video-preview:-1\" \/>\n<link rel=\"canonical\" href=\"https:\/\/mon-day.nl\/es\/product\/mayor-claridad-diario\/\" \/>\n<meta property=\"og:locale\" content=\"es_ES\" \/>\n<meta property=\"og:type\" content=\"article\" \/>\n<meta property=\"og:title\" content=\"FURTHER - clarity journal &#8226; Monday\" \/>\n<meta property=\"og:description\" content=\"This beautiful journal helps you move further in the direction of your dreams and closer to who you truly are. It contains 4 questions to reflect on monthly\" \/>\n<meta property=\"og:url\" content=\"https:\/\/mon-day.nl\/es\/product\/mayor-claridad-diario\/\" \/>\n<meta property=\"og:site_name\" content=\"Monday\" \/>\n<meta property=\"article:modified_time\" content=\"2026-04-02T14:02:54+00:00\" \/>\n<meta property=\"og:image\" content=\"https:\/\/mon-day.nl\/wp-content\/uploads\/2024\/09\/15.jpg\" \/>\n\t<meta property=\"og:image:width\" content=\"1080\" \/>\n\t<meta property=\"og:image:height\" content=\"1080\" \/>\n\t<meta property=\"og:image:type\" content=\"image\/jpeg\" \/>\n<meta name=\"twitter:card\" content=\"summary_large_image\" \/>\n<meta name=\"twitter:label1\" content=\"Tiempo de lectura\" \/>\n\t<meta name=\"twitter:data1\" content=\"2 minutos\" \/>\n<script type=\"application\/ld+json\" class=\"yoast-schema-graph\">{\"@context\":\"https:\\\/\\\/schema.org\",\"@graph\":[{\"@type\":\"WebPage\",\"@id\":\"https:\\\/\\\/mon-day.nl\\\/product\\\/further-clarity-journal\\\/\",\"url\":\"https:\\\/\\\/mon-day.nl\\\/product\\\/further-clarity-journal\\\/\",\"name\":\"FURTHER - clarity journal &#8226; Monday\",\"isPartOf\":{\"@id\":\"https:\\\/\\\/mon-day.nl\\\/#website\"},\"primaryImageOfPage\":{\"@id\":\"https:\\\/\\\/mon-day.nl\\\/product\\\/further-clarity-journal\\\/#primaryimage\"},\"image\":{\"@id\":\"https:\\\/\\\/mon-day.nl\\\/product\\\/further-clarity-journal\\\/#primaryimage\"},\"thumbnailUrl\":\"https:\\\/\\\/mon-day.nl\\\/wp-content\\\/uploads\\\/2024\\\/09\\\/15.jpg\",\"datePublished\":\"2024-09-17T08:55:14+00:00\",\"dateModified\":\"2026-04-02T14:02:54+00:00\",\"description\":\"This beautiful journal helps you move further in the direction of your dreams and closer to who you truly are. It contains 4 questions to reflect on monthly\",\"breadcrumb\":{\"@id\":\"https:\\\/\\\/mon-day.nl\\\/product\\\/further-clarity-journal\\\/#breadcrumb\"},\"inLanguage\":\"es\",\"potentialAction\":[{\"@type\":\"ReadAction\",\"target\":[\"https:\\\/\\\/mon-day.nl\\\/product\\\/further-clarity-journal\\\/\"]}]},{\"@type\":\"ImageObject\",\"inLanguage\":\"es\",\"@id\":\"https:\\\/\\\/mon-day.nl\\\/product\\\/further-clarity-journal\\\/#primaryimage\",\"url\":\"https:\\\/\\\/mon-day.nl\\\/wp-content\\\/uploads\\\/2024\\\/09\\\/15.jpg\",\"contentUrl\":\"https:\\\/\\\/mon-day.nl\\\/wp-content\\\/uploads\\\/2024\\\/09\\\/15.jpg\",\"width\":1080,\"height\":1080},{\"@type\":\"BreadcrumbList\",\"@id\":\"https:\\\/\\\/mon-day.nl\\\/product\\\/further-clarity-journal\\\/#breadcrumb\",\"itemListElement\":[{\"@type\":\"ListItem\",\"position\":1,\"name\":\"Home\",\"item\":\"https:\\\/\\\/mon-day.nl\\\/\"},{\"@type\":\"ListItem\",\"position\":2,\"name\":\"Producten\",\"item\":\"https:\\\/\\\/mon-day.nl\\\/winkel\\\/\"},{\"@type\":\"ListItem\",\"position\":3,\"name\":\"FURTHER &#8211; clarity journal\"}]},{\"@type\":\"WebSite\",\"@id\":\"https:\\\/\\\/mon-day.nl\\\/#website\",\"url\":\"https:\\\/\\\/mon-day.nl\\\/\",\"name\":\"Mon-day.nl\",\"description\":\"Slow down products for daily life\",\"publisher\":{\"@id\":\"https:\\\/\\\/mon-day.nl\\\/#organization\"},\"potentialAction\":[{\"@type\":\"SearchAction\",\"target\":{\"@type\":\"EntryPoint\",\"urlTemplate\":\"https:\\\/\\\/mon-day.nl\\\/?s={search_term_string}\"},\"query-input\":{\"@type\":\"PropertyValueSpecification\",\"valueRequired\":true,\"valueName\":\"search_term_string\"}}],\"inLanguage\":\"es\"},{\"@type\":\"Organization\",\"@id\":\"https:\\\/\\\/mon-day.nl\\\/#organization\",\"name\":\"Monday NL\",\"url\":\"https:\\\/\\\/mon-day.nl\\\/\",\"logo\":{\"@type\":\"ImageObject\",\"inLanguage\":\"es\",\"@id\":\"https:\\\/\\\/mon-day.nl\\\/#\\\/schema\\\/logo\\\/image\\\/\",\"url\":\"https:\\\/\\\/mon-day.nl\\\/wp-content\\\/uploads\\\/2023\\\/05\\\/cropped-Instagram-deel-5-5.jpg\",\"contentUrl\":\"https:\\\/\\\/mon-day.nl\\\/wp-content\\\/uploads\\\/2023\\\/05\\\/cropped-Instagram-deel-5-5.jpg\",\"width\":512,\"height\":512,\"caption\":\"Monday NL\"},\"image\":{\"@id\":\"https:\\\/\\\/mon-day.nl\\\/#\\\/schema\\\/logo\\\/image\\\/\"},\"sameAs\":[\"https:\\\/\\\/www.instagram.com\\\/monday_nl\\\/\"]}]}<\/script>\n<!-- \/ Yoast SEO plugin. -->","yoast_head_json":{"title":"ADICIONALMENTE - diario de claridad \u2022 lunes","description":"Este hermoso diario te ayuda a avanzar en la direcci\u00f3n de tus sue\u00f1os y m\u00e1s cerca de qui\u00e9n eres realmente. Contiene 4 preguntas para reflexionar mensualmente.","robots":{"index":"index","follow":"follow","max-snippet":"max-snippet:-1","max-image-preview":"max-image-preview:large","max-video-preview":"max-video-preview:-1"},"canonical":"https:\/\/mon-day.nl\/es\/product\/mayor-claridad-diario\/","og_locale":"es_ES","og_type":"article","og_title":"FURTHER - clarity journal &#8226; Monday","og_description":"This beautiful journal helps you move further in the direction of your dreams and closer to who you truly are. It contains 4 questions to reflect on monthly","og_url":"https:\/\/mon-day.nl\/es\/product\/mayor-claridad-diario\/","og_site_name":"Monday","article_modified_time":"2026-04-02T14:02:54+00:00","og_image":[{"width":1080,"height":1080,"url":"https:\/\/mon-day.nl\/wp-content\/uploads\/2024\/09\/15.jpg","type":"image\/jpeg"}],"twitter_card":"summary_large_image","twitter_misc":{"Tiempo de lectura":"2 minutos"},"schema":{"@context":"https:\/\/schema.org","@graph":[{"@type":"WebPage","@id":"https:\/\/mon-day.nl\/product\/further-clarity-journal\/","url":"https:\/\/mon-day.nl\/product\/further-clarity-journal\/","name":"ADICIONALMENTE - diario de claridad \u2022 lunes","isPartOf":{"@id":"https:\/\/mon-day.nl\/#website"},"primaryImageOfPage":{"@id":"https:\/\/mon-day.nl\/product\/further-clarity-journal\/#primaryimage"},"image":{"@id":"https:\/\/mon-day.nl\/product\/further-clarity-journal\/#primaryimage"},"thumbnailUrl":"https:\/\/mon-day.nl\/wp-content\/uploads\/2024\/09\/15.jpg","datePublished":"2024-09-17T08:55:14+00:00","dateModified":"2026-04-02T14:02:54+00:00","description":"Este hermoso diario te ayuda a avanzar en la direcci\u00f3n de tus sue\u00f1os y m\u00e1s cerca de qui\u00e9n eres realmente. Contiene 4 preguntas para reflexionar mensualmente.","breadcrumb":{"@id":"https:\/\/mon-day.nl\/product\/further-clarity-journal\/#breadcrumb"},"inLanguage":"es","potentialAction":[{"@type":"ReadAction","target":["https:\/\/mon-day.nl\/product\/further-clarity-journal\/"]}]},{"@type":"ImageObject","inLanguage":"es","@id":"https:\/\/mon-day.nl\/product\/further-clarity-journal\/#primaryimage","url":"https:\/\/mon-day.nl\/wp-content\/uploads\/2024\/09\/15.jpg","contentUrl":"https:\/\/mon-day.nl\/wp-content\/uploads\/2024\/09\/15.jpg","width":1080,"height":1080},{"@type":"BreadcrumbList","@id":"https:\/\/mon-day.nl\/product\/further-clarity-journal\/#breadcrumb","itemListElement":[{"@type":"ListItem","position":1,"name":"Home","item":"https:\/\/mon-day.nl\/"},{"@type":"ListItem","position":2,"name":"Producten","item":"https:\/\/mon-day.nl\/winkel\/"},{"@type":"ListItem","position":3,"name":"FURTHER &#8211; clarity journal"}]},{"@type":"WebSite","@id":"https:\/\/mon-day.nl\/#website","url":"https:\/\/mon-day.nl\/","name":"Lunes.nl","description":"Ralentizar productos para la vida diaria","publisher":{"@id":"https:\/\/mon-day.nl\/#organization"},"potentialAction":[{"@type":"SearchAction","target":{"@type":"EntryPoint","urlTemplate":"https:\/\/mon-day.nl\/?s={search_term_string}"},"query-input":{"@type":"PropertyValueSpecification","valueRequired":true,"valueName":"search_term_string"}}],"inLanguage":"es"},{"@type":"Organization","@id":"https:\/\/mon-day.nl\/#organization","name":"Lunes NL","url":"https:\/\/mon-day.nl\/","logo":{"@type":"ImageObject","inLanguage":"es","@id":"https:\/\/mon-day.nl\/#\/schema\/logo\/image\/","url":"https:\/\/mon-day.nl\/wp-content\/uploads\/2023\/05\/cropped-Instagram-deel-5-5.jpg","contentUrl":"https:\/\/mon-day.nl\/wp-content\/uploads\/2023\/05\/cropped-Instagram-deel-5-5.jpg","width":512,"height":512,"caption":"Monday NL"},"image":{"@id":"https:\/\/mon-day.nl\/#\/schema\/logo\/image\/"},"sameAs":["https:\/\/www.instagram.com\/monday_nl\/"]}]}},"jetpack_sharing_enabled":true,"_links":{"self":[{"href":"https:\/\/mon-day.nl\/es\/wp-json\/wp\/v2\/product\/10597","targetHints":{"allow":["GET"]}}],"collection":[{"href":"https:\/\/mon-day.nl\/es\/wp-json\/wp\/v2\/product"}],"about":[{"href":"https:\/\/mon-day.nl\/es\/wp-json\/wp\/v2\/types\/product"}],"replies":[{"embeddable":true,"href":"https:\/\/mon-day.nl\/es\/wp-json\/wp\/v2\/comments?post=10597"}],"wp:featuredmedia":[{"embeddable":true,"href":"https:\/\/mon-day.nl\/es\/wp-json\/wp\/v2\/media\/10872"}],"wp:attachment":[{"href":"https:\/\/mon-day.nl\/es\/wp-json\/wp\/v2\/media?parent=10597"}],"wp:term":[{"taxonomy":"product_brand","embeddable":true,"href":"https:\/\/mon-day.nl\/es\/wp-json\/wp\/v2\/product_brand?post=10597"},{"taxonomy":"product_cat","embeddable":true,"href":"https:\/\/mon-day.nl\/es\/wp-json\/wp\/v2\/product_cat?post=10597"},{"taxonomy":"product_tag","embeddable":true,"href":"https:\/\/mon-day.nl\/es\/wp-json\/wp\/v2\/product_tag?post=10597"}],"curies":[{"name":"wp","href":"https:\/\/api.w.org\/{rel}","templated":true}]}}