{"id":550,"date":"2023-05-23T09:58:48","date_gmt":"2023-05-23T08:58:48","guid":{"rendered":"https:\/\/willa.pixandhue.com\/?page_id=550"},"modified":"2026-03-09T12:10:37","modified_gmt":"2026-03-09T11:10:37","slug":"uber","status":"publish","type":"page","link":"https:\/\/mon-day.nl\/de\/about\/","title":{"rendered":"\u00dcber"},"content":{"rendered":"<div data-elementor-type=\"wp-page\" data-elementor-id=\"550\" class=\"elementor elementor-550\" data-elementor-post-type=\"page\">\n\t\t\t\t<div class=\"elementor-element elementor-element-76b223cc e-flex e-con-boxed elementor-invisible e-con e-parent\" data-id=\"76b223cc\" data-element_type=\"container\" data-e-type=\"container\" data-settings=\"{&quot;animation&quot;:&quot;fadeIn&quot;,&quot;background_background&quot;:&quot;classic&quot;}\">\n\t\t\t\t\t<div class=\"e-con-inner\">\n\t\t<div class=\"elementor-element elementor-element-779da5d e-con-full e-flex e-con e-child\" data-id=\"779da5d\" data-element_type=\"container\" data-e-type=\"container\">\n\t\t<div class=\"elementor-element elementor-element-6e0a0ba4 e-con-full e-flex e-con e-child\" data-id=\"6e0a0ba4\" data-element_type=\"container\" data-e-type=\"container\">\n\t\t\t\t<div class=\"elementor-element elementor-element-658a3e7d elementor-widget-mobile__width-inherit elementor-widget elementor-widget-text-editor\" data-id=\"658a3e7d\" data-element_type=\"widget\" data-e-type=\"widget\" data-widget_type=\"text-editor.default\">\n\t\t\t\t<div class=\"elementor-widget-container\">\n\t\t\t\t\t\t\t\t\t<h1>\u00dcber Hilde<\/h1>\t\t\t\t\t\t\t\t<\/div>\n\t\t\t\t<\/div>\n\t\t\t\t<div class=\"elementor-element elementor-element-16e82038 elementor-widget-mobile__width-inherit elementor-widget elementor-widget-text-editor\" data-id=\"16e82038\" data-element_type=\"widget\" data-e-type=\"widget\" data-widget_type=\"text-editor.default\">\n\t\t\t\t<div class=\"elementor-widget-container\">\n\t\t\t\t\t\t\t\t\t<h5>creator, entrepreneur, (twin)mom, speaker, daydreamer<\/h5>\t\t\t\t\t\t\t\t<\/div>\n\t\t\t\t<\/div>\n\t\t\t\t<div class=\"elementor-element elementor-element-658b797d elementor-widget-mobile__width-inherit elementor-widget elementor-widget-text-editor\" data-id=\"658b797d\" data-element_type=\"widget\" data-e-type=\"widget\" data-widget_type=\"text-editor.default\">\n\t\t\t\t<div class=\"elementor-widget-container\">\n\t\t\t\t\t\t\t\t\t<p data-start=\"640\" data-end=\"795\">November 2019. Ich lag auf der Couch mit einem schlafenden Baby auf meiner Brust. Das Haus war still, mein Kalender war leer, und zum ersten Mal seit langer Zeit musste ich nirgendwo hin.<\/p><p data-start=\"797\" data-end=\"876\">Und gleichzeitig dachte ich:<br data-start=\"818\" data-end=\"821\" \/>Ich m\u00f6chte eigentlich wirklich gerne wieder teilnehmen an <strong>das Leben.<\/strong><\/p><p data-start=\"878\" data-end=\"1037\">Nicht weil es nicht gut war, ich genoss gerade die Ruhe. Aber ich bemerkte, wie schwierig es war, bald in dasselbe Tempo wie zuvor zur\u00fcckzukehren.<\/p><p data-start=\"1039\" data-end=\"1106\">Als g\u00e4be es nur zwei Optionen: Ganz an oder ganz aus. Und irgendwo f\u00fchlte ich, dass es auch <u>dass es auch anders m\u00f6glich sein k\u00f6nnte<\/u>. Dort begann Montag.<\/p><p data-start=\"376\" data-end=\"483\">Ich bin in Design Thinking ausgebildet. Dort beginnt man nicht mit einem gro\u00dfen Plan, sondern mit einem kleinen Experiment.<\/p><p data-start=\"485\" data-end=\"516\">Also machte ich 100 Wochenjournale. Vor allem um zu testen, was passiert, wenn man einen festen Zeitpunkt in der Woche hat, um kurz innezuhalten, bevor man wieder weitermacht.<\/p><p data-start=\"665\" data-end=\"760\">Was sich herausstellte: Die Menschen nutzten es nicht, um mehr zu tun, sondern um irgendwo wieder einmal durchzuatmen und innezuhalten.<\/p><p data-start=\"762\" data-end=\"853\">Inzwischen f\u00fcllen mehr als 8000 Menschen ihr Journal aus und wir haben mehr als 100 Verkaufsstellen weltweit.\u00a0<\/p><h4 data-start=\"762\" data-end=\"853\"><strong>Es geht nicht um die Produkte, es geht um die Mission.<\/strong><\/h4>\t\t\t\t\t\t\t\t<\/div>\n\t\t\t\t<\/div>\n\t\t\t\t<\/div>\n\t\t\t\t<\/div>\n\t\t\t\t<div class=\"elementor-element elementor-element-5bf5cb5d elementor-widget__width-initial elementor-widget-mobile__width-inherit elementor-widget elementor-widget-image\" data-id=\"5bf5cb5d\" data-element_type=\"widget\" data-e-type=\"widget\" data-widget_type=\"image.default\">\n\t\t\t\t<div class=\"elementor-widget-container\">\n\t\t\t\t\t\t\t\t\t\t\t\t\t\t\t<img fetchpriority=\"high\" decoding=\"async\" width=\"1707\" height=\"2560\" src=\"https:\/\/mon-day.nl\/wp-content\/uploads\/2026\/03\/Hilde2026-031-scaled.jpg\" class=\"attachment-full size-full wp-image-16284\" alt=\"\" srcset=\"https:\/\/mon-day.nl\/wp-content\/uploads\/2026\/03\/Hilde2026-031-scaled.jpg 1707w, https:\/\/mon-day.nl\/wp-content\/uploads\/2026\/03\/Hilde2026-031-200x300.jpg 200w, https:\/\/mon-day.nl\/wp-content\/uploads\/2026\/03\/Hilde2026-031-683x1024.jpg 683w, https:\/\/mon-day.nl\/wp-content\/uploads\/2026\/03\/Hilde2026-031-768x1152.jpg 768w, https:\/\/mon-day.nl\/wp-content\/uploads\/2026\/03\/Hilde2026-031-1024x1536.jpg 1024w, https:\/\/mon-day.nl\/wp-content\/uploads\/2026\/03\/Hilde2026-031-1365x2048.jpg 1365w, https:\/\/mon-day.nl\/wp-content\/uploads\/2026\/03\/Hilde2026-031-900x1350.jpg 900w\" sizes=\"(max-width: 1707px) 100vw, 1707px\" \/>\t\t\t\t\t\t\t\t\t\t\t\t\t\t\t<\/div>\n\t\t\t\t<\/div>\n\t\t\t\t\t<\/div>\n\t\t\t\t<\/div>\n\t\t<div class=\"elementor-element elementor-element-765c0888 e-flex e-con-boxed elementor-invisible e-con e-parent\" data-id=\"765c0888\" data-element_type=\"container\" data-e-type=\"container\" data-settings=\"{&quot;animation&quot;:&quot;fadeIn&quot;}\">\n\t\t\t\t\t<div class=\"e-con-inner\">\n\t\t\t\t<div class=\"elementor-element elementor-element-2c810d40 elementor-view-default elementor-widget elementor-widget-icon\" data-id=\"2c810d40\" data-element_type=\"widget\" data-e-type=\"widget\" data-widget_type=\"icon.default\">\n\t\t\t\t<div class=\"elementor-widget-container\">\n\t\t\t\t\t\t\t<div class=\"elementor-icon-wrapper\">\n\t\t\t<div class=\"elementor-icon\">\n\t\t\t<svg xmlns=\"http:\/\/www.w3.org\/2000\/svg\" id=\"Layer_1\" viewbox=\"0 0 512 512\"><g id=\"guide\"><\/g><g id=\"GLYPH\"><path d=\"m496 254h-227.4l216.3-70.3-1.3-3.8-216.2 70.3 183.9-133.6-2.3-3.3-184 133.7 133.7-184-3.3-2.3-133.6 183.9 70.3-216.2-3.8-1.3-70.3 216.3v-227.4h-4v227.4l-70.3-216.3-3.8 1.3 70.3 216.2-133.6-183.9-3.3 2.3 133.7 184-184-133.7-2.3 3.3 183.9 133.6-216.2-70.3-1.3 3.8 216.3 70.3h-227.4v4h227.4l-216.3 70.3 1.3 3.8 216.2-70.3-183.9 133.6 2.3 3.3 184-133.7-133.7 184 3.3 2.3 133.6-183.9-70.3 216.2 3.8 1.3 70.3-216.3v227.4h4v-227.4l70.3 216.3 3.8-1.3-70.3-216.2 133.6 183.9 3.3-2.3-133.7-184 184 133.7 2.3-3.3-183.9-133.6 216.2 70.3 1.3-3.8-216.3-70.3h227.4z\"><\/path><\/g><g id=\"Number\"><\/g><\/svg>\t\t\t<\/div>\n\t\t<\/div>\n\t\t\t\t\t\t<\/div>\n\t\t\t\t<\/div>\n\t\t\t\t<div class=\"elementor-element elementor-element-420643 elementor-widget elementor-widget-text-editor\" data-id=\"420643\" data-element_type=\"widget\" data-e-type=\"widget\" data-widget_type=\"text-editor.default\">\n\t\t\t\t<div class=\"elementor-widget-container\">\n\t\t\t\t\t\t\t\t\t<h4><strong class=\"Yjhzub\">\u201d Almost everything will work again if you unplug it for a few minutes, including you.\u201d<\/strong><\/h4>\t\t\t\t\t\t\t\t<\/div>\n\t\t\t\t<\/div>\n\t\t\t\t<div class=\"elementor-element elementor-element-515519e5 elementor-widget elementor-widget-text-editor\" data-id=\"515519e5\" data-element_type=\"widget\" data-e-type=\"widget\" data-widget_type=\"text-editor.default\">\n\t\t\t\t<div class=\"elementor-widget-container\">\n\t\t\t\t\t\t\t\t\t<p>Anne Lamott<\/p>\t\t\t\t\t\t\t\t<\/div>\n\t\t\t\t<\/div>\n\t\t\t\t\t<\/div>\n\t\t\t\t<\/div>\n\t\t<div class=\"elementor-element elementor-element-3bb1a907 e-flex e-con-boxed elementor-invisible e-con e-parent\" data-id=\"3bb1a907\" data-element_type=\"container\" data-e-type=\"container\" data-settings=\"{&quot;animation&quot;:&quot;fadeIn&quot;}\">\n\t\t\t\t\t<div class=\"e-con-inner\">\n\t\t<div class=\"elementor-element elementor-element-530967f9 e-con-full e-flex e-con e-child\" data-id=\"530967f9\" data-element_type=\"container\" data-e-type=\"container\">\n\t\t\t\t<div class=\"elementor-element elementor-element-5dedce6e elementor-widget elementor-widget-image\" data-id=\"5dedce6e\" data-element_type=\"widget\" data-e-type=\"widget\" data-widget_type=\"image.default\">\n\t\t\t\t<div class=\"elementor-widget-container\">\n\t\t\t\t\t\t\t\t\t\t\t\t\t\t\t<img decoding=\"async\" width=\"1707\" height=\"2560\" src=\"https:\/\/mon-day.nl\/wp-content\/uploads\/2026\/03\/Hilde2026-071-scaled.jpg\" class=\"attachment-full size-full wp-image-16292\" alt=\"\" srcset=\"https:\/\/mon-day.nl\/wp-content\/uploads\/2026\/03\/Hilde2026-071-scaled.jpg 1707w, https:\/\/mon-day.nl\/wp-content\/uploads\/2026\/03\/Hilde2026-071-200x300.jpg 200w, https:\/\/mon-day.nl\/wp-content\/uploads\/2026\/03\/Hilde2026-071-683x1024.jpg 683w, https:\/\/mon-day.nl\/wp-content\/uploads\/2026\/03\/Hilde2026-071-768x1152.jpg 768w, https:\/\/mon-day.nl\/wp-content\/uploads\/2026\/03\/Hilde2026-071-1024x1536.jpg 1024w, https:\/\/mon-day.nl\/wp-content\/uploads\/2026\/03\/Hilde2026-071-1365x2048.jpg 1365w, https:\/\/mon-day.nl\/wp-content\/uploads\/2026\/03\/Hilde2026-071-900x1350.jpg 900w\" sizes=\"(max-width: 1707px) 100vw, 1707px\" \/>\t\t\t\t\t\t\t\t\t\t\t\t\t\t\t<\/div>\n\t\t\t\t<\/div>\n\t\t<div class=\"elementor-element elementor-element-7b29627 e-con-full e-flex e-con e-child\" data-id=\"7b29627\" data-element_type=\"container\" data-e-type=\"container\">\n\t\t\t\t<div class=\"elementor-element elementor-element-78d2d229 elementor-widget elementor-widget-text-editor\" data-id=\"78d2d229\" data-element_type=\"widget\" data-e-type=\"widget\" data-widget_type=\"text-editor.default\">\n\t\t\t\t<div class=\"elementor-widget-container\">\n\t\t\t\t\t\t\t\t\t<p>unser Webshop<\/p>\t\t\t\t\t\t\t\t<\/div>\n\t\t\t\t<\/div>\n\t\t\t\t<div class=\"elementor-element elementor-element-6497d662 elementor-widget elementor-widget-text-editor\" data-id=\"6497d662\" data-element_type=\"widget\" data-e-type=\"widget\" data-widget_type=\"text-editor.default\">\n\t\t\t\t<div class=\"elementor-widget-container\">\n\t\t\t\t\t\t\t\t\t<h3>Monday Slow <em>Down<\/em> products<\/h3>\t\t\t\t\t\t\t\t<\/div>\n\t\t\t\t<\/div>\n\t\t\t\t<div class=\"elementor-element elementor-element-24925413 elementor-widget-mobile__width-inherit elementor-widget elementor-widget-text-editor\" data-id=\"24925413\" data-element_type=\"widget\" data-e-type=\"widget\" data-widget_type=\"text-editor.default\">\n\t\t\t\t<div class=\"elementor-widget-container\">\n\t\t\t\t\t\t\t\t\t<p data-start=\"236\" data-end=\"300\">Eigentlich habe ich pro Produkt nur drei Grunds\u00e4tze: Es muss einfach funktionieren, es muss wahnsinnig gut aussehen und es muss ein <em>erm\u00e4chtigend<\/em> Wirkung haben.<\/p><p data-start=\"302\" data-end=\"465\">Es sind keine Agenden oder Arbeitsb\u00fccher, sondern ein Moment der Reflexion. Nur f\u00fcr Sie.<\/p><p data-start=\"467\" data-end=\"581\">Die Fragen sind ehrlich und manchmal konfrontativ.<br data-start=\"499\" data-end=\"502\" \/>Zum Beispiel: <em data-start=\"516\" data-end=\"549\">Wie m\u00f6chte ich mich diese Woche f\u00fchlen?<\/em><br data-start=\"549\" data-end=\"552\" \/>oder <em data-start=\"555\" data-end=\"581\">Wovon habe ich genossen?<\/em><\/p><p data-start=\"583\" data-end=\"697\">Das Kartendeck funktioniert als eine t\u00e4gliche Erinnerung daran, was du eigentlich brauchst, noch bevor du wieder weitermachst.<\/p><p data-start=\"699\" data-end=\"820\">Du musst an nichts glauben und nichts richtig machen. Es ist nicht mit Religion oder sehr esoterischen Dingen verbunden.\u00a0<\/p><p data-start=\"699\" data-end=\"820\">Es ist nur ein <strong>Manier, um ab und zu zu sich selbst zur\u00fcckzukehren.<\/strong><\/p><p data-start=\"822\" data-end=\"946\">Und meistens trifft man dort auf etwas: Ruhe und ein bisschen mehr Raum, um aus Achtsamkeit statt aus Eile zu leben.<\/p>\t\t\t\t\t\t\t\t<\/div>\n\t\t\t\t<\/div>\n\t\t\t\t<div class=\"elementor-element elementor-element-de8901 elementor-widget elementor-widget-text-editor\" data-id=\"de8901\" data-element_type=\"widget\" data-e-type=\"widget\" data-widget_type=\"text-editor.default\">\n\t\t\t\t<div class=\"elementor-widget-container\">\n\t\t\t\t\t\t\t\t\t<p><a href=\"\/de\/shop\/\"><span style=\"text-decoration: underline;\">Direkt zum Gesch\u00e4ft<\/span><\/a><\/p>\t\t\t\t\t\t\t\t<\/div>\n\t\t\t\t<\/div>\n\t\t\t\t<\/div>\n\t\t\t\t<\/div>\n\t\t<div class=\"elementor-element elementor-element-56de1e8b e-con-full e-flex e-con e-child\" data-id=\"56de1e8b\" data-element_type=\"container\" data-e-type=\"container\">\n\t\t<div class=\"elementor-element elementor-element-6a4d7a34 e-con-full e-flex e-con e-child\" data-id=\"6a4d7a34\" data-element_type=\"container\" data-e-type=\"container\">\n\t\t\t\t<div class=\"elementor-element elementor-element-4c3b3895 elementor-widget elementor-widget-text-editor\" data-id=\"4c3b3895\" data-element_type=\"widget\" data-e-type=\"widget\" data-widget_type=\"text-editor.default\">\n\t\t\t\t<div class=\"elementor-widget-container\">\n\t\t\t\t\t\t\t\t\t<p>\u00dcber Hilde<\/p>\t\t\t\t\t\t\t\t<\/div>\n\t\t\t\t<\/div>\n\t\t\t\t<div class=\"elementor-element elementor-element-7c6d673d elementor-widget elementor-widget-text-editor\" data-id=\"7c6d673d\" data-element_type=\"widget\" data-e-type=\"widget\" data-widget_type=\"text-editor.default\">\n\t\t\t\t<div class=\"elementor-widget-container\">\n\t\t\t\t\t\t\t\t\t<h3>The essence of slowing down<\/h3>\t\t\t\t\t\t\t\t<\/div>\n\t\t\t\t<\/div>\n\t\t\t\t<div class=\"elementor-element elementor-element-3e0daa57 elementor-widget-mobile__width-inherit elementor-widget elementor-widget-text-editor\" data-id=\"3e0daa57\" data-element_type=\"widget\" data-e-type=\"widget\" data-widget_type=\"text-editor.default\">\n\t\t\t\t<div class=\"elementor-widget-container\">\n\t\t\t\t\t\t\t\t\t<p data-start=\"2667\" data-end=\"2716\">Vertragen betekent niet dat je <strong>Ambition<\/strong> verschwindet. Oder dass Sie sich nur ausruhen.<\/p><p data-start=\"2718\" data-end=\"2738\">Es bedeutet, dass du:<\/p><ul data-start=\"2739\" data-end=\"2880\"><li data-start=\"2739\" data-end=\"2774\"><p data-start=\"2741\" data-end=\"2774\">Der Held\/die Heldin merkt, was wichtig ist.<\/p><\/li><li data-start=\"2775\" data-end=\"2807\"><p data-start=\"2777\" data-end=\"2807\">den ganzen Tag eingeschaltet sein<\/p><\/li><li data-start=\"2808\" data-end=\"2835\"><p data-start=\"2810\" data-end=\"2835\">Entscheidungen trifft ohne Eile<\/p><\/li><li data-start=\"2836\" data-end=\"2880\"><p data-start=\"2838\" data-end=\"2880\">Energie overhouden aan het einde van je dag\/week<\/p><\/li><\/ul><p>Was <span style=\"font-family: -apple-system, BlinkMacSystemFont, 'Segoe UI', Roboto, 'Helvetica Neue', Arial, 'Noto Sans', sans-serif, 'Apple Color Emoji', 'Segoe UI Emoji', 'Segoe UI Symbol', 'Noto Color Emoji';\">die ich immer wieder sehe, ist, dass die Menschen nicht m\u00fcde sind von all den Dingen, die sie tun, sondern davon, nicht klar zu haben, was sie <strong>Priorit\u00e4ten.<\/strong><\/span><\/p><p data-start=\"2988\" data-end=\"3100\">Wenn du einen festen Ankerpunkt an einem Tag oder in der Woche hast, ver\u00e4ndert sich etwas.\u00a0<\/p><p data-start=\"3102\" data-end=\"3162\">Du wirst nicht langsamer leben.<br data-start=\"3131\" data-end=\"3134\" \/>Du lebst weniger zerst\u00fcckelt.<\/p><p data-start=\"3102\" data-end=\"3162\">Mit mehr Fokus. Mehr Aufmerksamkeit. Mehr Liebe. Mehr Dankbarkeit f\u00fcr das, was ist, anstatt st\u00e4ndig besch\u00e4ftigt zu sein mit <em>Das n\u00e4chste Ding.<\/em><\/p>\t\t\t\t\t\t\t\t<\/div>\n\t\t\t\t<\/div>\n\t\t\t\t<\/div>\n\t\t\t\t<div class=\"elementor-element elementor-element-2ebb3770 elementor-widget elementor-widget-image\" data-id=\"2ebb3770\" data-element_type=\"widget\" data-e-type=\"widget\" data-widget_type=\"image.default\">\n\t\t\t\t<div class=\"elementor-widget-container\">\n\t\t\t\t\t\t\t\t\t\t\t\t\t\t\t<img decoding=\"async\" width=\"1707\" height=\"2560\" src=\"https:\/\/mon-day.nl\/wp-content\/uploads\/2026\/02\/Hilde2026-126-scaled.jpg\" class=\"attachment-full size-full wp-image-15911\" alt=\"\" srcset=\"https:\/\/mon-day.nl\/wp-content\/uploads\/2026\/02\/Hilde2026-126-scaled.jpg 1707w, https:\/\/mon-day.nl\/wp-content\/uploads\/2026\/02\/Hilde2026-126-200x300.jpg 200w, https:\/\/mon-day.nl\/wp-content\/uploads\/2026\/02\/Hilde2026-126-683x1024.jpg 683w, https:\/\/mon-day.nl\/wp-content\/uploads\/2026\/02\/Hilde2026-126-768x1152.jpg 768w, https:\/\/mon-day.nl\/wp-content\/uploads\/2026\/02\/Hilde2026-126-1024x1536.jpg 1024w, https:\/\/mon-day.nl\/wp-content\/uploads\/2026\/02\/Hilde2026-126-1365x2048.jpg 1365w, https:\/\/mon-day.nl\/wp-content\/uploads\/2026\/02\/Hilde2026-126-900x1350.jpg 900w\" sizes=\"(max-width: 1707px) 100vw, 1707px\" \/>\t\t\t\t\t\t\t\t\t\t\t\t\t\t\t<\/div>\n\t\t\t\t<\/div>\n\t\t\t\t<\/div>\n\t\t\t\t\t<\/div>\n\t\t\t\t<\/div>\n\t\t\t\t<section class=\"elementor-section elementor-top-section elementor-element elementor-element-3fee6f00 elementor-section-boxed elementor-section-height-default elementor-section-height-default\" data-id=\"3fee6f00\" data-element_type=\"section\" data-e-type=\"section\">\n\t\t\t\t\t\t<div class=\"elementor-container elementor-column-gap-default\">\n\t\t\t\t\t<div class=\"elementor-column elementor-col-100 elementor-top-column elementor-element elementor-element-2bf708c\" data-id=\"2bf708c\" data-element_type=\"column\" data-e-type=\"column\">\n\t\t\t<div class=\"elementor-widget-wrap\">\n\t\t\t\t\t\t\t<\/div>\n\t\t<\/div>\n\t\t\t\t\t<\/div>\n\t\t<\/section>\n\t\t\t\t<\/div>","protected":false},"excerpt":{"rendered":"<p>Over Hilde creator, entrepreneur, (twin)mom, speaker, daydreamer November 2019. Ik lag op de bank met een slapende baby op mijn borst. Het huis was stil, mijn agenda stond stil, en voor het eerst in lange tijd hoefde ik nergens heen. En tegelijk dacht ik:ik wil eigenlijk heel graag weer meedoen met het leven. Niet omdat [&hellip;]<\/p>\n","protected":false},"author":1,"featured_media":0,"parent":0,"menu_order":0,"comment_status":"closed","ping_status":"closed","template":"elementor_header_footer","meta":{"_exactmetrics_skip_tracking":false,"_exactmetrics_sitenote_active":false,"_exactmetrics_sitenote_note":"","_exactmetrics_sitenote_category":0,"footnotes":""},"class_list":["post-550","page","type-page","status-publish","hentry"],"yoast_head":"<!-- This site is optimized with the Yoast SEO plugin v27.4 - https:\/\/yoast.com\/product\/yoast-seo-wordpress\/ -->\n<title>About &#8226; Monday<\/title>\n<meta name=\"robots\" content=\"index, follow, max-snippet:-1, max-image-preview:large, max-video-preview:-1\" \/>\n<link rel=\"canonical\" href=\"https:\/\/mon-day.nl\/de\/uber\/\" \/>\n<meta property=\"og:locale\" content=\"de_DE\" \/>\n<meta property=\"og:type\" content=\"article\" \/>\n<meta property=\"og:title\" content=\"About &#8226; Monday\" \/>\n<meta property=\"og:description\" content=\"Over Hilde creator, entrepreneur, (twin)mom, speaker, daydreamer November 2019. Ik lag op de bank met een slapende baby op mijn borst. Het huis was stil, mijn agenda stond stil, en voor het eerst in lange tijd hoefde ik nergens heen. En tegelijk dacht ik:ik wil eigenlijk heel graag weer meedoen met het leven. Niet omdat [&hellip;]\" \/>\n<meta property=\"og:url\" content=\"https:\/\/mon-day.nl\/de\/uber\/\" \/>\n<meta property=\"og:site_name\" content=\"Monday\" \/>\n<meta property=\"article:modified_time\" content=\"2026-03-09T11:10:37+00:00\" \/>\n<meta property=\"og:image\" content=\"https:\/\/mon-day.nl\/wp-content\/uploads\/2026\/03\/Hilde2026-031-scaled.jpg\" \/>\n\t<meta property=\"og:image:width\" content=\"1707\" \/>\n\t<meta property=\"og:image:height\" content=\"2560\" \/>\n\t<meta property=\"og:image:type\" content=\"image\/jpeg\" \/>\n<meta name=\"twitter:card\" content=\"summary_large_image\" \/>\n<meta name=\"twitter:label1\" content=\"Gesch\u00e4tzte Lesezeit\" \/>\n\t<meta name=\"twitter:data1\" content=\"3\u00a0Minuten\" \/>\n<script type=\"application\/ld+json\" class=\"yoast-schema-graph\">{\"@context\":\"https:\\\/\\\/schema.org\",\"@graph\":[{\"@type\":\"WebPage\",\"@id\":\"https:\\\/\\\/mon-day.nl\\\/about\\\/\",\"url\":\"https:\\\/\\\/mon-day.nl\\\/about\\\/\",\"name\":\"About &#8226; Monday\",\"isPartOf\":{\"@id\":\"https:\\\/\\\/mon-day.nl\\\/#website\"},\"primaryImageOfPage\":{\"@id\":\"https:\\\/\\\/mon-day.nl\\\/about\\\/#primaryimage\"},\"image\":{\"@id\":\"https:\\\/\\\/mon-day.nl\\\/about\\\/#primaryimage\"},\"thumbnailUrl\":\"https:\\\/\\\/mon-day.nl\\\/wp-content\\\/uploads\\\/2026\\\/03\\\/Hilde2026-031-scaled.jpg\",\"datePublished\":\"2023-05-23T08:58:48+00:00\",\"dateModified\":\"2026-03-09T11:10:37+00:00\",\"breadcrumb\":{\"@id\":\"https:\\\/\\\/mon-day.nl\\\/about\\\/#breadcrumb\"},\"inLanguage\":\"de\",\"potentialAction\":[{\"@type\":\"ReadAction\",\"target\":[\"https:\\\/\\\/mon-day.nl\\\/about\\\/\"]}]},{\"@type\":\"ImageObject\",\"inLanguage\":\"de\",\"@id\":\"https:\\\/\\\/mon-day.nl\\\/about\\\/#primaryimage\",\"url\":\"https:\\\/\\\/mon-day.nl\\\/wp-content\\\/uploads\\\/2026\\\/03\\\/Hilde2026-031-scaled.jpg\",\"contentUrl\":\"https:\\\/\\\/mon-day.nl\\\/wp-content\\\/uploads\\\/2026\\\/03\\\/Hilde2026-031-scaled.jpg\"},{\"@type\":\"BreadcrumbList\",\"@id\":\"https:\\\/\\\/mon-day.nl\\\/about\\\/#breadcrumb\",\"itemListElement\":[{\"@type\":\"ListItem\",\"position\":1,\"name\":\"Home\",\"item\":\"https:\\\/\\\/mon-day.nl\\\/\"},{\"@type\":\"ListItem\",\"position\":2,\"name\":\"About\"}]},{\"@type\":\"WebSite\",\"@id\":\"https:\\\/\\\/mon-day.nl\\\/#website\",\"url\":\"https:\\\/\\\/mon-day.nl\\\/\",\"name\":\"Mon-day.nl\",\"description\":\"Slow down products for daily life\",\"publisher\":{\"@id\":\"https:\\\/\\\/mon-day.nl\\\/#organization\"},\"potentialAction\":[{\"@type\":\"SearchAction\",\"target\":{\"@type\":\"EntryPoint\",\"urlTemplate\":\"https:\\\/\\\/mon-day.nl\\\/?s={search_term_string}\"},\"query-input\":{\"@type\":\"PropertyValueSpecification\",\"valueRequired\":true,\"valueName\":\"search_term_string\"}}],\"inLanguage\":\"de\"},{\"@type\":\"Organization\",\"@id\":\"https:\\\/\\\/mon-day.nl\\\/#organization\",\"name\":\"Monday NL\",\"url\":\"https:\\\/\\\/mon-day.nl\\\/\",\"logo\":{\"@type\":\"ImageObject\",\"inLanguage\":\"de\",\"@id\":\"https:\\\/\\\/mon-day.nl\\\/#\\\/schema\\\/logo\\\/image\\\/\",\"url\":\"https:\\\/\\\/mon-day.nl\\\/wp-content\\\/uploads\\\/2023\\\/05\\\/cropped-Instagram-deel-5-5.jpg\",\"contentUrl\":\"https:\\\/\\\/mon-day.nl\\\/wp-content\\\/uploads\\\/2023\\\/05\\\/cropped-Instagram-deel-5-5.jpg\",\"width\":512,\"height\":512,\"caption\":\"Monday NL\"},\"image\":{\"@id\":\"https:\\\/\\\/mon-day.nl\\\/#\\\/schema\\\/logo\\\/image\\\/\"},\"sameAs\":[\"https:\\\/\\\/www.instagram.com\\\/monday_nl\\\/\"]}]}<\/script>\n<!-- \/ Yoast SEO plugin. -->","yoast_head_json":{"title":"\u00dcber \u2022 Montag","robots":{"index":"index","follow":"follow","max-snippet":"max-snippet:-1","max-image-preview":"max-image-preview:large","max-video-preview":"max-video-preview:-1"},"canonical":"https:\/\/mon-day.nl\/de\/uber\/","og_locale":"de_DE","og_type":"article","og_title":"About &#8226; Monday","og_description":"Over Hilde creator, entrepreneur, (twin)mom, speaker, daydreamer November 2019. Ik lag op de bank met een slapende baby op mijn borst. Het huis was stil, mijn agenda stond stil, en voor het eerst in lange tijd hoefde ik nergens heen. En tegelijk dacht ik:ik wil eigenlijk heel graag weer meedoen met het leven. Niet omdat [&hellip;]","og_url":"https:\/\/mon-day.nl\/de\/uber\/","og_site_name":"Monday","article_modified_time":"2026-03-09T11:10:37+00:00","og_image":[{"width":1707,"height":2560,"url":"https:\/\/mon-day.nl\/wp-content\/uploads\/2026\/03\/Hilde2026-031-scaled.jpg","type":"image\/jpeg"}],"twitter_card":"summary_large_image","twitter_misc":{"Gesch\u00e4tzte Lesezeit":"3\u00a0Minuten"},"schema":{"@context":"https:\/\/schema.org","@graph":[{"@type":"WebPage","@id":"https:\/\/mon-day.nl\/about\/","url":"https:\/\/mon-day.nl\/about\/","name":"\u00dcber \u2022 Montag","isPartOf":{"@id":"https:\/\/mon-day.nl\/#website"},"primaryImageOfPage":{"@id":"https:\/\/mon-day.nl\/about\/#primaryimage"},"image":{"@id":"https:\/\/mon-day.nl\/about\/#primaryimage"},"thumbnailUrl":"https:\/\/mon-day.nl\/wp-content\/uploads\/2026\/03\/Hilde2026-031-scaled.jpg","datePublished":"2023-05-23T08:58:48+00:00","dateModified":"2026-03-09T11:10:37+00:00","breadcrumb":{"@id":"https:\/\/mon-day.nl\/about\/#breadcrumb"},"inLanguage":"de","potentialAction":[{"@type":"ReadAction","target":["https:\/\/mon-day.nl\/about\/"]}]},{"@type":"ImageObject","inLanguage":"de","@id":"https:\/\/mon-day.nl\/about\/#primaryimage","url":"https:\/\/mon-day.nl\/wp-content\/uploads\/2026\/03\/Hilde2026-031-scaled.jpg","contentUrl":"https:\/\/mon-day.nl\/wp-content\/uploads\/2026\/03\/Hilde2026-031-scaled.jpg"},{"@type":"BreadcrumbList","@id":"https:\/\/mon-day.nl\/about\/#breadcrumb","itemListElement":[{"@type":"ListItem","position":1,"name":"Home","item":"https:\/\/mon-day.nl\/"},{"@type":"ListItem","position":2,"name":"About"}]},{"@type":"WebSite","@id":"https:\/\/mon-day.nl\/#website","url":"https:\/\/mon-day.nl\/","name":"Mon-day.co.uk","description":"Entschleunigungsprodukte f\u00fcr das t\u00e4gliche Leben","publisher":{"@id":"https:\/\/mon-day.nl\/#organization"},"potentialAction":[{"@type":"SearchAction","target":{"@type":"EntryPoint","urlTemplate":"https:\/\/mon-day.nl\/?s={search_term_string}"},"query-input":{"@type":"PropertyValueSpecification","valueRequired":true,"valueName":"search_term_string"}}],"inLanguage":"de"},{"@type":"Organization","@id":"https:\/\/mon-day.nl\/#organization","name":"Montag DE","url":"https:\/\/mon-day.nl\/","logo":{"@type":"ImageObject","inLanguage":"de","@id":"https:\/\/mon-day.nl\/#\/schema\/logo\/image\/","url":"https:\/\/mon-day.nl\/wp-content\/uploads\/2023\/05\/cropped-Instagram-deel-5-5.jpg","contentUrl":"https:\/\/mon-day.nl\/wp-content\/uploads\/2023\/05\/cropped-Instagram-deel-5-5.jpg","width":512,"height":512,"caption":"Monday NL"},"image":{"@id":"https:\/\/mon-day.nl\/#\/schema\/logo\/image\/"},"sameAs":["https:\/\/www.instagram.com\/monday_nl\/"]}]}},"jetpack_sharing_enabled":true,"_links":{"self":[{"href":"https:\/\/mon-day.nl\/de\/wp-json\/wp\/v2\/pages\/550","targetHints":{"allow":["GET"]}}],"collection":[{"href":"https:\/\/mon-day.nl\/de\/wp-json\/wp\/v2\/pages"}],"about":[{"href":"https:\/\/mon-day.nl\/de\/wp-json\/wp\/v2\/types\/page"}],"author":[{"embeddable":true,"href":"https:\/\/mon-day.nl\/de\/wp-json\/wp\/v2\/users\/1"}],"replies":[{"embeddable":true,"href":"https:\/\/mon-day.nl\/de\/wp-json\/wp\/v2\/comments?post=550"}],"version-history":[{"count":56,"href":"https:\/\/mon-day.nl\/de\/wp-json\/wp\/v2\/pages\/550\/revisions"}],"predecessor-version":[{"id":16457,"href":"https:\/\/mon-day.nl\/de\/wp-json\/wp\/v2\/pages\/550\/revisions\/16457"}],"wp:attachment":[{"href":"https:\/\/mon-day.nl\/de\/wp-json\/wp\/v2\/media?parent=550"}],"curies":[{"name":"wp","href":"https:\/\/api.w.org\/{rel}","templated":true}]}}